{"id":569,"date":"2023-08-17T07:45:40","date_gmt":"2023-08-17T07:45:40","guid":{"rendered":"https:\/\/www.ratani.in\/?page_id=569"},"modified":"2023-09-01T13:01:41","modified_gmt":"2023-09-01T13:01:41","slug":"cat-eye-granite-manufacturer-and-exporter","status":"publish","type":"page","link":"https:\/\/www.ratani.in\/fr\/cat-eye-granite-manufacturer-and-exporter\/","title":{"rendered":"Granit Cat Eye"},"content":{"rendered":"<p>Le granit Cat Eye en Inde est un type de granit connu pour son apparence visuelle frappante, rappelant les yeux captivants d&#8217;un chat. Ce granit unique pr\u00e9sente un m\u00e9lange de couleurs riches, comprenant des noirs profonds, des gris fonc\u00e9s et des taches contrast\u00e9es de tons dor\u00e9s ou ambr\u00e9s. L&#8217;interaction de ces couleurs \u00e0 l&#8217;int\u00e9rieur de la pierre cr\u00e9e un effet visuel captivant, d&#8217;o\u00f9 son nom de &#8220;Cat Eye Granite&#8221; extrait des carri\u00e8res de granit indiennes.<\/p>\n<p>La surface du granit Cat Eye est g\u00e9n\u00e9ralement polie pour obtenir un brillant \u00e9lev\u00e9, am\u00e9liorant sa beaut\u00e9 naturelle et mettant en valeur la profondeur et l&#8217;intensit\u00e9 de ses couleurs. Les couleurs de base noires et grises fournissent un arri\u00e8re-plan solide et sophistiqu\u00e9, tandis que les taches dor\u00e9es ou ambr\u00e9es ajoutent une touche de chaleur et de brillance \u00e0 l&#8217;apparence g\u00e9n\u00e9rale.<\/p>\n<p>Les dalles de granit Cat Eye sont un choix populaire pour les<\/p>\n<p>plans de travail, les rev\u00eatements de sol et les rev\u00eatements muraux dans les espaces r\u00e9sidentiels et commerciaux.<\/p>\n","protected":false},"excerpt":{"rendered":"<p>Le granit Cat Eye en Inde est un type de granit connu pour son apparence visuelle frappante, rappelant les yeux captivants d&#8217;un chat. Ce granit unique pr\u00e9sente un m\u00e9lange de couleurs riches, comprenant des noirs profonds, des gris fonc\u00e9s et des taches contrast\u00e9es de tons dor\u00e9s ou ambr\u00e9s. L&#8217;interaction de ces couleurs \u00e0 l&#8217;int\u00e9rieur de &hellip; <a href=\"https:\/\/www.ratani.in\/fr\/cat-eye-granite-manufacturer-and-exporter\/\" class=\"more-link\">Continue reading<span class=\"screen-reader-text\"> &#8220;Granit Cat Eye&#8221;<\/span><\/a><\/p>\n","protected":false},"author":1,"featured_media":1055,"parent":0,"menu_order":0,"comment_status":"closed","ping_status":"closed","template":"page-templates\/product.php","meta":{"footnotes":""},"translation":{"provider":"WPGlobus","version":"2.12.2","language":"fr","enabled_languages":["en","es","fr","ru","ar","zh","pt"],"languages":{"en":{"title":true,"content":true,"excerpt":false},"es":{"title":true,"content":true,"excerpt":false},"fr":{"title":true,"content":true,"excerpt":false},"ru":{"title":true,"content":true,"excerpt":false},"ar":{"title":true,"content":true,"excerpt":false},"zh":{"title":true,"content":true,"excerpt":false},"pt":{"title":true,"content":true,"excerpt":false}}},"acf":[],"_links":{"self":[{"href":"https:\/\/www.ratani.in\/fr\/wp-json\/wp\/v2\/pages\/569"}],"collection":[{"href":"https:\/\/www.ratani.in\/fr\/wp-json\/wp\/v2\/pages"}],"about":[{"href":"https:\/\/www.ratani.in\/fr\/wp-json\/wp\/v2\/types\/page"}],"author":[{"embeddable":true,"href":"https:\/\/www.ratani.in\/fr\/wp-json\/wp\/v2\/users\/1"}],"replies":[{"embeddable":true,"href":"https:\/\/www.ratani.in\/fr\/wp-json\/wp\/v2\/comments?post=569"}],"version-history":[{"count":11,"href":"https:\/\/www.ratani.in\/fr\/wp-json\/wp\/v2\/pages\/569\/revisions"}],"predecessor-version":[{"id":2444,"href":"https:\/\/www.ratani.in\/fr\/wp-json\/wp\/v2\/pages\/569\/revisions\/2444"}],"wp:featuredmedia":[{"embeddable":true,"href":"https:\/\/www.ratani.in\/fr\/wp-json\/wp\/v2\/media\/1055"}],"wp:attachment":[{"href":"https:\/\/www.ratani.in\/fr\/wp-json\/wp\/v2\/media?parent=569"}],"curies":[{"name":"wp","href":"https:\/\/api.w.org\/{rel}","templated":true}]}}