{"id":579,"date":"2023-08-17T07:47:36","date_gmt":"2023-08-17T07:47:36","guid":{"rendered":"https:\/\/www.ratani.in\/?page_id=579"},"modified":"2023-09-01T12:57:56","modified_gmt":"2023-09-01T12:57:56","slug":"coffee-brown-granite-manufacturer-and-exporter","status":"publish","type":"page","link":"https:\/\/www.ratani.in\/fr\/coffee-brown-granite-manufacturer-and-exporter\/","title":{"rendered":"Granit brun caf\u00e9"},"content":{"rendered":"<p>Le granit brun caf\u00e9 d&#8217;Inde est une pierre naturelle chaleureuse et accueillante, connue pour ses riches tons bruns et ses motifs distinctifs. Il pr\u00e9sente g\u00e9n\u00e9ralement une couleur de base brun fonc\u00e9 avec des tourbillons et des taches plus claires de brun, de caramel et parfois de noir. Les motifs dans le granit brun caf\u00e9 ressemblent aux tourbillons et aux ondulations dans une tasse de caf\u00e9, d&#8217;o\u00f9 son nom.<\/p>\n<p>Ce granit apporte une sensation de chaleur et de confort \u00e0 tout espace, ce qui en fait un choix populaire pour les plans de travail, les rev\u00eatements de sol et d&#8217;autres applications int\u00e9rieures. Les tons terreux du granit brun caf\u00e9 se marient bien avec une vari\u00e9t\u00e9 de styles de design, du traditionnel au contemporain. Sa durabilit\u00e9, sa r\u00e9sistance \u00e0 la chaleur et sa facilit\u00e9 d&#8217;entretien en font une option pratique et visuellement attrayante pour ceux qui recherchent une pierre naturelle offrant \u00e0 la fois des avantages esth\u00e9tiques et fonctionnels.<\/p>\n","protected":false},"excerpt":{"rendered":"<p>Le granit brun caf\u00e9 d&#8217;Inde est une pierre naturelle chaleureuse et accueillante, connue pour ses riches tons bruns et ses motifs distinctifs. Il pr\u00e9sente g\u00e9n\u00e9ralement une couleur de base brun fonc\u00e9 avec des tourbillons et des taches plus claires de brun, de caramel et parfois de noir. Les motifs dans le granit brun caf\u00e9 ressemblent &hellip; <a href=\"https:\/\/www.ratani.in\/fr\/coffee-brown-granite-manufacturer-and-exporter\/\" class=\"more-link\">Continue reading<span class=\"screen-reader-text\"> &#8220;Granit brun caf\u00e9&#8221;<\/span><\/a><\/p>\n","protected":false},"author":1,"featured_media":584,"parent":0,"menu_order":0,"comment_status":"closed","ping_status":"closed","template":"page-templates\/product.php","meta":{"footnotes":""},"translation":{"provider":"WPGlobus","version":"2.12.2","language":"fr","enabled_languages":["en","es","fr","ru","ar","zh","pt"],"languages":{"en":{"title":true,"content":true,"excerpt":false},"es":{"title":true,"content":true,"excerpt":false},"fr":{"title":true,"content":true,"excerpt":false},"ru":{"title":true,"content":true,"excerpt":false},"ar":{"title":true,"content":true,"excerpt":false},"zh":{"title":true,"content":true,"excerpt":false},"pt":{"title":true,"content":true,"excerpt":false}}},"acf":[],"_links":{"self":[{"href":"https:\/\/www.ratani.in\/fr\/wp-json\/wp\/v2\/pages\/579"}],"collection":[{"href":"https:\/\/www.ratani.in\/fr\/wp-json\/wp\/v2\/pages"}],"about":[{"href":"https:\/\/www.ratani.in\/fr\/wp-json\/wp\/v2\/types\/page"}],"author":[{"embeddable":true,"href":"https:\/\/www.ratani.in\/fr\/wp-json\/wp\/v2\/users\/1"}],"replies":[{"embeddable":true,"href":"https:\/\/www.ratani.in\/fr\/wp-json\/wp\/v2\/comments?post=579"}],"version-history":[{"count":11,"href":"https:\/\/www.ratani.in\/fr\/wp-json\/wp\/v2\/pages\/579\/revisions"}],"predecessor-version":[{"id":2213,"href":"https:\/\/www.ratani.in\/fr\/wp-json\/wp\/v2\/pages\/579\/revisions\/2213"}],"wp:featuredmedia":[{"embeddable":true,"href":"https:\/\/www.ratani.in\/fr\/wp-json\/wp\/v2\/media\/584"}],"wp:attachment":[{"href":"https:\/\/www.ratani.in\/fr\/wp-json\/wp\/v2\/media?parent=579"}],"curies":[{"name":"wp","href":"https:\/\/api.w.org\/{rel}","templated":true}]}}