{"id":589,"date":"2023-08-17T07:49:08","date_gmt":"2023-08-17T07:49:08","guid":{"rendered":"https:\/\/www.ratani.in\/?page_id=589"},"modified":"2023-09-01T12:56:13","modified_gmt":"2023-09-01T12:56:13","slug":"tan-brown-granite-manufacturer-and-exporter","status":"publish","type":"page","link":"https:\/\/www.ratani.in\/fr\/tan-brown-granite-manufacturer-and-exporter\/","title":{"rendered":"Granit tan brun"},"content":{"rendered":"<p>Le granit tan brun est une pierre naturelle populaire connue pour son apparence chaleureuse et accueillante. Les carri\u00e8res de granit tan brun produisent des blocs de granit de couleur de base allant du brun fonc\u00e9 au noir, avec un motif coh\u00e9rent de taches ou de veines plus claires de brun rouge\u00e2tre. Cette combinaison de couleurs cr\u00e9e un contraste magnifique et ajoute de la profondeur \u00e0 l&#8217;apparence de la pierre. Les taches et les veines peuvent varier en taille et en densit\u00e9, donnant \u00e0 chaque dalle une apparence unique et pleine de caract\u00e8re. Le granit tan brun est tr\u00e8s polyvalent et peut \u00eatre utilis\u00e9 dans diverses applications telles que les plans de travail, les rev\u00eatements de sol, les rev\u00eatements muraux et les murs d&#8217;accent. Sa durabilit\u00e9, sa r\u00e9sistance \u00e0 la chaleur et sa capacit\u00e9 \u00e0 bien s&#8217;int\u00e9grer \u00e0 diff\u00e9rents styles de design en font un choix populaire parmi les propri\u00e9taires et les designers.<\/p>\n","protected":false},"excerpt":{"rendered":"<p>Le granit tan brun est une pierre naturelle populaire connue pour son apparence chaleureuse et accueillante. Les carri\u00e8res de granit tan brun produisent des blocs de granit de couleur de base allant du brun fonc\u00e9 au noir, avec un motif coh\u00e9rent de taches ou de veines plus claires de brun rouge\u00e2tre. Cette combinaison de couleurs &hellip; <a href=\"https:\/\/www.ratani.in\/fr\/tan-brown-granite-manufacturer-and-exporter\/\" class=\"more-link\">Continue reading<span class=\"screen-reader-text\"> &#8220;Granit tan brun&#8221;<\/span><\/a><\/p>\n","protected":false},"author":1,"featured_media":590,"parent":0,"menu_order":0,"comment_status":"closed","ping_status":"closed","template":"page-templates\/product.php","meta":{"footnotes":""},"translation":{"provider":"WPGlobus","version":"2.12.2","language":"fr","enabled_languages":["en","es","fr","ru","ar","zh","pt"],"languages":{"en":{"title":true,"content":true,"excerpt":false},"es":{"title":true,"content":true,"excerpt":false},"fr":{"title":true,"content":true,"excerpt":false},"ru":{"title":true,"content":true,"excerpt":false},"ar":{"title":true,"content":true,"excerpt":false},"zh":{"title":true,"content":true,"excerpt":false},"pt":{"title":true,"content":true,"excerpt":false}}},"acf":[],"_links":{"self":[{"href":"https:\/\/www.ratani.in\/fr\/wp-json\/wp\/v2\/pages\/589"}],"collection":[{"href":"https:\/\/www.ratani.in\/fr\/wp-json\/wp\/v2\/pages"}],"about":[{"href":"https:\/\/www.ratani.in\/fr\/wp-json\/wp\/v2\/types\/page"}],"author":[{"embeddable":true,"href":"https:\/\/www.ratani.in\/fr\/wp-json\/wp\/v2\/users\/1"}],"replies":[{"embeddable":true,"href":"https:\/\/www.ratani.in\/fr\/wp-json\/wp\/v2\/comments?post=589"}],"version-history":[{"count":10,"href":"https:\/\/www.ratani.in\/fr\/wp-json\/wp\/v2\/pages\/589\/revisions"}],"predecessor-version":[{"id":1899,"href":"https:\/\/www.ratani.in\/fr\/wp-json\/wp\/v2\/pages\/589\/revisions\/1899"}],"wp:featuredmedia":[{"embeddable":true,"href":"https:\/\/www.ratani.in\/fr\/wp-json\/wp\/v2\/media\/590"}],"wp:attachment":[{"href":"https:\/\/www.ratani.in\/fr\/wp-json\/wp\/v2\/media?parent=589"}],"curies":[{"name":"wp","href":"https:\/\/api.w.org\/{rel}","templated":true}]}}