{"id":609,"date":"2023-08-17T08:13:51","date_gmt":"2023-08-17T08:13:51","guid":{"rendered":"https:\/\/www.ratani.in\/?page_id=609"},"modified":"2023-09-01T13:06:27","modified_gmt":"2023-09-01T13:06:27","slug":"colonial-gold-granite-manufacturer-and-exporter","status":"publish","type":"page","link":"https:\/\/www.ratani.in\/fr\/colonial-gold-granite-manufacturer-and-exporter\/","title":{"rendered":"Granit dor\u00e9 colonial"},"content":{"rendered":"<p>Le granit dor\u00e9 colonial est une pierre naturelle captivante connue pour son apparence chaleureuse et accueillante. Il pr\u00e9sente une couleur de base dor\u00e9e ou beige avec des motifs complexes et des veines dans des nuances de brun, de gris et parfois de noir. Les motifs dans le granit dor\u00e9 colonial ressemblent aux coups de pinceau d&#8217;un artiste, cr\u00e9ant une surface visuellement dynamique et attrayante. Ce granit pr\u00e9sente un magnifique m\u00e9lange de couleurs qui ajoute de la profondeur et du caract\u00e8re \u00e0 n&#8217;importe quel espace.<\/p>\n<p>En tant que principal exportateur de granit \u00e0 Chennai, en Inde, nous croyons que le granit dor\u00e9 colonial est souvent utilis\u00e9 pour les plans de travail, les rev\u00eatements muraux et les \u00e9l\u00e9ments d&#8217;accent, car il compl\u00e8te facilement diff\u00e9rents styles de design, du traditionnel au contemporain. Le granit dor\u00e9 colonial ajoute une touche de beaut\u00e9 naturelle et de sophistication \u00e0 toute application int\u00e9rieure ou ext\u00e9rieure.<\/p>\n","protected":false},"excerpt":{"rendered":"<p>Le granit dor\u00e9 colonial est une pierre naturelle captivante connue pour son apparence chaleureuse et accueillante. Il pr\u00e9sente une couleur de base dor\u00e9e ou beige avec des motifs complexes et des veines dans des nuances de brun, de gris et parfois de noir. Les motifs dans le granit dor\u00e9 colonial ressemblent aux coups de pinceau &hellip; <a href=\"https:\/\/www.ratani.in\/fr\/colonial-gold-granite-manufacturer-and-exporter\/\" class=\"more-link\">Continue reading<span class=\"screen-reader-text\"> &#8220;Granit dor\u00e9 colonial&#8221;<\/span><\/a><\/p>\n","protected":false},"author":1,"featured_media":613,"parent":0,"menu_order":0,"comment_status":"closed","ping_status":"closed","template":"page-templates\/product.php","meta":{"footnotes":""},"translation":{"provider":"WPGlobus","version":"2.12.2","language":"fr","enabled_languages":["en","es","fr","ru","ar","zh","pt"],"languages":{"en":{"title":true,"content":true,"excerpt":false},"es":{"title":true,"content":true,"excerpt":false},"fr":{"title":true,"content":true,"excerpt":false},"ru":{"title":true,"content":true,"excerpt":false},"ar":{"title":true,"content":true,"excerpt":false},"zh":{"title":true,"content":true,"excerpt":false},"pt":{"title":true,"content":true,"excerpt":false}}},"acf":[],"_links":{"self":[{"href":"https:\/\/www.ratani.in\/fr\/wp-json\/wp\/v2\/pages\/609"}],"collection":[{"href":"https:\/\/www.ratani.in\/fr\/wp-json\/wp\/v2\/pages"}],"about":[{"href":"https:\/\/www.ratani.in\/fr\/wp-json\/wp\/v2\/types\/page"}],"author":[{"embeddable":true,"href":"https:\/\/www.ratani.in\/fr\/wp-json\/wp\/v2\/users\/1"}],"replies":[{"embeddable":true,"href":"https:\/\/www.ratani.in\/fr\/wp-json\/wp\/v2\/comments?post=609"}],"version-history":[{"count":10,"href":"https:\/\/www.ratani.in\/fr\/wp-json\/wp\/v2\/pages\/609\/revisions"}],"predecessor-version":[{"id":2563,"href":"https:\/\/www.ratani.in\/fr\/wp-json\/wp\/v2\/pages\/609\/revisions\/2563"}],"wp:featuredmedia":[{"embeddable":true,"href":"https:\/\/www.ratani.in\/fr\/wp-json\/wp\/v2\/media\/613"}],"wp:attachment":[{"href":"https:\/\/www.ratani.in\/fr\/wp-json\/wp\/v2\/media?parent=609"}],"curies":[{"name":"wp","href":"https:\/\/api.w.org\/{rel}","templated":true}]}}