{"id":619,"date":"2023-08-17T08:23:22","date_gmt":"2023-08-17T08:23:22","guid":{"rendered":"https:\/\/www.ratani.in\/?page_id=619"},"modified":"2023-09-01T13:04:05","modified_gmt":"2023-09-01T13:04:05","slug":"golden-beach-granite-manufacturer-and-exporter","status":"publish","type":"page","link":"https:\/\/www.ratani.in\/fr\/golden-beach-granite-manufacturer-and-exporter\/","title":{"rendered":"Granit dor\u00e9 de la plage"},"content":{"rendered":"<p>Le granit dor\u00e9 de la plage d&#8217;Inde est une superbe pierre naturelle connue pour son apparence chaude et rayonnante. Il pr\u00e9sente une couleur de base dor\u00e9e ou beige avec des motifs complexes et des veines dans des nuances de brun, de gris et parfois de noir. Les motifs dans le granit dor\u00e9 de la plage ressemblent au mouvement naturel du sable sur une plage, cr\u00e9ant une sensation de profondeur et de texture. Ce granit d\u00e9gage une sensation de chaleur et de tranquillit\u00e9, ce qui en fait un choix populaire pour cr\u00e9er des espaces accueillants et confortables. Les dalles de granit en coupe en Inde sont souvent utilis\u00e9es pour les plans de travail, les rev\u00eatements muraux et les \u00e9l\u00e9ments d&#8217;accent, car elles ajoutent une touche de beaut\u00e9 naturelle et d&#8217;\u00e9l\u00e9gance \u00e0 toute application int\u00e9rieure ou ext\u00e9rieure.<\/p>\n","protected":false},"excerpt":{"rendered":"<p>Le granit dor\u00e9 de la plage d&#8217;Inde est une superbe pierre naturelle connue pour son apparence chaude et rayonnante. Il pr\u00e9sente une couleur de base dor\u00e9e ou beige avec des motifs complexes et des veines dans des nuances de brun, de gris et parfois de noir. Les motifs dans le granit dor\u00e9 de la plage &hellip; <a href=\"https:\/\/www.ratani.in\/fr\/golden-beach-granite-manufacturer-and-exporter\/\" class=\"more-link\">Continue reading<span class=\"screen-reader-text\"> &#8220;Granit dor\u00e9 de la plage&#8221;<\/span><\/a><\/p>\n","protected":false},"author":1,"featured_media":627,"parent":0,"menu_order":0,"comment_status":"closed","ping_status":"closed","template":"page-templates\/product.php","meta":{"footnotes":""},"translation":{"provider":"WPGlobus","version":"2.12.2","language":"fr","enabled_languages":["en","es","fr","ru","ar","zh","pt"],"languages":{"en":{"title":true,"content":true,"excerpt":false},"es":{"title":true,"content":true,"excerpt":false},"fr":{"title":true,"content":true,"excerpt":false},"ru":{"title":true,"content":true,"excerpt":false},"ar":{"title":true,"content":true,"excerpt":false},"zh":{"title":true,"content":true,"excerpt":false},"pt":{"title":true,"content":true,"excerpt":false}}},"acf":[],"_links":{"self":[{"href":"https:\/\/www.ratani.in\/fr\/wp-json\/wp\/v2\/pages\/619"}],"collection":[{"href":"https:\/\/www.ratani.in\/fr\/wp-json\/wp\/v2\/pages"}],"about":[{"href":"https:\/\/www.ratani.in\/fr\/wp-json\/wp\/v2\/types\/page"}],"author":[{"embeddable":true,"href":"https:\/\/www.ratani.in\/fr\/wp-json\/wp\/v2\/users\/1"}],"replies":[{"embeddable":true,"href":"https:\/\/www.ratani.in\/fr\/wp-json\/wp\/v2\/comments?post=619"}],"version-history":[{"count":9,"href":"https:\/\/www.ratani.in\/fr\/wp-json\/wp\/v2\/pages\/619\/revisions"}],"predecessor-version":[{"id":2560,"href":"https:\/\/www.ratani.in\/fr\/wp-json\/wp\/v2\/pages\/619\/revisions\/2560"}],"wp:featuredmedia":[{"embeddable":true,"href":"https:\/\/www.ratani.in\/fr\/wp-json\/wp\/v2\/media\/627"}],"wp:attachment":[{"href":"https:\/\/www.ratani.in\/fr\/wp-json\/wp\/v2\/media?parent=619"}],"curies":[{"name":"wp","href":"https:\/\/api.w.org\/{rel}","templated":true}]}}