{"id":629,"date":"2023-08-17T09:12:50","date_gmt":"2023-08-17T09:12:50","guid":{"rendered":"https:\/\/www.ratani.in\/?page_id=629"},"modified":"2023-09-01T13:08:40","modified_gmt":"2023-09-01T13:08:40","slug":"imperial-gold-granite-manufacturer-and-exporter","status":"publish","type":"page","link":"https:\/\/www.ratani.in\/fr\/imperial-gold-granite-manufacturer-and-exporter\/","title":{"rendered":"Granit imp\u00e9rial dor\u00e9"},"content":{"rendered":"<p>Le granit imp\u00e9rial dor\u00e9 d&#8217;Inde est une superbe pierre naturelle luxueuse connue pour ses tons dor\u00e9s chauds et ses motifs exquis, avec ses mines de granit en Inde. C&#8217;est une vari\u00e9t\u00e9 tr\u00e8s recherch\u00e9e de granit qui ajoute une touche d&#8217;\u00e9l\u00e9gance et d&#8217;opulence \u00e0 n&#8217;importe quel espace.<\/p>\n<p>Le granit imp\u00e9rial dor\u00e9 pr\u00e9sente une couleur de base allant du jaune dor\u00e9 aux tons miel ou ambre. Il est compl\u00e9t\u00e9 par des motifs complexes, des veines et des taches dans diff\u00e9rentes nuances de brun, de gris et de noir. Ces formations naturelles cr\u00e9ent un sentiment de mouvement et d&#8217;int\u00e9r\u00eat visuel, donnant \u00e0 la pierre une apparence captivante et dynamique.<\/p>\n<p>Cette vari\u00e9t\u00e9 de granit est couramment utilis\u00e9e pour une large gamme d&#8217;applications int\u00e9rieures et ext\u00e9rieures. Il est souvent utilis\u00e9 pour les plans de travail de cuisine, les vanit\u00e9s de salle de bains, les rev\u00eatements de sol, les rev\u00eatements muraux, les chemin\u00e9es et les \u00e9l\u00e9ments d\u00e9coratifs.<\/p>\n<p>Le granit imp\u00e9rial dor\u00e9 apporte une sensation de grandeur et de richesse \u00e0 n&#8217;importe quel sch\u00e9ma de conception. Ses tons dor\u00e9s chaleureux cr\u00e9ent une ambiance accueillante et luxueuse, ce qui en fait un choix id\u00e9al pour les environnements traditionnels, classiques et m\u00eame contemporains.<\/p>\n","protected":false},"excerpt":{"rendered":"<p>Le granit imp\u00e9rial dor\u00e9 d&#8217;Inde est une superbe pierre naturelle luxueuse connue pour ses tons dor\u00e9s chauds et ses motifs exquis, avec ses mines de granit en Inde. C&#8217;est une vari\u00e9t\u00e9 tr\u00e8s recherch\u00e9e de granit qui ajoute une touche d&#8217;\u00e9l\u00e9gance et d&#8217;opulence \u00e0 n&#8217;importe quel espace. Le granit imp\u00e9rial dor\u00e9 pr\u00e9sente une couleur de base &hellip; <a href=\"https:\/\/www.ratani.in\/fr\/imperial-gold-granite-manufacturer-and-exporter\/\" class=\"more-link\">Continue reading<span class=\"screen-reader-text\"> &#8220;Granit imp\u00e9rial dor\u00e9&#8221;<\/span><\/a><\/p>\n","protected":false},"author":1,"featured_media":633,"parent":0,"menu_order":0,"comment_status":"closed","ping_status":"closed","template":"page-templates\/product.php","meta":{"footnotes":""},"translation":{"provider":"WPGlobus","version":"2.12.2","language":"fr","enabled_languages":["en","es","fr","ru","ar","zh","pt"],"languages":{"en":{"title":true,"content":true,"excerpt":false},"es":{"title":true,"content":true,"excerpt":false},"fr":{"title":true,"content":true,"excerpt":false},"ru":{"title":false,"content":false,"excerpt":false},"ar":{"title":true,"content":true,"excerpt":false},"zh":{"title":true,"content":true,"excerpt":false},"pt":{"title":true,"content":true,"excerpt":false}}},"acf":[],"_links":{"self":[{"href":"https:\/\/www.ratani.in\/fr\/wp-json\/wp\/v2\/pages\/629"}],"collection":[{"href":"https:\/\/www.ratani.in\/fr\/wp-json\/wp\/v2\/pages"}],"about":[{"href":"https:\/\/www.ratani.in\/fr\/wp-json\/wp\/v2\/types\/page"}],"author":[{"embeddable":true,"href":"https:\/\/www.ratani.in\/fr\/wp-json\/wp\/v2\/users\/1"}],"replies":[{"embeddable":true,"href":"https:\/\/www.ratani.in\/fr\/wp-json\/wp\/v2\/comments?post=629"}],"version-history":[{"count":11,"href":"https:\/\/www.ratani.in\/fr\/wp-json\/wp\/v2\/pages\/629\/revisions"}],"predecessor-version":[{"id":2565,"href":"https:\/\/www.ratani.in\/fr\/wp-json\/wp\/v2\/pages\/629\/revisions\/2565"}],"wp:featuredmedia":[{"embeddable":true,"href":"https:\/\/www.ratani.in\/fr\/wp-json\/wp\/v2\/media\/633"}],"wp:attachment":[{"href":"https:\/\/www.ratani.in\/fr\/wp-json\/wp\/v2\/media?parent=629"}],"curies":[{"name":"wp","href":"https:\/\/api.w.org\/{rel}","templated":true}]}}