{"id":63,"date":"2023-08-09T06:18:04","date_gmt":"2023-08-09T06:18:04","guid":{"rendered":"https:\/\/www.ratani.in\/?page_id=63"},"modified":"2025-05-16T13:17:48","modified_gmt":"2025-05-16T13:17:48","slug":"north-india-granite-manufacturer-and-exporter","status":"publish","type":"page","link":"https:\/\/www.ratani.in\/fr\/north-india-granite-manufacturer-and-exporter\/","title":{"rendered":"Inde du Nord"},"content":{"rendered":"<p>Notre vision est de faire entrer la durabilit\u00e9 des pierres de granit du Nord de l&#8217;Inde dans notre collection de carreaux. La pierre de granit en provenance du Nord est r\u00e9put\u00e9e pour sa beaut\u00e9 et sa durabilit\u00e9 remarquables. Notre objectif est d&#8217;\u00e9tablir un h\u00e9ritage in\u00e9gal\u00e9 en fa\u00e7onnant un monde o\u00f9 durabilit\u00e9 et beaut\u00e9 se croisent. En tant que fournisseur de pierres de granit en Inde du Nord, nous nous engageons \u00e0 fournir du granit de haute qualit\u00e9 \u00e0 travers le monde.<\/p>\n","protected":false},"excerpt":{"rendered":"<p>Notre vision est de faire entrer la durabilit\u00e9 des pierres de granit du Nord de l&#8217;Inde dans notre collection de carreaux. La pierre de granit en provenance du Nord est r\u00e9put\u00e9e pour sa beaut\u00e9 et sa durabilit\u00e9 remarquables. Notre objectif est d&#8217;\u00e9tablir un h\u00e9ritage in\u00e9gal\u00e9 en fa\u00e7onnant un monde o\u00f9 durabilit\u00e9 et beaut\u00e9 se croisent. &hellip; <a href=\"https:\/\/www.ratani.in\/fr\/north-india-granite-manufacturer-and-exporter\/\" class=\"more-link\">Continue reading<span class=\"screen-reader-text\"> &#8220;Inde du Nord&#8221;<\/span><\/a><\/p>\n","protected":false},"author":1,"featured_media":107,"parent":0,"menu_order":0,"comment_status":"closed","ping_status":"closed","template":"page-templates\/region-page.php","meta":{"footnotes":""},"translation":{"provider":"WPGlobus","version":"2.12.2","language":"fr","enabled_languages":["en","es","fr","ru","ar","zh","pt"],"languages":{"en":{"title":true,"content":true,"excerpt":false},"es":{"title":true,"content":true,"excerpt":false},"fr":{"title":true,"content":true,"excerpt":false},"ru":{"title":true,"content":true,"excerpt":false},"ar":{"title":true,"content":true,"excerpt":false},"zh":{"title":true,"content":true,"excerpt":false},"pt":{"title":true,"content":true,"excerpt":false}}},"acf":[],"_links":{"self":[{"href":"https:\/\/www.ratani.in\/fr\/wp-json\/wp\/v2\/pages\/63"}],"collection":[{"href":"https:\/\/www.ratani.in\/fr\/wp-json\/wp\/v2\/pages"}],"about":[{"href":"https:\/\/www.ratani.in\/fr\/wp-json\/wp\/v2\/types\/page"}],"author":[{"embeddable":true,"href":"https:\/\/www.ratani.in\/fr\/wp-json\/wp\/v2\/users\/1"}],"replies":[{"embeddable":true,"href":"https:\/\/www.ratani.in\/fr\/wp-json\/wp\/v2\/comments?post=63"}],"version-history":[{"count":17,"href":"https:\/\/www.ratani.in\/fr\/wp-json\/wp\/v2\/pages\/63\/revisions"}],"predecessor-version":[{"id":3310,"href":"https:\/\/www.ratani.in\/fr\/wp-json\/wp\/v2\/pages\/63\/revisions\/3310"}],"wp:featuredmedia":[{"embeddable":true,"href":"https:\/\/www.ratani.in\/fr\/wp-json\/wp\/v2\/media\/107"}],"wp:attachment":[{"href":"https:\/\/www.ratani.in\/fr\/wp-json\/wp\/v2\/media?parent=63"}],"curies":[{"name":"wp","href":"https:\/\/api.w.org\/{rel}","templated":true}]}}