{"id":639,"date":"2023-08-17T09:14:48","date_gmt":"2023-08-17T09:14:48","guid":{"rendered":"https:\/\/www.ratani.in\/?page_id=639"},"modified":"2023-09-01T13:05:12","modified_gmt":"2023-09-01T13:05:12","slug":"shiva-gold-granite-manufacturer-and-exporter","status":"publish","type":"page","link":"https:\/\/www.ratani.in\/fr\/shiva-gold-granite-manufacturer-and-exporter\/","title":{"rendered":"Granit Shiva dor\u00e9"},"content":{"rendered":"<p>Le granit Shiva dor\u00e9 provient des carri\u00e8res de granit en Inde et pr\u00e9sente un m\u00e9lange de tons dor\u00e9s, beiges et bruns qui cr\u00e9ent une esth\u00e9tique luxueuse et \u00e9l\u00e9gante. La couleur de base du granit Shiva dor\u00e9 est g\u00e9n\u00e9ralement dor\u00e9e ou jaune miel, souvent accompagn\u00e9e de motifs complexes, de veines et de taches occasionnelles de brun fonc\u00e9 ou de noir. Les motifs dans le granit Shiva dor\u00e9 peuvent varier, allant des vagues fluides aux tourbillons complexes, ajoutant de la profondeur et de l&#8217;int\u00e9r\u00eat visuel \u00e0 la pierre. Les dalles de granit d\u00e9coup\u00e9es dans le Sud de l&#8217;Inde sont souvent utilis\u00e9es pour les plans de travail, les rev\u00eatements de sol et les \u00e9l\u00e9ments d&#8217;accent, car elles apportent une touche d&#8217;opulence et de sophistication \u00e0 tout espace.<\/p>\n","protected":false},"excerpt":{"rendered":"<p>Le granit Shiva dor\u00e9 provient des carri\u00e8res de granit en Inde et pr\u00e9sente un m\u00e9lange de tons dor\u00e9s, beiges et bruns qui cr\u00e9ent une esth\u00e9tique luxueuse et \u00e9l\u00e9gante. La couleur de base du granit Shiva dor\u00e9 est g\u00e9n\u00e9ralement dor\u00e9e ou jaune miel, souvent accompagn\u00e9e de motifs complexes, de veines et de taches occasionnelles de brun &hellip; <a href=\"https:\/\/www.ratani.in\/fr\/shiva-gold-granite-manufacturer-and-exporter\/\" class=\"more-link\">Continue reading<span class=\"screen-reader-text\"> &#8220;Granit Shiva dor\u00e9&#8221;<\/span><\/a><\/p>\n","protected":false},"author":1,"featured_media":640,"parent":0,"menu_order":0,"comment_status":"closed","ping_status":"closed","template":"page-templates\/product.php","meta":{"footnotes":""},"translation":{"provider":"WPGlobus","version":"2.12.2","language":"fr","enabled_languages":["en","es","fr","ru","ar","zh","pt"],"languages":{"en":{"title":true,"content":true,"excerpt":false},"es":{"title":true,"content":true,"excerpt":false},"fr":{"title":true,"content":true,"excerpt":false},"ru":{"title":false,"content":false,"excerpt":false},"ar":{"title":true,"content":true,"excerpt":false},"zh":{"title":true,"content":true,"excerpt":false},"pt":{"title":true,"content":true,"excerpt":false}}},"acf":[],"_links":{"self":[{"href":"https:\/\/www.ratani.in\/fr\/wp-json\/wp\/v2\/pages\/639"}],"collection":[{"href":"https:\/\/www.ratani.in\/fr\/wp-json\/wp\/v2\/pages"}],"about":[{"href":"https:\/\/www.ratani.in\/fr\/wp-json\/wp\/v2\/types\/page"}],"author":[{"embeddable":true,"href":"https:\/\/www.ratani.in\/fr\/wp-json\/wp\/v2\/users\/1"}],"replies":[{"embeddable":true,"href":"https:\/\/www.ratani.in\/fr\/wp-json\/wp\/v2\/comments?post=639"}],"version-history":[{"count":11,"href":"https:\/\/www.ratani.in\/fr\/wp-json\/wp\/v2\/pages\/639\/revisions"}],"predecessor-version":[{"id":2562,"href":"https:\/\/www.ratani.in\/fr\/wp-json\/wp\/v2\/pages\/639\/revisions\/2562"}],"wp:featuredmedia":[{"embeddable":true,"href":"https:\/\/www.ratani.in\/fr\/wp-json\/wp\/v2\/media\/640"}],"wp:attachment":[{"href":"https:\/\/www.ratani.in\/fr\/wp-json\/wp\/v2\/media?parent=639"}],"curies":[{"name":"wp","href":"https:\/\/api.w.org\/{rel}","templated":true}]}}