{"id":649,"date":"2023-08-17T09:17:18","date_gmt":"2023-08-17T09:17:18","guid":{"rendered":"https:\/\/www.ratani.in\/?page_id=649"},"modified":"2023-09-01T12:50:18","modified_gmt":"2023-09-01T12:50:18","slug":"apple-green-granite-manufacturer-and-exporter","status":"publish","type":"page","link":"https:\/\/www.ratani.in\/fr\/apple-green-granite-manufacturer-and-exporter\/","title":{"rendered":"Granit vert Apple"},"content":{"rendered":"<p>Le granit vert Apple d&#8217;Inde est un type de granit connu pour sa couleur verte vibrante et distinctive, et il est transform\u00e9 dans les usines de traitement de pierre du nord de l&#8217;Inde. Il pr\u00e9sente une base principalement verte avec des nuances et des motifs variables qui peuvent aller du vert clair aux nuances plus sombres, parfois accompagn\u00e9s de taches ou de veines de couleurs contrast\u00e9es comme le blanc ou le gris. L&#8217;apparence g\u00e9n\u00e9rale ressemble \u00e0 la couleur des pommes vertes m\u00fbres, d&#8217;o\u00f9 le nom. Vendu par les fournisseurs de granit du Rajasthan, le granit vert Apple est souvent recherch\u00e9 pour son look unique et accrocheur, ce qui en fait un choix populaire pour les plans de travail, les rev\u00eatements de sol et les \u00e9l\u00e9ments d&#8217;accent dans les espaces r\u00e9sidentiels et commerciaux. Sa teinte vive et rafra\u00eechissante peut ajouter une touche de beaut\u00e9 naturelle et de luminosit\u00e9 \u00e0 tout design int\u00e9rieur.<\/p>\n","protected":false},"excerpt":{"rendered":"<p>Le granit vert Apple d&#8217;Inde est un type de granit connu pour sa couleur verte vibrante et distinctive, et il est transform\u00e9 dans les usines de traitement de pierre du nord de l&#8217;Inde. Il pr\u00e9sente une base principalement verte avec des nuances et des motifs variables qui peuvent aller du vert clair aux nuances plus &hellip; <a href=\"https:\/\/www.ratani.in\/fr\/apple-green-granite-manufacturer-and-exporter\/\" class=\"more-link\">Continue reading<span class=\"screen-reader-text\"> &#8220;Granit vert Apple&#8221;<\/span><\/a><\/p>\n","protected":false},"author":1,"featured_media":650,"parent":0,"menu_order":0,"comment_status":"closed","ping_status":"closed","template":"page-templates\/product.php","meta":{"footnotes":""},"translation":{"provider":"WPGlobus","version":"2.12.2","language":"fr","enabled_languages":["en","es","fr","ru","ar","zh","pt"],"languages":{"en":{"title":true,"content":true,"excerpt":false},"es":{"title":true,"content":true,"excerpt":false},"fr":{"title":true,"content":true,"excerpt":false},"ru":{"title":true,"content":true,"excerpt":false},"ar":{"title":true,"content":true,"excerpt":false},"zh":{"title":true,"content":true,"excerpt":false},"pt":{"title":true,"content":true,"excerpt":false}}},"acf":[],"_links":{"self":[{"href":"https:\/\/www.ratani.in\/fr\/wp-json\/wp\/v2\/pages\/649"}],"collection":[{"href":"https:\/\/www.ratani.in\/fr\/wp-json\/wp\/v2\/pages"}],"about":[{"href":"https:\/\/www.ratani.in\/fr\/wp-json\/wp\/v2\/types\/page"}],"author":[{"embeddable":true,"href":"https:\/\/www.ratani.in\/fr\/wp-json\/wp\/v2\/users\/1"}],"replies":[{"embeddable":true,"href":"https:\/\/www.ratani.in\/fr\/wp-json\/wp\/v2\/comments?post=649"}],"version-history":[{"count":9,"href":"https:\/\/www.ratani.in\/fr\/wp-json\/wp\/v2\/pages\/649\/revisions"}],"predecessor-version":[{"id":2555,"href":"https:\/\/www.ratani.in\/fr\/wp-json\/wp\/v2\/pages\/649\/revisions\/2555"}],"wp:featuredmedia":[{"embeddable":true,"href":"https:\/\/www.ratani.in\/fr\/wp-json\/wp\/v2\/media\/650"}],"wp:attachment":[{"href":"https:\/\/www.ratani.in\/fr\/wp-json\/wp\/v2\/media?parent=649"}],"curies":[{"name":"wp","href":"https:\/\/api.w.org\/{rel}","templated":true}]}}