{"id":65,"date":"2023-08-09T06:18:58","date_gmt":"2023-08-09T06:18:58","guid":{"rendered":"https:\/\/www.ratani.in\/?page_id=65"},"modified":"2024-06-28T12:25:37","modified_gmt":"2024-06-28T12:25:37","slug":"south-india-granite-manufacturer-and-exporter","status":"publish","type":"page","link":"https:\/\/www.ratani.in\/fr\/south-india-granite-manufacturer-and-exporter\/","title":{"rendered":"Inde du Sud"},"content":{"rendered":"<p>Les pierres de granit du Sud de l&#8217;Inde sont tr\u00e8s connues pour leur r\u00e9sistance. Elles sont principalement utilis\u00e9es pour cr\u00e9er des structures solides et \u00e9l\u00e9gantes dans les plans de travail de cuisine ou dans de vastes espaces pour rehausser l&#8217;ambiance g\u00e9n\u00e9rale de l&#8217;espace. En tant que fournisseur de pierres de granit en provenance d&#8217;Inde du Sud, nous nous engageons \u00e0 fournir du granit de haute qualit\u00e9 \u00e0 travers le monde.<\/p>\n","protected":false},"excerpt":{"rendered":"<p>Les pierres de granit du Sud de l&#8217;Inde sont tr\u00e8s connues pour leur r\u00e9sistance. Elles sont principalement utilis\u00e9es pour cr\u00e9er des structures solides et \u00e9l\u00e9gantes dans les plans de travail de cuisine ou dans de vastes espaces pour rehausser l&#8217;ambiance g\u00e9n\u00e9rale de l&#8217;espace. En tant que fournisseur de pierres de granit en provenance d&#8217;Inde du &hellip; <a href=\"https:\/\/www.ratani.in\/fr\/south-india-granite-manufacturer-and-exporter\/\" class=\"more-link\">Continue reading<span class=\"screen-reader-text\"> &#8220;Inde du Sud&#8221;<\/span><\/a><\/p>\n","protected":false},"author":1,"featured_media":105,"parent":0,"menu_order":0,"comment_status":"closed","ping_status":"closed","template":"page-templates\/region-page.php","meta":{"footnotes":""},"translation":{"provider":"WPGlobus","version":"2.12.2","language":"fr","enabled_languages":["en","es","fr","ru","ar","zh","pt"],"languages":{"en":{"title":true,"content":true,"excerpt":false},"es":{"title":true,"content":true,"excerpt":false},"fr":{"title":true,"content":true,"excerpt":false},"ru":{"title":true,"content":true,"excerpt":false},"ar":{"title":true,"content":true,"excerpt":false},"zh":{"title":true,"content":true,"excerpt":false},"pt":{"title":false,"content":false,"excerpt":false}}},"acf":[],"_links":{"self":[{"href":"https:\/\/www.ratani.in\/fr\/wp-json\/wp\/v2\/pages\/65"}],"collection":[{"href":"https:\/\/www.ratani.in\/fr\/wp-json\/wp\/v2\/pages"}],"about":[{"href":"https:\/\/www.ratani.in\/fr\/wp-json\/wp\/v2\/types\/page"}],"author":[{"embeddable":true,"href":"https:\/\/www.ratani.in\/fr\/wp-json\/wp\/v2\/users\/1"}],"replies":[{"embeddable":true,"href":"https:\/\/www.ratani.in\/fr\/wp-json\/wp\/v2\/comments?post=65"}],"version-history":[{"count":16,"href":"https:\/\/www.ratani.in\/fr\/wp-json\/wp\/v2\/pages\/65\/revisions"}],"predecessor-version":[{"id":2812,"href":"https:\/\/www.ratani.in\/fr\/wp-json\/wp\/v2\/pages\/65\/revisions\/2812"}],"wp:featuredmedia":[{"embeddable":true,"href":"https:\/\/www.ratani.in\/fr\/wp-json\/wp\/v2\/media\/105"}],"wp:attachment":[{"href":"https:\/\/www.ratani.in\/fr\/wp-json\/wp\/v2\/media?parent=65"}],"curies":[{"name":"wp","href":"https:\/\/api.w.org\/{rel}","templated":true}]}}