{"id":659,"date":"2023-08-17T09:19:23","date_gmt":"2023-08-17T09:19:23","guid":{"rendered":"https:\/\/www.ratani.in\/?page_id=659"},"modified":"2023-09-01T12:49:13","modified_gmt":"2023-09-01T12:49:13","slug":"green-pearl-granite-manufacturer-and-exporter","status":"publish","type":"page","link":"https:\/\/www.ratani.in\/fr\/green-pearl-granite-manufacturer-and-exporter\/","title":{"rendered":"Granit vert perle"},"content":{"rendered":"<p>Le granit vert perle est une vari\u00e9t\u00e9 captivante de granit connue pour sa belle couleur verte et son apparence scintillante. C&#8217;est une pierre naturelle tr\u00e8s pris\u00e9e pour ses caract\u00e9ristiques uniques.<\/p>\n<p>Le granit vert perle pr\u00e9sente g\u00e9n\u00e9ralement une couleur de base verte, qui peut varier du vert clair au vert fonc\u00e9. Il est souvent compl\u00e9t\u00e9 par des variations subtiles de veines grises, blanches ou noires et des taches argent\u00e9es \u00e0 travers la pierre. Ces \u00e9l\u00e9ments cr\u00e9ent un effet visuel \u00e9poustouflant et conf\u00e8rent au granit une sensation de profondeur et de mouvement. De nombreux exportateurs et fournisseurs indiens de granit ont un traitement interne des blocs de granit pour produire des dalles de granit de haute qualit\u00e9.<\/p>\n<p>La texture du granit vert perle est g\u00e9n\u00e9ralement de grain moyen \u00e0 grossier, offrant une sensation naturelle et tactile. Il a une finition polie, qui renforce son \u00e9clat inh\u00e9rent et ajoute \u00e0 son \u00e9l\u00e9gance globale.<\/p>\n","protected":false},"excerpt":{"rendered":"<p>Le granit vert perle est une vari\u00e9t\u00e9 captivante de granit connue pour sa belle couleur verte et son apparence scintillante. C&#8217;est une pierre naturelle tr\u00e8s pris\u00e9e pour ses caract\u00e9ristiques uniques. Le granit vert perle pr\u00e9sente g\u00e9n\u00e9ralement une couleur de base verte, qui peut varier du vert clair au vert fonc\u00e9. Il est souvent compl\u00e9t\u00e9 par &hellip; <a href=\"https:\/\/www.ratani.in\/fr\/green-pearl-granite-manufacturer-and-exporter\/\" class=\"more-link\">Continue reading<span class=\"screen-reader-text\"> &#8220;Granit vert perle&#8221;<\/span><\/a><\/p>\n","protected":false},"author":1,"featured_media":666,"parent":0,"menu_order":0,"comment_status":"closed","ping_status":"closed","template":"page-templates\/product.php","meta":{"footnotes":""},"translation":{"provider":"WPGlobus","version":"2.12.2","language":"fr","enabled_languages":["en","es","fr","ru","ar","zh","pt"],"languages":{"en":{"title":true,"content":true,"excerpt":false},"es":{"title":true,"content":true,"excerpt":false},"fr":{"title":true,"content":true,"excerpt":false},"ru":{"title":true,"content":true,"excerpt":false},"ar":{"title":true,"content":true,"excerpt":false},"zh":{"title":true,"content":true,"excerpt":false},"pt":{"title":true,"content":true,"excerpt":false}}},"acf":[],"_links":{"self":[{"href":"https:\/\/www.ratani.in\/fr\/wp-json\/wp\/v2\/pages\/659"}],"collection":[{"href":"https:\/\/www.ratani.in\/fr\/wp-json\/wp\/v2\/pages"}],"about":[{"href":"https:\/\/www.ratani.in\/fr\/wp-json\/wp\/v2\/types\/page"}],"author":[{"embeddable":true,"href":"https:\/\/www.ratani.in\/fr\/wp-json\/wp\/v2\/users\/1"}],"replies":[{"embeddable":true,"href":"https:\/\/www.ratani.in\/fr\/wp-json\/wp\/v2\/comments?post=659"}],"version-history":[{"count":12,"href":"https:\/\/www.ratani.in\/fr\/wp-json\/wp\/v2\/pages\/659\/revisions"}],"predecessor-version":[{"id":2554,"href":"https:\/\/www.ratani.in\/fr\/wp-json\/wp\/v2\/pages\/659\/revisions\/2554"}],"wp:featuredmedia":[{"embeddable":true,"href":"https:\/\/www.ratani.in\/fr\/wp-json\/wp\/v2\/media\/666"}],"wp:attachment":[{"href":"https:\/\/www.ratani.in\/fr\/wp-json\/wp\/v2\/media?parent=659"}],"curies":[{"name":"wp","href":"https:\/\/api.w.org\/{rel}","templated":true}]}}