{"id":669,"date":"2023-08-17T09:21:35","date_gmt":"2023-08-17T09:21:35","guid":{"rendered":"https:\/\/www.ratani.in\/?page_id=669"},"modified":"2023-09-01T12:44:20","modified_gmt":"2023-09-01T12:44:20","slug":"naushera-green-granite-manufacturer-and-exporter","status":"publish","type":"page","link":"https:\/\/www.ratani.in\/fr\/naushera-green-granite-manufacturer-and-exporter\/","title":{"rendered":"Granit vert Naushera"},"content":{"rendered":"<p>Le granit vert Naushera est une pierre naturelle visuellement frappante qui est transform\u00e9e dans les usines de granit de Jalore, en Inde, et pr\u00e9sente une palette de couleurs verte captivante. Ce granit vert pr\u00e9sente g\u00e9n\u00e9ralement une couleur de base verte, allant du vert clair au vert fonc\u00e9, avec des motifs et des veines vari\u00e9s \u00e0 travers la pierre. Les motifs peuvent \u00eatre complexes, avec des tourbillons, des vagues ou des taches cr\u00e9ant une apparence unique et accrocheuse.<\/p>\n<p>La texture du granit vert Naushera est g\u00e9n\u00e9ralement granulaire et grossi\u00e8re, caract\u00e9ristiques communes du granit. Il a un \u00e9clat naturel qui ajoute \u00e0 son attrait global. En raison de sa durabilit\u00e9 et de sa r\u00e9sistance aux \u00e9raflures, \u00e0 la chaleur et aux taches, le granit vert Naushera est souvent utilis\u00e9 dans les plans de travail de cuisine, les dessus de vanit\u00e9 de salle de bains et diverses applications int\u00e9rieures et ext\u00e9rieures.<\/p>\n<p>Les variations et les motifs sp\u00e9cifiques dans le granit vert Naushera peuvent varier d&#8217;une dalle \u00e0 l&#8217;autre, car il s&#8217;agit d&#8217;un mat\u00e9riau naturel extrait des carri\u00e8res de granit du Nord de l&#8217;Inde. Cette unicit\u00e9 ajoute \u00e0 son charme, rendant chaque morceau de granit vert Naushera distinctif et unique en son genre.<\/p>\n","protected":false},"excerpt":{"rendered":"<p>Le granit vert Naushera est une pierre naturelle visuellement frappante qui est transform\u00e9e dans les usines de granit de Jalore, en Inde, et pr\u00e9sente une palette de couleurs verte captivante. Ce granit vert pr\u00e9sente g\u00e9n\u00e9ralement une couleur de base verte, allant du vert clair au vert fonc\u00e9, avec des motifs et des veines vari\u00e9s \u00e0 &hellip; <a href=\"https:\/\/www.ratani.in\/fr\/naushera-green-granite-manufacturer-and-exporter\/\" class=\"more-link\">Continue reading<span class=\"screen-reader-text\"> &#8220;Granit vert Naushera&#8221;<\/span><\/a><\/p>\n","protected":false},"author":1,"featured_media":677,"parent":0,"menu_order":0,"comment_status":"closed","ping_status":"closed","template":"page-templates\/product.php","meta":{"footnotes":""},"translation":{"provider":"WPGlobus","version":"2.12.2","language":"fr","enabled_languages":["en","es","fr","ru","ar","zh","pt"],"languages":{"en":{"title":true,"content":true,"excerpt":false},"es":{"title":true,"content":true,"excerpt":false},"fr":{"title":true,"content":true,"excerpt":false},"ru":{"title":true,"content":true,"excerpt":false},"ar":{"title":true,"content":true,"excerpt":false},"zh":{"title":true,"content":true,"excerpt":false},"pt":{"title":true,"content":true,"excerpt":false}}},"acf":[],"_links":{"self":[{"href":"https:\/\/www.ratani.in\/fr\/wp-json\/wp\/v2\/pages\/669"}],"collection":[{"href":"https:\/\/www.ratani.in\/fr\/wp-json\/wp\/v2\/pages"}],"about":[{"href":"https:\/\/www.ratani.in\/fr\/wp-json\/wp\/v2\/types\/page"}],"author":[{"embeddable":true,"href":"https:\/\/www.ratani.in\/fr\/wp-json\/wp\/v2\/users\/1"}],"replies":[{"embeddable":true,"href":"https:\/\/www.ratani.in\/fr\/wp-json\/wp\/v2\/comments?post=669"}],"version-history":[{"count":10,"href":"https:\/\/www.ratani.in\/fr\/wp-json\/wp\/v2\/pages\/669\/revisions"}],"predecessor-version":[{"id":2552,"href":"https:\/\/www.ratani.in\/fr\/wp-json\/wp\/v2\/pages\/669\/revisions\/2552"}],"wp:featuredmedia":[{"embeddable":true,"href":"https:\/\/www.ratani.in\/fr\/wp-json\/wp\/v2\/media\/677"}],"wp:attachment":[{"href":"https:\/\/www.ratani.in\/fr\/wp-json\/wp\/v2\/media?parent=669"}],"curies":[{"name":"wp","href":"https:\/\/api.w.org\/{rel}","templated":true}]}}