{"id":689,"date":"2023-08-17T09:26:32","date_gmt":"2023-08-17T09:26:32","guid":{"rendered":"https:\/\/www.ratani.in\/?page_id=689"},"modified":"2023-09-01T12:46:43","modified_gmt":"2023-09-01T12:46:43","slug":"kuppam-green-granite-manufacturer-and-exporter","status":"publish","type":"page","link":"https:\/\/www.ratani.in\/fr\/kuppam-green-granite-manufacturer-and-exporter\/","title":{"rendered":"Granit vert Kuppam"},"content":{"rendered":"<p>Le granit vert Kuppam est une pierre naturelle visuellement captivante qui pr\u00e9sente un m\u00e9lange unique de nuances de vert et de motifs complexes. La couleur de base de ce granit varie du vert clair au vert fonc\u00e9, souvent accompagn\u00e9e de variations subtiles et de stries occasionnelles de blanc ou de gris. Les motifs tourbillonnants et les veines dans le granit vert Kuppam cr\u00e9ent un affichage accrocheur rappelant l&#8217;\u00e9coulement de l&#8217;eau ou les paysages naturels. Ce granit d&#8217;Inde pr\u00e9sente des tons vibrants et terreux, ce qui en fait un choix populaire pour les plans de travail, les rev\u00eatements de sol et les accents d\u00e9coratifs dans les applications int\u00e9rieures et ext\u00e9rieures. La durabilit\u00e9 du granit vert Kuppam, associ\u00e9e \u00e0 son attrait esth\u00e9tique frappant, lui permet de transformer les espaces en environnements visuellement impressionnants et accueillants.<\/p>\n<p>Si vous souhaitez importer du granit vert d&#8217;Inde, vous pouvez acheter du granit vert aupr\u00e8s des principaux fournisseurs et exportateurs indiens de granit.<\/p>\n","protected":false},"excerpt":{"rendered":"<p>Le granit vert Kuppam est une pierre naturelle visuellement captivante qui pr\u00e9sente un m\u00e9lange unique de nuances de vert et de motifs complexes. La couleur de base de ce granit varie du vert clair au vert fonc\u00e9, souvent accompagn\u00e9e de variations subtiles et de stries occasionnelles de blanc ou de gris. Les motifs tourbillonnants et &hellip; <a href=\"https:\/\/www.ratani.in\/fr\/kuppam-green-granite-manufacturer-and-exporter\/\" class=\"more-link\">Continue reading<span class=\"screen-reader-text\"> &#8220;Granit vert Kuppam&#8221;<\/span><\/a><\/p>\n","protected":false},"author":1,"featured_media":697,"parent":0,"menu_order":0,"comment_status":"closed","ping_status":"closed","template":"page-templates\/product.php","meta":{"footnotes":""},"translation":{"provider":"WPGlobus","version":"2.12.2","language":"fr","enabled_languages":["en","es","fr","ru","ar","zh","pt"],"languages":{"en":{"title":true,"content":true,"excerpt":false},"es":{"title":true,"content":true,"excerpt":false},"fr":{"title":true,"content":true,"excerpt":false},"ru":{"title":true,"content":true,"excerpt":false},"ar":{"title":true,"content":true,"excerpt":false},"zh":{"title":true,"content":true,"excerpt":false},"pt":{"title":true,"content":true,"excerpt":false}}},"acf":[],"_links":{"self":[{"href":"https:\/\/www.ratani.in\/fr\/wp-json\/wp\/v2\/pages\/689"}],"collection":[{"href":"https:\/\/www.ratani.in\/fr\/wp-json\/wp\/v2\/pages"}],"about":[{"href":"https:\/\/www.ratani.in\/fr\/wp-json\/wp\/v2\/types\/page"}],"author":[{"embeddable":true,"href":"https:\/\/www.ratani.in\/fr\/wp-json\/wp\/v2\/users\/1"}],"replies":[{"embeddable":true,"href":"https:\/\/www.ratani.in\/fr\/wp-json\/wp\/v2\/comments?post=689"}],"version-history":[{"count":9,"href":"https:\/\/www.ratani.in\/fr\/wp-json\/wp\/v2\/pages\/689\/revisions"}],"predecessor-version":[{"id":2457,"href":"https:\/\/www.ratani.in\/fr\/wp-json\/wp\/v2\/pages\/689\/revisions\/2457"}],"wp:featuredmedia":[{"embeddable":true,"href":"https:\/\/www.ratani.in\/fr\/wp-json\/wp\/v2\/media\/697"}],"wp:attachment":[{"href":"https:\/\/www.ratani.in\/fr\/wp-json\/wp\/v2\/media?parent=689"}],"curies":[{"name":"wp","href":"https:\/\/api.w.org\/{rel}","templated":true}]}}