{"id":719,"date":"2023-08-17T09:37:31","date_gmt":"2023-08-17T09:37:31","guid":{"rendered":"https:\/\/www.ratani.in\/?page_id=719"},"modified":"2023-09-01T12:37:22","modified_gmt":"2023-09-01T12:37:22","slug":"sira-grey-granite-manufacturer-and-exporter","status":"publish","type":"page","link":"https:\/\/www.ratani.in\/fr\/sira-grey-granite-manufacturer-and-exporter\/","title":{"rendered":"Granit gris Sira"},"content":{"rendered":"<p>Le granit gris Sira est un magnifique granit gris d&#8217;Inde du Sud, une pierre naturelle qui pr\u00e9sente une \u00e9l\u00e9gance subtile et discr\u00e8te. Ce granit pr\u00e9sente g\u00e9n\u00e9ralement une couleur de base principalement gris clair \u00e0 moyen, souvent avec de l\u00e9g\u00e8res variations et des taches occasionnelles de gris plus fonc\u00e9 ou de noir contribuant \u00e0 sa popularit\u00e9 aupr\u00e8s des fournisseurs de granit gris en Inde. La texture coh\u00e9rente et uniforme du granit gris Sira ajoute \u00e0 son charme global, en faisant un choix populaire pour une vari\u00e9t\u00e9 d&#8217;applications int\u00e9rieures et ext\u00e9rieures. Sa palette de couleurs douce et neutre lui permet de se fondre harmonieusement dans diff\u00e9rents styles de design, du contemporain au traditionnel. Le granit gris Sira est souvent utilis\u00e9 pour les plans de travail, les rev\u00eatements de sol et les rev\u00eatements muraux, apportant une touche de sophistication et de polyvalence \u00e0 n&#8217;importe quel espace.<\/p>\n","protected":false},"excerpt":{"rendered":"<p>Le granit gris Sira est un magnifique granit gris d&#8217;Inde du Sud, une pierre naturelle qui pr\u00e9sente une \u00e9l\u00e9gance subtile et discr\u00e8te. Ce granit pr\u00e9sente g\u00e9n\u00e9ralement une couleur de base principalement gris clair \u00e0 moyen, souvent avec de l\u00e9g\u00e8res variations et des taches occasionnelles de gris plus fonc\u00e9 ou de noir contribuant \u00e0 sa popularit\u00e9 &hellip; <a href=\"https:\/\/www.ratani.in\/fr\/sira-grey-granite-manufacturer-and-exporter\/\" class=\"more-link\">Continue reading<span class=\"screen-reader-text\"> &#8220;Granit gris Sira&#8221;<\/span><\/a><\/p>\n","protected":false},"author":1,"featured_media":726,"parent":0,"menu_order":0,"comment_status":"closed","ping_status":"closed","template":"page-templates\/product.php","meta":{"footnotes":""},"translation":{"provider":"WPGlobus","version":"2.12.2","language":"fr","enabled_languages":["en","es","fr","ru","ar","zh","pt"],"languages":{"en":{"title":true,"content":true,"excerpt":false},"es":{"title":true,"content":true,"excerpt":false},"fr":{"title":true,"content":true,"excerpt":false},"ru":{"title":true,"content":true,"excerpt":false},"ar":{"title":true,"content":true,"excerpt":false},"zh":{"title":true,"content":true,"excerpt":false},"pt":{"title":true,"content":true,"excerpt":false}}},"acf":[],"_links":{"self":[{"href":"https:\/\/www.ratani.in\/fr\/wp-json\/wp\/v2\/pages\/719"}],"collection":[{"href":"https:\/\/www.ratani.in\/fr\/wp-json\/wp\/v2\/pages"}],"about":[{"href":"https:\/\/www.ratani.in\/fr\/wp-json\/wp\/v2\/types\/page"}],"author":[{"embeddable":true,"href":"https:\/\/www.ratani.in\/fr\/wp-json\/wp\/v2\/users\/1"}],"replies":[{"embeddable":true,"href":"https:\/\/www.ratani.in\/fr\/wp-json\/wp\/v2\/comments?post=719"}],"version-history":[{"count":9,"href":"https:\/\/www.ratani.in\/fr\/wp-json\/wp\/v2\/pages\/719\/revisions"}],"predecessor-version":[{"id":2546,"href":"https:\/\/www.ratani.in\/fr\/wp-json\/wp\/v2\/pages\/719\/revisions\/2546"}],"wp:featuredmedia":[{"embeddable":true,"href":"https:\/\/www.ratani.in\/fr\/wp-json\/wp\/v2\/media\/726"}],"wp:attachment":[{"href":"https:\/\/www.ratani.in\/fr\/wp-json\/wp\/v2\/media?parent=719"}],"curies":[{"name":"wp","href":"https:\/\/api.w.org\/{rel}","templated":true}]}}