{"id":729,"date":"2023-08-17T09:39:13","date_gmt":"2023-08-17T09:39:13","guid":{"rendered":"https:\/\/www.ratani.in\/?page_id=729"},"modified":"2023-09-01T12:38:32","modified_gmt":"2023-09-01T12:38:32","slug":"steel-grey-granite-manufacturer-and-exporter","status":"publish","type":"page","link":"https:\/\/www.ratani.in\/fr\/steel-grey-granite-manufacturer-and-exporter\/","title":{"rendered":"Granit gris acier"},"content":{"rendered":"<p>Le granit gris acier indien est une pierre naturelle raffin\u00e9e et polyvalente connue pour son apparence sophistiqu\u00e9e. Il pr\u00e9sente une couleur de base coh\u00e9rente allant du gris moyen au gris fonc\u00e9, rappelant l&#8217;\u00e9l\u00e9gance fra\u00eeche de l&#8217;acier. Ce granit pr\u00e9sente souvent des variations subtiles de teinte et des taches occasionnelles de gris plus clair ou de noir, ajoutant de la profondeur et de l&#8217;int\u00e9r\u00eat visuel \u00e0 la conception globale. La texture uniforme du granit gris acier am\u00e9liore son look contemporain et \u00e9l\u00e9gant. Ce granit gris est utilis\u00e9 pour une large gamme d&#8217;applications int\u00e9rieures et ext\u00e9rieures. Qu&#8217;il soit utilis\u00e9 pour les plans de travail, les rev\u00eatements de sol ou les rev\u00eatements muraux, le granit gris acier ajoute une touche de sophistication et de modernit\u00e9 \u00e0 n&#8217;importe quel espace.<\/p>\n","protected":false},"excerpt":{"rendered":"<p>Le granit gris acier indien est une pierre naturelle raffin\u00e9e et polyvalente connue pour son apparence sophistiqu\u00e9e. Il pr\u00e9sente une couleur de base coh\u00e9rente allant du gris moyen au gris fonc\u00e9, rappelant l&#8217;\u00e9l\u00e9gance fra\u00eeche de l&#8217;acier. Ce granit pr\u00e9sente souvent des variations subtiles de teinte et des taches occasionnelles de gris plus clair ou de &hellip; <a href=\"https:\/\/www.ratani.in\/fr\/steel-grey-granite-manufacturer-and-exporter\/\" class=\"more-link\">Continue reading<span class=\"screen-reader-text\"> &#8220;Granit gris acier&#8221;<\/span><\/a><\/p>\n","protected":false},"author":1,"featured_media":1053,"parent":0,"menu_order":0,"comment_status":"closed","ping_status":"closed","template":"page-templates\/product.php","meta":{"footnotes":""},"translation":{"provider":"WPGlobus","version":"2.12.2","language":"fr","enabled_languages":["en","es","fr","ru","ar","zh","pt"],"languages":{"en":{"title":true,"content":true,"excerpt":false},"es":{"title":true,"content":true,"excerpt":false},"fr":{"title":true,"content":true,"excerpt":false},"ru":{"title":true,"content":true,"excerpt":false},"ar":{"title":true,"content":true,"excerpt":false},"zh":{"title":true,"content":true,"excerpt":false},"pt":{"title":true,"content":true,"excerpt":false}}},"acf":[],"_links":{"self":[{"href":"https:\/\/www.ratani.in\/fr\/wp-json\/wp\/v2\/pages\/729"}],"collection":[{"href":"https:\/\/www.ratani.in\/fr\/wp-json\/wp\/v2\/pages"}],"about":[{"href":"https:\/\/www.ratani.in\/fr\/wp-json\/wp\/v2\/types\/page"}],"author":[{"embeddable":true,"href":"https:\/\/www.ratani.in\/fr\/wp-json\/wp\/v2\/users\/1"}],"replies":[{"embeddable":true,"href":"https:\/\/www.ratani.in\/fr\/wp-json\/wp\/v2\/comments?post=729"}],"version-history":[{"count":10,"href":"https:\/\/www.ratani.in\/fr\/wp-json\/wp\/v2\/pages\/729\/revisions"}],"predecessor-version":[{"id":2473,"href":"https:\/\/www.ratani.in\/fr\/wp-json\/wp\/v2\/pages\/729\/revisions\/2473"}],"wp:featuredmedia":[{"embeddable":true,"href":"https:\/\/www.ratani.in\/fr\/wp-json\/wp\/v2\/media\/1053"}],"wp:attachment":[{"href":"https:\/\/www.ratani.in\/fr\/wp-json\/wp\/v2\/media?parent=729"}],"curies":[{"name":"wp","href":"https:\/\/api.w.org\/{rel}","templated":true}]}}