{"id":73,"date":"2023-08-09T07:20:57","date_gmt":"2023-08-09T07:20:57","guid":{"rendered":"https:\/\/www.ratani.in\/?page_id=73"},"modified":"2023-09-05T12:14:02","modified_gmt":"2023-09-05T12:14:02","slug":"bassi-black-granite-manufacturer-and-exporter","status":"publish","type":"page","link":"https:\/\/www.ratani.in\/fr\/bassi-black-granite-manufacturer-and-exporter\/","title":{"rendered":"Granit noir Bassi"},"content":{"rendered":"<p>Le granit noir Bassi de l&#8217;Inde est une vari\u00e9t\u00e9 populaire de granit ayant ses mines au Rajasthan, en Inde. Il est connu pour sa couleur noire profonde et ses caract\u00e9ristiques distinctives.<\/p>\n<p>Le granit noir Bassi en Inde pr\u00e9sente g\u00e9n\u00e9ralement un fond noir coh\u00e9rent et uniforme, ce qui lui conf\u00e8re un aspect \u00e9l\u00e9gant et \u00e9pur\u00e9. La texture de ce granit est g\u00e9n\u00e9ralement de grains moyens \u00e0 gros, offrant une sensation tactile et naturelle.<\/p>\n<p>Ce qui distingue le granit noir Bassi, c&#8217;est son motif unique. Il pr\u00e9sente souvent des taches blanches, brunes ou grises claires sur la surface qui traversent le fond noir. Ces taches peuvent varier en \u00e9paisseur et en distribution, cr\u00e9ant des designs complexes et accrocheurs sur la surface de la pierre.<\/p>\n<p>Cette vari\u00e9t\u00e9 de granit est extr\u00eamement durable et convient \u00e0 un large \u00e9ventail d&#8217;applications. Il est couramment utilis\u00e9 pour les plans de travail de cuisine, les dessus de vanit\u00e9 de salle de bains, les rev\u00eatements de sol, le parement mural et d&#8217;autres projets de design int\u00e9rieur et ext\u00e9rieur.<\/p>\n","protected":false},"excerpt":{"rendered":"<p>Le granit noir Bassi de l&#8217;Inde est une vari\u00e9t\u00e9 populaire de granit ayant ses mines au Rajasthan, en Inde. Il est connu pour sa couleur noire profonde et ses caract\u00e9ristiques distinctives. Le granit noir Bassi en Inde pr\u00e9sente g\u00e9n\u00e9ralement un fond noir coh\u00e9rent et uniforme, ce qui lui conf\u00e8re un aspect \u00e9l\u00e9gant et \u00e9pur\u00e9. La &hellip; <a href=\"https:\/\/www.ratani.in\/fr\/bassi-black-granite-manufacturer-and-exporter\/\" class=\"more-link\">Continue reading<span class=\"screen-reader-text\"> &#8220;Granit noir Bassi&#8221;<\/span><\/a><\/p>\n","protected":false},"author":1,"featured_media":77,"parent":0,"menu_order":0,"comment_status":"closed","ping_status":"closed","template":"page-templates\/product.php","meta":{"footnotes":""},"translation":{"provider":"WPGlobus","version":"2.12.2","language":"fr","enabled_languages":["en","es","fr","ru","ar","zh","pt"],"languages":{"en":{"title":true,"content":true,"excerpt":false},"es":{"title":true,"content":true,"excerpt":false},"fr":{"title":true,"content":true,"excerpt":false},"ru":{"title":true,"content":true,"excerpt":false},"ar":{"title":true,"content":true,"excerpt":false},"zh":{"title":true,"content":true,"excerpt":false},"pt":{"title":true,"content":true,"excerpt":false}}},"acf":[],"_links":{"self":[{"href":"https:\/\/www.ratani.in\/fr\/wp-json\/wp\/v2\/pages\/73"}],"collection":[{"href":"https:\/\/www.ratani.in\/fr\/wp-json\/wp\/v2\/pages"}],"about":[{"href":"https:\/\/www.ratani.in\/fr\/wp-json\/wp\/v2\/types\/page"}],"author":[{"embeddable":true,"href":"https:\/\/www.ratani.in\/fr\/wp-json\/wp\/v2\/users\/1"}],"replies":[{"embeddable":true,"href":"https:\/\/www.ratani.in\/fr\/wp-json\/wp\/v2\/comments?post=73"}],"version-history":[{"count":18,"href":"https:\/\/www.ratani.in\/fr\/wp-json\/wp\/v2\/pages\/73\/revisions"}],"predecessor-version":[{"id":2538,"href":"https:\/\/www.ratani.in\/fr\/wp-json\/wp\/v2\/pages\/73\/revisions\/2538"}],"wp:featuredmedia":[{"embeddable":true,"href":"https:\/\/www.ratani.in\/fr\/wp-json\/wp\/v2\/media\/77"}],"wp:attachment":[{"href":"https:\/\/www.ratani.in\/fr\/wp-json\/wp\/v2\/media?parent=73"}],"curies":[{"name":"wp","href":"https:\/\/api.w.org\/{rel}","templated":true}]}}