{"id":739,"date":"2023-08-17T09:43:36","date_gmt":"2023-08-17T09:43:36","guid":{"rendered":"https:\/\/www.ratani.in\/?page_id=739"},"modified":"2023-09-01T11:53:10","modified_gmt":"2023-09-01T11:53:10","slug":"blue-dunes-granite-manufacturer-and-exporter","status":"publish","type":"page","link":"https:\/\/www.ratani.in\/fr\/blue-dunes-granite-manufacturer-and-exporter\/","title":{"rendered":"Granit Blue Dunes"},"content":{"rendered":"<p>Le granit Blue Dunes du Rajasthan, en Inde, est une pierre naturelle visuellement frappante connue pour sa combinaison unique de couleurs et de motifs.<\/p>\n<p>En tant qu&#8217;entreprise de granit au Rajasthan, nous pouvons fournir ce granit qui pr\u00e9sente une beaut\u00e9 aux tons terreux et des nuances de bleu avec un flux sym\u00e9trique cr\u00e9ant un aspect totalement naturel. Il s\u00e9duit par son ton terreux naturel qui se double de nuances de cr\u00e8me, de gris et de noir erratiques. Il pr\u00e9sente principalement une base bleue avec des vagues et des veines complexes dans des nuances vari\u00e9es de bleu, de gris et de blanc, rappelant les motifs captivants form\u00e9s par les dunes de sable souffl\u00e9es par le vent. La surface du granit est souvent polie, ce qui renforce sa beaut\u00e9 et cr\u00e9e une esth\u00e9tique luxueuse. Le granit Blue Dunes est recherch\u00e9 pour sa capacit\u00e9 \u00e0 ajouter une touche d&#8217;\u00e9l\u00e9gance et de sophistication aux espaces int\u00e9rieurs et ext\u00e9rieurs, ce qui en fait un choix populaire pour les plans de travail, les rev\u00eatements de sol et les rev\u00eatements muraux.<\/p>\n","protected":false},"excerpt":{"rendered":"<p>Le granit Blue Dunes du Rajasthan, en Inde, est une pierre naturelle visuellement frappante connue pour sa combinaison unique de couleurs et de motifs. En tant qu&#8217;entreprise de granit au Rajasthan, nous pouvons fournir ce granit qui pr\u00e9sente une beaut\u00e9 aux tons terreux et des nuances de bleu avec un flux sym\u00e9trique cr\u00e9ant un aspect &hellip; <a href=\"https:\/\/www.ratani.in\/fr\/blue-dunes-granite-manufacturer-and-exporter\/\" class=\"more-link\">Continue reading<span class=\"screen-reader-text\"> &#8220;Granit Blue Dunes&#8221;<\/span><\/a><\/p>\n","protected":false},"author":1,"featured_media":745,"parent":0,"menu_order":0,"comment_status":"closed","ping_status":"closed","template":"page-templates\/product.php","meta":{"footnotes":""},"translation":{"provider":"WPGlobus","version":"2.12.2","language":"fr","enabled_languages":["en","es","fr","ru","ar","zh","pt"],"languages":{"en":{"title":true,"content":true,"excerpt":false},"es":{"title":true,"content":true,"excerpt":false},"fr":{"title":true,"content":true,"excerpt":false},"ru":{"title":true,"content":true,"excerpt":false},"ar":{"title":true,"content":true,"excerpt":false},"zh":{"title":true,"content":true,"excerpt":false},"pt":{"title":false,"content":false,"excerpt":false}}},"acf":[],"_links":{"self":[{"href":"https:\/\/www.ratani.in\/fr\/wp-json\/wp\/v2\/pages\/739"}],"collection":[{"href":"https:\/\/www.ratani.in\/fr\/wp-json\/wp\/v2\/pages"}],"about":[{"href":"https:\/\/www.ratani.in\/fr\/wp-json\/wp\/v2\/types\/page"}],"author":[{"embeddable":true,"href":"https:\/\/www.ratani.in\/fr\/wp-json\/wp\/v2\/users\/1"}],"replies":[{"embeddable":true,"href":"https:\/\/www.ratani.in\/fr\/wp-json\/wp\/v2\/comments?post=739"}],"version-history":[{"count":11,"href":"https:\/\/www.ratani.in\/fr\/wp-json\/wp\/v2\/pages\/739\/revisions"}],"predecessor-version":[{"id":2517,"href":"https:\/\/www.ratani.in\/fr\/wp-json\/wp\/v2\/pages\/739\/revisions\/2517"}],"wp:featuredmedia":[{"embeddable":true,"href":"https:\/\/www.ratani.in\/fr\/wp-json\/wp\/v2\/media\/745"}],"wp:attachment":[{"href":"https:\/\/www.ratani.in\/fr\/wp-json\/wp\/v2\/media?parent=739"}],"curies":[{"name":"wp","href":"https:\/\/api.w.org\/{rel}","templated":true}]}}