{"id":749,"date":"2023-08-17T09:46:04","date_gmt":"2023-08-17T09:46:04","guid":{"rendered":"https:\/\/www.ratani.in\/?page_id=749"},"modified":"2023-09-01T11:54:59","modified_gmt":"2023-09-01T11:54:59","slug":"astoria-cream-granite-manufacturer-and-exporter","status":"publish","type":"page","link":"https:\/\/www.ratani.in\/fr\/astoria-cream-granite-manufacturer-and-exporter\/","title":{"rendered":"Granit Cr\u00e8me Astoria"},"content":{"rendered":"<p>Le granit Astoria d&#8217;Inde est une belle pierre naturelle connue pour son apparence chaleureuse et accueillante. En tant qu&#8217;exportateur de granit dans le sud de l&#8217;Inde, nous proposons le granit Astoria, qui pr\u00e9sente une base beige clair ou cr\u00e8me avec des motifs complexes de veines et de taches brunes, grises et noires. La combinaison de couleurs et les motifs fluides cr\u00e9ent un sentiment de mouvement et d&#8217;int\u00e9r\u00eat visuel sur toute la surface de la pierre. La texture du granit Astoria est g\u00e9n\u00e9ralement \u00e0 grain fin et polie, lui donnant une finition lisse et luxueuse. Ce granit est souvent caract\u00e9ris\u00e9 par son attrait \u00e9l\u00e9gant et intemporel, ce qui en fait un choix adapt\u00e9 \u00e0 divers styles de design. Le granit Astoria est couramment utilis\u00e9 pour les plans de travail, les rev\u00eatements de sol, les cr\u00e9dences et les murs d&#8217;accent, ajoutant une touche de sophistication et de beaut\u00e9 naturelle \u00e0 tout espace. Qu&#8217;il soit utilis\u00e9 comme pi\u00e8ce ma\u00eetresse ou comme \u00e9l\u00e9ment compl\u00e9mentaire, le granit Astoria apporte une ambiance chaleureuse et accueillante aux applications int\u00e9rieures et ext\u00e9rieures.<\/p>\n","protected":false},"excerpt":{"rendered":"<p>Le granit Astoria d&#8217;Inde est une belle pierre naturelle connue pour son apparence chaleureuse et accueillante. En tant qu&#8217;exportateur de granit dans le sud de l&#8217;Inde, nous proposons le granit Astoria, qui pr\u00e9sente une base beige clair ou cr\u00e8me avec des motifs complexes de veines et de taches brunes, grises et noires. La combinaison de &hellip; <a href=\"https:\/\/www.ratani.in\/fr\/astoria-cream-granite-manufacturer-and-exporter\/\" class=\"more-link\">Continue reading<span class=\"screen-reader-text\"> &#8220;Granit Cr\u00e8me Astoria&#8221;<\/span><\/a><\/p>\n","protected":false},"author":1,"featured_media":755,"parent":0,"menu_order":0,"comment_status":"closed","ping_status":"closed","template":"page-templates\/product.php","meta":{"footnotes":""},"translation":{"provider":"WPGlobus","version":"2.12.2","language":"fr","enabled_languages":["en","es","fr","ru","ar","zh","pt"],"languages":{"en":{"title":true,"content":true,"excerpt":false},"es":{"title":true,"content":true,"excerpt":false},"fr":{"title":true,"content":true,"excerpt":false},"ru":{"title":true,"content":true,"excerpt":false},"ar":{"title":true,"content":true,"excerpt":false},"zh":{"title":true,"content":true,"excerpt":false},"pt":{"title":false,"content":false,"excerpt":false}}},"acf":[],"_links":{"self":[{"href":"https:\/\/www.ratani.in\/fr\/wp-json\/wp\/v2\/pages\/749"}],"collection":[{"href":"https:\/\/www.ratani.in\/fr\/wp-json\/wp\/v2\/pages"}],"about":[{"href":"https:\/\/www.ratani.in\/fr\/wp-json\/wp\/v2\/types\/page"}],"author":[{"embeddable":true,"href":"https:\/\/www.ratani.in\/fr\/wp-json\/wp\/v2\/users\/1"}],"replies":[{"embeddable":true,"href":"https:\/\/www.ratani.in\/fr\/wp-json\/wp\/v2\/comments?post=749"}],"version-history":[{"count":9,"href":"https:\/\/www.ratani.in\/fr\/wp-json\/wp\/v2\/pages\/749\/revisions"}],"predecessor-version":[{"id":2518,"href":"https:\/\/www.ratani.in\/fr\/wp-json\/wp\/v2\/pages\/749\/revisions\/2518"}],"wp:featuredmedia":[{"embeddable":true,"href":"https:\/\/www.ratani.in\/fr\/wp-json\/wp\/v2\/media\/755"}],"wp:attachment":[{"href":"https:\/\/www.ratani.in\/fr\/wp-json\/wp\/v2\/media?parent=749"}],"curies":[{"name":"wp","href":"https:\/\/api.w.org\/{rel}","templated":true}]}}