{"id":759,"date":"2023-08-17T09:49:31","date_gmt":"2023-08-17T09:49:31","guid":{"rendered":"https:\/\/www.ratani.in\/?page_id=759"},"modified":"2023-09-01T11:50:56","modified_gmt":"2023-09-01T11:50:56","slug":"astoria-ivory-granite-manufacturer-and-exporter","status":"publish","type":"page","link":"https:\/\/www.ratani.in\/fr\/astoria-ivory-granite-manufacturer-and-exporter\/","title":{"rendered":"Granit Astoria ivoire"},"content":{"rendered":"<p>Le granit Astoria ivoire d&#8217;Inde pr\u00e9sente une couleur de base ivoire clair ou beige cr\u00e8me avec des variations subtiles et des taches occasionnelles de tons plus fonc\u00e9s de brun ou de gris. Les motifs complexes \u00e0 l&#8217;int\u00e9rieur du granit Astoria ivoire ressemblent \u00e0 des vagues douces ou \u00e0 des coups de pinceau d\u00e9licats, ajoutant de la profondeur et de l&#8217;int\u00e9r\u00eat visuel \u00e0 son apparence globale. En tant qu&#8217;entreprise de granit dans le sud de l&#8217;Inde, nous proposons cette palette de couleurs neutres et polyvalentes qui lui permet de se fondre harmonieusement avec une large gamme de styles de design, du traditionnel au contemporain. Le granit Astoria ivoire est souvent utilis\u00e9 pour les plans de travail, les cr\u00e9dences et les pi\u00e8ces d&#8217;accent, car il apporte une touche de beaut\u00e9 intemporelle et de raffinement \u00e0 n&#8217;importe quel espace.<\/p>\n","protected":false},"excerpt":{"rendered":"<p>Le granit Astoria ivoire d&#8217;Inde pr\u00e9sente une couleur de base ivoire clair ou beige cr\u00e8me avec des variations subtiles et des taches occasionnelles de tons plus fonc\u00e9s de brun ou de gris. Les motifs complexes \u00e0 l&#8217;int\u00e9rieur du granit Astoria ivoire ressemblent \u00e0 des vagues douces ou \u00e0 des coups de pinceau d\u00e9licats, ajoutant de &hellip; <a href=\"https:\/\/www.ratani.in\/fr\/astoria-ivory-granite-manufacturer-and-exporter\/\" class=\"more-link\">Continue reading<span class=\"screen-reader-text\"> &#8220;Granit Astoria ivoire&#8221;<\/span><\/a><\/p>\n","protected":false},"author":1,"featured_media":765,"parent":0,"menu_order":0,"comment_status":"closed","ping_status":"closed","template":"page-templates\/product.php","meta":{"footnotes":""},"translation":{"provider":"WPGlobus","version":"2.12.2","language":"fr","enabled_languages":["en","es","fr","ru","ar","zh","pt"],"languages":{"en":{"title":true,"content":true,"excerpt":false},"es":{"title":true,"content":true,"excerpt":false},"fr":{"title":true,"content":true,"excerpt":false},"ru":{"title":true,"content":true,"excerpt":false},"ar":{"title":true,"content":true,"excerpt":false},"zh":{"title":true,"content":true,"excerpt":false},"pt":{"title":true,"content":true,"excerpt":false}}},"acf":[],"_links":{"self":[{"href":"https:\/\/www.ratani.in\/fr\/wp-json\/wp\/v2\/pages\/759"}],"collection":[{"href":"https:\/\/www.ratani.in\/fr\/wp-json\/wp\/v2\/pages"}],"about":[{"href":"https:\/\/www.ratani.in\/fr\/wp-json\/wp\/v2\/types\/page"}],"author":[{"embeddable":true,"href":"https:\/\/www.ratani.in\/fr\/wp-json\/wp\/v2\/users\/1"}],"replies":[{"embeddable":true,"href":"https:\/\/www.ratani.in\/fr\/wp-json\/wp\/v2\/comments?post=759"}],"version-history":[{"count":9,"href":"https:\/\/www.ratani.in\/fr\/wp-json\/wp\/v2\/pages\/759\/revisions"}],"predecessor-version":[{"id":2516,"href":"https:\/\/www.ratani.in\/fr\/wp-json\/wp\/v2\/pages\/759\/revisions\/2516"}],"wp:featuredmedia":[{"embeddable":true,"href":"https:\/\/www.ratani.in\/fr\/wp-json\/wp\/v2\/media\/765"}],"wp:attachment":[{"href":"https:\/\/www.ratani.in\/fr\/wp-json\/wp\/v2\/media?parent=759"}],"curies":[{"name":"wp","href":"https:\/\/api.w.org\/{rel}","templated":true}]}}