{"id":769,"date":"2023-08-17T09:51:17","date_gmt":"2023-08-17T09:51:17","guid":{"rendered":"https:\/\/www.ratani.in\/?page_id=769"},"modified":"2023-09-01T11:57:34","modified_gmt":"2023-09-01T11:57:34","slug":"indian-juprana-granite-manufacturer-and-exporter","status":"publish","type":"page","link":"https:\/\/www.ratani.in\/fr\/indian-juprana-granite-manufacturer-and-exporter\/","title":{"rendered":"Granit Juprana Indien"},"content":{"rendered":"<p>Le granit Indien Juprana est une pierre naturelle captivante renomm\u00e9e pour son apparence unique et vibrante. Provenant des carri\u00e8res de granit en Inde, ce granit pr\u00e9sente une combinaison de couleurs chaudes et terreuses, notamment des nuances de rose, d&#8217;orange, d&#8217;or et de gris. Il pr\u00e9sente principalement une base de couleur claire avec des motifs complexes et des vagues de teintes contrastantes qui cr\u00e9ent un affichage visuel fascinant. Les motifs riches et dynamiques du granit Indien Juprana ressemblent aux coups de pinceau d&#8217;un artiste, ajoutant de la profondeur et du caract\u00e8re \u00e0 n&#8217;importe quel espace. Ce granit est couramment utilis\u00e9 pour les plans de travail, les cr\u00e9dences et les pi\u00e8ces d&#8217;accent, ce qui lui permet de devenir un point focal dans les designs traditionnels et contemporains. Importer du granit d&#8217;Inde du Sud comme ce granit, qui a une beaut\u00e9 et une durabilit\u00e9 distinctes, le granit Indien Juprana ajoute une touche d&#8217;\u00e9l\u00e9gance et de personnalit\u00e9 \u00e0 toute application int\u00e9rieure ou ext\u00e9rieure.<\/p>\n","protected":false},"excerpt":{"rendered":"<p>Le granit Indien Juprana est une pierre naturelle captivante renomm\u00e9e pour son apparence unique et vibrante. Provenant des carri\u00e8res de granit en Inde, ce granit pr\u00e9sente une combinaison de couleurs chaudes et terreuses, notamment des nuances de rose, d&#8217;orange, d&#8217;or et de gris. Il pr\u00e9sente principalement une base de couleur claire avec des motifs complexes &hellip; <a href=\"https:\/\/www.ratani.in\/fr\/indian-juprana-granite-manufacturer-and-exporter\/\" class=\"more-link\">Continue reading<span class=\"screen-reader-text\"> &#8220;Granit Juprana Indien&#8221;<\/span><\/a><\/p>\n","protected":false},"author":1,"featured_media":775,"parent":0,"menu_order":0,"comment_status":"closed","ping_status":"closed","template":"page-templates\/product.php","meta":{"footnotes":""},"translation":{"provider":"WPGlobus","version":"2.12.2","language":"fr","enabled_languages":["en","es","fr","ru","ar","zh","pt"],"languages":{"en":{"title":true,"content":true,"excerpt":false},"es":{"title":true,"content":true,"excerpt":false},"fr":{"title":true,"content":true,"excerpt":false},"ru":{"title":true,"content":true,"excerpt":false},"ar":{"title":true,"content":true,"excerpt":false},"zh":{"title":true,"content":true,"excerpt":false},"pt":{"title":true,"content":true,"excerpt":false}}},"acf":[],"_links":{"self":[{"href":"https:\/\/www.ratani.in\/fr\/wp-json\/wp\/v2\/pages\/769"}],"collection":[{"href":"https:\/\/www.ratani.in\/fr\/wp-json\/wp\/v2\/pages"}],"about":[{"href":"https:\/\/www.ratani.in\/fr\/wp-json\/wp\/v2\/types\/page"}],"author":[{"embeddable":true,"href":"https:\/\/www.ratani.in\/fr\/wp-json\/wp\/v2\/users\/1"}],"replies":[{"embeddable":true,"href":"https:\/\/www.ratani.in\/fr\/wp-json\/wp\/v2\/comments?post=769"}],"version-history":[{"count":9,"href":"https:\/\/www.ratani.in\/fr\/wp-json\/wp\/v2\/pages\/769\/revisions"}],"predecessor-version":[{"id":2520,"href":"https:\/\/www.ratani.in\/fr\/wp-json\/wp\/v2\/pages\/769\/revisions\/2520"}],"wp:featuredmedia":[{"embeddable":true,"href":"https:\/\/www.ratani.in\/fr\/wp-json\/wp\/v2\/media\/775"}],"wp:attachment":[{"href":"https:\/\/www.ratani.in\/fr\/wp-json\/wp\/v2\/media?parent=769"}],"curies":[{"name":"wp","href":"https:\/\/api.w.org\/{rel}","templated":true}]}}