{"id":779,"date":"2023-08-17T09:52:52","date_gmt":"2023-08-17T09:52:52","guid":{"rendered":"https:\/\/www.ratani.in\/?page_id=779"},"modified":"2023-09-01T11:46:33","modified_gmt":"2023-09-01T11:46:33","slug":"ivory-brown-granite-manufacturer-and-exporter","status":"publish","type":"page","link":"https:\/\/www.ratani.in\/fr\/ivory-brown-granite-manufacturer-and-exporter\/","title":{"rendered":"Granit Marron Ivoire"},"content":{"rendered":"<p>Le granit Marron Ivoire d&#8217;Inde est une pierre naturelle captivante connue pour ses tons chauds et terreux. Il pr\u00e9sente une couleur de base ivoire cr\u00e9meux ou beige avec des motifs et des veines complexes dans des nuances de brun, allant du clair au fonc\u00e9. La combinaison de teintes ivoire et brunes cr\u00e9e une sensation de profondeur et ajoute une touche d&#8217;\u00e9l\u00e9gance \u00e0 n&#8217;importe quel espace. Les motifs du granit Marron Ivoire peuvent ressembler \u00e0 des vagues, des spirales ou des veines, cr\u00e9ant une surface visuellement dynamique et attrayante. Ce granit est souvent utilis\u00e9 pour les plans de travail, les cr\u00e9dences et les pi\u00e8ces d&#8217;accent, car il compl\u00e8te sans effort diff\u00e9rents styles de design, du traditionnel au contemporain.<\/p>\n","protected":false},"excerpt":{"rendered":"<p>Le granit Marron Ivoire d&#8217;Inde est une pierre naturelle captivante connue pour ses tons chauds et terreux. Il pr\u00e9sente une couleur de base ivoire cr\u00e9meux ou beige avec des motifs et des veines complexes dans des nuances de brun, allant du clair au fonc\u00e9. La combinaison de teintes ivoire et brunes cr\u00e9e une sensation de &hellip; <a href=\"https:\/\/www.ratani.in\/fr\/ivory-brown-granite-manufacturer-and-exporter\/\" class=\"more-link\">Continue reading<span class=\"screen-reader-text\"> &#8220;Granit Marron Ivoire&#8221;<\/span><\/a><\/p>\n","protected":false},"author":1,"featured_media":786,"parent":0,"menu_order":0,"comment_status":"closed","ping_status":"closed","template":"page-templates\/product.php","meta":{"footnotes":""},"translation":{"provider":"WPGlobus","version":"2.12.2","language":"fr","enabled_languages":["en","es","fr","ru","ar","zh","pt"],"languages":{"en":{"title":true,"content":true,"excerpt":false},"es":{"title":true,"content":true,"excerpt":false},"fr":{"title":true,"content":true,"excerpt":false},"ru":{"title":true,"content":true,"excerpt":false},"ar":{"title":true,"content":true,"excerpt":false},"zh":{"title":true,"content":true,"excerpt":false},"pt":{"title":true,"content":true,"excerpt":false}}},"acf":[],"_links":{"self":[{"href":"https:\/\/www.ratani.in\/fr\/wp-json\/wp\/v2\/pages\/779"}],"collection":[{"href":"https:\/\/www.ratani.in\/fr\/wp-json\/wp\/v2\/pages"}],"about":[{"href":"https:\/\/www.ratani.in\/fr\/wp-json\/wp\/v2\/types\/page"}],"author":[{"embeddable":true,"href":"https:\/\/www.ratani.in\/fr\/wp-json\/wp\/v2\/users\/1"}],"replies":[{"embeddable":true,"href":"https:\/\/www.ratani.in\/fr\/wp-json\/wp\/v2\/comments?post=779"}],"version-history":[{"count":11,"href":"https:\/\/www.ratani.in\/fr\/wp-json\/wp\/v2\/pages\/779\/revisions"}],"predecessor-version":[{"id":2499,"href":"https:\/\/www.ratani.in\/fr\/wp-json\/wp\/v2\/pages\/779\/revisions\/2499"}],"wp:featuredmedia":[{"embeddable":true,"href":"https:\/\/www.ratani.in\/fr\/wp-json\/wp\/v2\/media\/786"}],"wp:attachment":[{"href":"https:\/\/www.ratani.in\/fr\/wp-json\/wp\/v2\/media?parent=779"}],"curies":[{"name":"wp","href":"https:\/\/api.w.org\/{rel}","templated":true}]}}