{"id":789,"date":"2023-08-17T09:54:50","date_gmt":"2023-08-17T09:54:50","guid":{"rendered":"https:\/\/www.ratani.in\/?page_id=789"},"modified":"2023-09-01T11:59:06","modified_gmt":"2023-09-01T11:59:06","slug":"monalisa-granite-manufacturer-and-exporter","status":"publish","type":"page","link":"https:\/\/www.ratani.in\/fr\/monalisa-granite-manufacturer-and-exporter\/","title":{"rendered":"Granit Monalisa"},"content":{"rendered":"<p>Le granit Monalisa d&#8217;Inde est une pierre naturelle captivante renomm\u00e9e pour sa beaut\u00e9 exquise et ses motifs uniques. Il pr\u00e9sente une palette de couleurs chaudes et terreuses, principalement compos\u00e9e de nuances de brun, de beige et de gris. Les motifs et les veines complexes \u00e0 l&#8217;int\u00e9rieur du granit Monalisa ressemblent \u00e0 des coups de pinceau sur une toile, cr\u00e9ant une apparence visuellement impressionnante et dynamique. La pierre pr\u00e9sente souvent un m\u00e9lange de motifs tourbillonnants, de taches occasionnelles et de vagues subtiles de couleurs diff\u00e9rentes, ce qui renforce son charme g\u00e9n\u00e9ral. Le granit Monalisa est couramment utilis\u00e9 pour les plans de travail, les rev\u00eatements de sol et les pi\u00e8ces d&#8217;accent, car il ajoute une touche d&#8217;\u00e9l\u00e9gance et de sophistication \u00e0 n&#8217;importe quel espace.<\/p>\n<p>Sa polyvalence lui permet de compl\u00e9ter divers styles de design, du traditionnel au contemporain. Avec sa durabilit\u00e9, son attrait intemporel et son esth\u00e9tique unique, ce granit Monalisa, sous la forme d&#8217;une plaque de granit Gangsaw en Inde, peut transformer toute application int\u00e9rieure ou ext\u00e9rieure en un chef-d&#8217;\u0153uvre visuellement captivant.<\/p>\n","protected":false},"excerpt":{"rendered":"<p>Le granit Monalisa d&#8217;Inde est une pierre naturelle captivante renomm\u00e9e pour sa beaut\u00e9 exquise et ses motifs uniques. Il pr\u00e9sente une palette de couleurs chaudes et terreuses, principalement compos\u00e9e de nuances de brun, de beige et de gris. Les motifs et les veines complexes \u00e0 l&#8217;int\u00e9rieur du granit Monalisa ressemblent \u00e0 des coups de pinceau &hellip; <a href=\"https:\/\/www.ratani.in\/fr\/monalisa-granite-manufacturer-and-exporter\/\" class=\"more-link\">Continue reading<span class=\"screen-reader-text\"> &#8220;Granit Monalisa&#8221;<\/span><\/a><\/p>\n","protected":false},"author":1,"featured_media":795,"parent":0,"menu_order":0,"comment_status":"closed","ping_status":"closed","template":"page-templates\/product.php","meta":{"footnotes":""},"translation":{"provider":"WPGlobus","version":"2.12.2","language":"fr","enabled_languages":["en","es","fr","ru","ar","zh","pt"],"languages":{"en":{"title":true,"content":true,"excerpt":false},"es":{"title":true,"content":true,"excerpt":false},"fr":{"title":true,"content":true,"excerpt":false},"ru":{"title":true,"content":true,"excerpt":false},"ar":{"title":true,"content":true,"excerpt":false},"zh":{"title":true,"content":true,"excerpt":false},"pt":{"title":true,"content":true,"excerpt":false}}},"acf":[],"_links":{"self":[{"href":"https:\/\/www.ratani.in\/fr\/wp-json\/wp\/v2\/pages\/789"}],"collection":[{"href":"https:\/\/www.ratani.in\/fr\/wp-json\/wp\/v2\/pages"}],"about":[{"href":"https:\/\/www.ratani.in\/fr\/wp-json\/wp\/v2\/types\/page"}],"author":[{"embeddable":true,"href":"https:\/\/www.ratani.in\/fr\/wp-json\/wp\/v2\/users\/1"}],"replies":[{"embeddable":true,"href":"https:\/\/www.ratani.in\/fr\/wp-json\/wp\/v2\/comments?post=789"}],"version-history":[{"count":12,"href":"https:\/\/www.ratani.in\/fr\/wp-json\/wp\/v2\/pages\/789\/revisions"}],"predecessor-version":[{"id":2533,"href":"https:\/\/www.ratani.in\/fr\/wp-json\/wp\/v2\/pages\/789\/revisions\/2533"}],"wp:featuredmedia":[{"embeddable":true,"href":"https:\/\/www.ratani.in\/fr\/wp-json\/wp\/v2\/media\/795"}],"wp:attachment":[{"href":"https:\/\/www.ratani.in\/fr\/wp-json\/wp\/v2\/media?parent=789"}],"curies":[{"name":"wp","href":"https:\/\/api.w.org\/{rel}","templated":true}]}}