{"id":809,"date":"2023-08-17T10:05:36","date_gmt":"2023-08-17T10:05:36","guid":{"rendered":"https:\/\/www.ratani.in\/?page_id=809"},"modified":"2023-09-01T12:42:27","modified_gmt":"2023-09-01T12:42:27","slug":"alaska-pink-granite-manufacturer-and-exporter","status":"publish","type":"page","link":"https:\/\/www.ratani.in\/fr\/alaska-pink-granite-manufacturer-and-exporter\/","title":{"rendered":"Granit rose d&#8217;Alaska"},"content":{"rendered":"<p>Le granit rose d&#8217;Alaska est une pierre naturelle distinctive ayant des carri\u00e8res de granit dans le nord de l&#8217;Inde et est connu pour son apparence unique et accrocheuse. Il pr\u00e9sente une couleur de base principalement rose avec des nuances variables de rose, allant des tons p\u00e2les aux tons ros\u00e9s profonds. Le granit peut \u00e9galement pr\u00e9senter des variations subtiles de blanc, de gris ou de noir dans ses motifs et ses veines. Les motifs \u00e0 l&#8217;int\u00e9rieur du granit rose d&#8217;Alaska peuvent \u00eatre des veines, des tourbillons ou des taches, cr\u00e9ant une surface visuellement dynamique et captivante. Ce granit apporte une sensation de chaleur et de vitalit\u00e9 \u00e0 n&#8217;importe quel espace, ce qui en fait un choix populaire pour les plans de travail, les rev\u00eatements de sol et les \u00e9l\u00e9ments d&#8217;accent.<\/p>\n","protected":false},"excerpt":{"rendered":"<p>Le granit rose d&#8217;Alaska est une pierre naturelle distinctive ayant des carri\u00e8res de granit dans le nord de l&#8217;Inde et est connu pour son apparence unique et accrocheuse. Il pr\u00e9sente une couleur de base principalement rose avec des nuances variables de rose, allant des tons p\u00e2les aux tons ros\u00e9s profonds. Le granit peut \u00e9galement pr\u00e9senter &hellip; <a href=\"https:\/\/www.ratani.in\/fr\/alaska-pink-granite-manufacturer-and-exporter\/\" class=\"more-link\">Continue reading<span class=\"screen-reader-text\"> &#8220;Granit rose d&#8217;Alaska&#8221;<\/span><\/a><\/p>\n","protected":false},"author":1,"featured_media":810,"parent":0,"menu_order":0,"comment_status":"closed","ping_status":"closed","template":"page-templates\/product.php","meta":{"footnotes":""},"translation":{"provider":"WPGlobus","version":"2.12.2","language":"fr","enabled_languages":["en","es","fr","ru","ar","zh","pt"],"languages":{"en":{"title":true,"content":true,"excerpt":false},"es":{"title":true,"content":true,"excerpt":false},"fr":{"title":true,"content":true,"excerpt":false},"ru":{"title":true,"content":true,"excerpt":false},"ar":{"title":true,"content":true,"excerpt":false},"zh":{"title":true,"content":true,"excerpt":false},"pt":{"title":true,"content":true,"excerpt":false}}},"acf":[],"_links":{"self":[{"href":"https:\/\/www.ratani.in\/fr\/wp-json\/wp\/v2\/pages\/809"}],"collection":[{"href":"https:\/\/www.ratani.in\/fr\/wp-json\/wp\/v2\/pages"}],"about":[{"href":"https:\/\/www.ratani.in\/fr\/wp-json\/wp\/v2\/types\/page"}],"author":[{"embeddable":true,"href":"https:\/\/www.ratani.in\/fr\/wp-json\/wp\/v2\/users\/1"}],"replies":[{"embeddable":true,"href":"https:\/\/www.ratani.in\/fr\/wp-json\/wp\/v2\/comments?post=809"}],"version-history":[{"count":9,"href":"https:\/\/www.ratani.in\/fr\/wp-json\/wp\/v2\/pages\/809\/revisions"}],"predecessor-version":[{"id":1924,"href":"https:\/\/www.ratani.in\/fr\/wp-json\/wp\/v2\/pages\/809\/revisions\/1924"}],"wp:featuredmedia":[{"embeddable":true,"href":"https:\/\/www.ratani.in\/fr\/wp-json\/wp\/v2\/media\/810"}],"wp:attachment":[{"href":"https:\/\/www.ratani.in\/fr\/wp-json\/wp\/v2\/media?parent=809"}],"curies":[{"name":"wp","href":"https:\/\/api.w.org\/{rel}","templated":true}]}}