{"id":819,"date":"2023-08-17T10:07:31","date_gmt":"2023-08-17T10:07:31","guid":{"rendered":"https:\/\/www.ratani.in\/?page_id=819"},"modified":"2023-09-01T12:39:59","modified_gmt":"2023-09-01T12:39:59","slug":"chima-pink-granite-manufacturer-and-exporter","status":"publish","type":"page","link":"https:\/\/www.ratani.in\/fr\/chima-pink-granite-manufacturer-and-exporter\/","title":{"rendered":"Granit rose Chima"},"content":{"rendered":"<p>Le granit rose Chima d&#8217;Inde est un type de granit connu pour sa couleur rose unique et ses motifs distincts. Il pr\u00e9sente une couleur de base principalement rose avec des nuances et une intensit\u00e9 variables, allant des tons roses clairs aux tons roses moyens. La pierre peut \u00e9galement pr\u00e9senter des motifs complexes, des veines ou des taches dans des nuances compl\u00e9mentaires de blanc, de gris, voire de noir. Importez du granit du Rajasthan comme le granit rose Chima, qui est utilis\u00e9 pour les plans de travail, les rev\u00eatements de dosserets, les rev\u00eatements de sol et d&#8217;autres applications int\u00e9rieures et ext\u00e9rieures. Sa belle teinte rose ajoute une touche d&#8217;\u00e9l\u00e9gance et de chaleur \u00e0 n&#8217;importe quel espace, ce qui en fait un choix populaire pour ceux qui recherchent une esth\u00e9tique plus douce et accueillante.<\/p>\n","protected":false},"excerpt":{"rendered":"<p>Le granit rose Chima d&#8217;Inde est un type de granit connu pour sa couleur rose unique et ses motifs distincts. Il pr\u00e9sente une couleur de base principalement rose avec des nuances et une intensit\u00e9 variables, allant des tons roses clairs aux tons roses moyens. La pierre peut \u00e9galement pr\u00e9senter des motifs complexes, des veines ou &hellip; <a href=\"https:\/\/www.ratani.in\/fr\/chima-pink-granite-manufacturer-and-exporter\/\" class=\"more-link\">Continue reading<span class=\"screen-reader-text\"> &#8220;Granit rose Chima&#8221;<\/span><\/a><\/p>\n","protected":false},"author":1,"featured_media":824,"parent":0,"menu_order":0,"comment_status":"closed","ping_status":"closed","template":"page-templates\/product.php","meta":{"footnotes":""},"translation":{"provider":"WPGlobus","version":"2.12.2","language":"fr","enabled_languages":["en","es","fr","ru","ar","zh","pt"],"languages":{"en":{"title":true,"content":true,"excerpt":false},"es":{"title":true,"content":true,"excerpt":false},"fr":{"title":true,"content":true,"excerpt":false},"ru":{"title":true,"content":true,"excerpt":false},"ar":{"title":true,"content":true,"excerpt":false},"zh":{"title":true,"content":true,"excerpt":false},"pt":{"title":true,"content":true,"excerpt":false}}},"acf":[],"_links":{"self":[{"href":"https:\/\/www.ratani.in\/fr\/wp-json\/wp\/v2\/pages\/819"}],"collection":[{"href":"https:\/\/www.ratani.in\/fr\/wp-json\/wp\/v2\/pages"}],"about":[{"href":"https:\/\/www.ratani.in\/fr\/wp-json\/wp\/v2\/types\/page"}],"author":[{"embeddable":true,"href":"https:\/\/www.ratani.in\/fr\/wp-json\/wp\/v2\/users\/1"}],"replies":[{"embeddable":true,"href":"https:\/\/www.ratani.in\/fr\/wp-json\/wp\/v2\/comments?post=819"}],"version-history":[{"count":9,"href":"https:\/\/www.ratani.in\/fr\/wp-json\/wp\/v2\/pages\/819\/revisions"}],"predecessor-version":[{"id":2548,"href":"https:\/\/www.ratani.in\/fr\/wp-json\/wp\/v2\/pages\/819\/revisions\/2548"}],"wp:featuredmedia":[{"embeddable":true,"href":"https:\/\/www.ratani.in\/fr\/wp-json\/wp\/v2\/media\/824"}],"wp:attachment":[{"href":"https:\/\/www.ratani.in\/fr\/wp-json\/wp\/v2\/media?parent=819"}],"curies":[{"name":"wp","href":"https:\/\/api.w.org\/{rel}","templated":true}]}}