{"id":839,"date":"2023-08-17T10:26:00","date_gmt":"2023-08-17T10:26:00","guid":{"rendered":"https:\/\/www.ratani.in\/?page_id=839"},"modified":"2023-09-01T13:06:47","modified_gmt":"2023-09-01T13:06:47","slug":"bruno-red-granite-manufacturer-and-exporter","status":"publish","type":"page","link":"https:\/\/www.ratani.in\/fr\/bruno-red-granite-manufacturer-and-exporter\/","title":{"rendered":"Granit rouge Bruno"},"content":{"rendered":"<p>Le granit rouge Bruno de l&#8217;Inde d\u00e9signe un type sp\u00e9cifique de granit connu pour sa couleur rouge\u00e2tre. Il pr\u00e9sente une base rouge profond et riche avec des variations de teintes, allant des tons bordeaux fonc\u00e9s aux nuances de rouge plus claires. L&#8217;apparence exacte peut varier en fonction de la carri\u00e8re sp\u00e9cifique et de la dalle. En tant que dalle de granit provenant d&#8217;une scie \u00e0 gangues dans le nord de l&#8217;Inde, le granit rouge Bruno est souvent utilis\u00e9 dans des applications int\u00e9rieures et ext\u00e9rieures, notamment les plans de travail, les rev\u00eatements de sol, les rev\u00eatements muraux et d&#8217;autres utilisations d\u00e9coratives. Ses tons rouges chaleureux et vibrants peuvent ajouter un \u00e9l\u00e9ment audacieux et captivant \u00e0 diff\u00e9rents styles de design, cr\u00e9ant un impact visuellement saisissant dans l&#8217;espace.<\/p>\n<p>Ce granit a un fond brun rouge\u00e2tre avec une texture \u00e0 gros grains due \u00e0 des paillettes noires, blanches et rouges.<\/p>\n","protected":false},"excerpt":{"rendered":"<p>Le granit rouge Bruno de l&#8217;Inde d\u00e9signe un type sp\u00e9cifique de granit connu pour sa couleur rouge\u00e2tre. Il pr\u00e9sente une base rouge profond et riche avec des variations de teintes, allant des tons bordeaux fonc\u00e9s aux nuances de rouge plus claires. L&#8217;apparence exacte peut varier en fonction de la carri\u00e8re sp\u00e9cifique et de la dalle. &hellip; <a href=\"https:\/\/www.ratani.in\/fr\/bruno-red-granite-manufacturer-and-exporter\/\" class=\"more-link\">Continue reading<span class=\"screen-reader-text\"> &#8220;Granit rouge Bruno&#8221;<\/span><\/a><\/p>\n","protected":false},"author":1,"featured_media":847,"parent":0,"menu_order":0,"comment_status":"closed","ping_status":"closed","template":"page-templates\/product.php","meta":{"footnotes":""},"translation":{"provider":"WPGlobus","version":"2.12.2","language":"fr","enabled_languages":["en","es","fr","ru","ar","zh","pt"],"languages":{"en":{"title":true,"content":true,"excerpt":false},"es":{"title":true,"content":true,"excerpt":false},"fr":{"title":true,"content":true,"excerpt":false},"ru":{"title":true,"content":true,"excerpt":false},"ar":{"title":true,"content":true,"excerpt":false},"zh":{"title":true,"content":true,"excerpt":false},"pt":{"title":true,"content":true,"excerpt":false}}},"acf":[],"_links":{"self":[{"href":"https:\/\/www.ratani.in\/fr\/wp-json\/wp\/v2\/pages\/839"}],"collection":[{"href":"https:\/\/www.ratani.in\/fr\/wp-json\/wp\/v2\/pages"}],"about":[{"href":"https:\/\/www.ratani.in\/fr\/wp-json\/wp\/v2\/types\/page"}],"author":[{"embeddable":true,"href":"https:\/\/www.ratani.in\/fr\/wp-json\/wp\/v2\/users\/1"}],"replies":[{"embeddable":true,"href":"https:\/\/www.ratani.in\/fr\/wp-json\/wp\/v2\/comments?post=839"}],"version-history":[{"count":11,"href":"https:\/\/www.ratani.in\/fr\/wp-json\/wp\/v2\/pages\/839\/revisions"}],"predecessor-version":[{"id":2414,"href":"https:\/\/www.ratani.in\/fr\/wp-json\/wp\/v2\/pages\/839\/revisions\/2414"}],"wp:featuredmedia":[{"embeddable":true,"href":"https:\/\/www.ratani.in\/fr\/wp-json\/wp\/v2\/media\/847"}],"wp:attachment":[{"href":"https:\/\/www.ratani.in\/fr\/wp-json\/wp\/v2\/media?parent=839"}],"curies":[{"name":"wp","href":"https:\/\/api.w.org\/{rel}","templated":true}]}}