{"id":849,"date":"2023-08-17T10:29:31","date_gmt":"2023-08-17T10:29:31","guid":{"rendered":"https:\/\/www.ratani.in\/?page_id=849"},"modified":"2023-09-01T13:05:49","modified_gmt":"2023-09-01T13:05:49","slug":"jhansi-red-granite-manufacturer-and-exporter","status":"publish","type":"page","link":"https:\/\/www.ratani.in\/fr\/jhansi-red-granite-manufacturer-and-exporter\/","title":{"rendered":"Granit rouge de Jhansi"},"content":{"rendered":"<p>Le granit rouge de Jhansi en Inde est une pierre naturelle populaire et largement utilis\u00e9e, connue pour sa couleur rouge-rose distincte. Le granit rouge de Jhansi pr\u00e9sente g\u00e9n\u00e9ralement un motif uniforme avec une texture de grain fine \u00e0 moyenne.<\/p>\n<p>La pierre pr\u00e9sente une teinte rouge\u00e2tre vibrante avec des variations de teintes, allant du rose clair au rouge profond. Elle contient souvent des taches de min\u00e9raux noirs et gris, qui ajoutent de l&#8217;int\u00e9r\u00eat visuel et du contraste \u00e0 son apparence g\u00e9n\u00e9rale. Le granit rouge de Jhansi est connu pour sa durabilit\u00e9, ce qui le rend adapt\u00e9 aux applications int\u00e9rieures et ext\u00e9rieures.<\/p>\n<p>En tant qu&#8217;entreprise de granit dans le nord de l&#8217;Inde, nous proposons ce granit pour une utilisation courante dans l&#8217;industrie de la construction \u00e0 diverses fins, notamment les rev\u00eatements de sol, les plans de travail, les rev\u00eatements muraux et les \u00e9l\u00e9ments d\u00e9coratifs. Sa couleur chaleureuse et accueillante en fait un choix populaire pour ajouter une touche d&#8217;\u00e9l\u00e9gance et de beaut\u00e9 naturelle aux espaces int\u00e9rieurs et ext\u00e9rieurs.<\/p>\n","protected":false},"excerpt":{"rendered":"<p>Le granit rouge de Jhansi en Inde est une pierre naturelle populaire et largement utilis\u00e9e, connue pour sa couleur rouge-rose distincte. Le granit rouge de Jhansi pr\u00e9sente g\u00e9n\u00e9ralement un motif uniforme avec une texture de grain fine \u00e0 moyenne. La pierre pr\u00e9sente une teinte rouge\u00e2tre vibrante avec des variations de teintes, allant du rose clair &hellip; <a href=\"https:\/\/www.ratani.in\/fr\/jhansi-red-granite-manufacturer-and-exporter\/\" class=\"more-link\">Continue reading<span class=\"screen-reader-text\"> &#8220;Granit rouge de Jhansi&#8221;<\/span><\/a><\/p>\n","protected":false},"author":1,"featured_media":855,"parent":0,"menu_order":0,"comment_status":"closed","ping_status":"closed","template":"page-templates\/product.php","meta":{"footnotes":""},"translation":{"provider":"WPGlobus","version":"2.12.2","language":"fr","enabled_languages":["en","es","fr","ru","ar","zh","pt"],"languages":{"en":{"title":true,"content":true,"excerpt":false},"es":{"title":true,"content":true,"excerpt":false},"fr":{"title":true,"content":true,"excerpt":false},"ru":{"title":true,"content":true,"excerpt":false},"ar":{"title":true,"content":true,"excerpt":false},"zh":{"title":true,"content":true,"excerpt":false},"pt":{"title":true,"content":true,"excerpt":false}}},"acf":[],"_links":{"self":[{"href":"https:\/\/www.ratani.in\/fr\/wp-json\/wp\/v2\/pages\/849"}],"collection":[{"href":"https:\/\/www.ratani.in\/fr\/wp-json\/wp\/v2\/pages"}],"about":[{"href":"https:\/\/www.ratani.in\/fr\/wp-json\/wp\/v2\/types\/page"}],"author":[{"embeddable":true,"href":"https:\/\/www.ratani.in\/fr\/wp-json\/wp\/v2\/users\/1"}],"replies":[{"embeddable":true,"href":"https:\/\/www.ratani.in\/fr\/wp-json\/wp\/v2\/comments?post=849"}],"version-history":[{"count":10,"href":"https:\/\/www.ratani.in\/fr\/wp-json\/wp\/v2\/pages\/849\/revisions"}],"predecessor-version":[{"id":2416,"href":"https:\/\/www.ratani.in\/fr\/wp-json\/wp\/v2\/pages\/849\/revisions\/2416"}],"wp:featuredmedia":[{"embeddable":true,"href":"https:\/\/www.ratani.in\/fr\/wp-json\/wp\/v2\/media\/855"}],"wp:attachment":[{"href":"https:\/\/www.ratani.in\/fr\/wp-json\/wp\/v2\/media?parent=849"}],"curies":[{"name":"wp","href":"https:\/\/api.w.org\/{rel}","templated":true}]}}