{"id":869,"date":"2023-08-17T10:34:09","date_gmt":"2023-08-17T10:34:09","guid":{"rendered":"https:\/\/www.ratani.in\/?page_id=869"},"modified":"2025-05-16T13:07:57","modified_gmt":"2025-05-16T13:07:57","slug":"new-imperial-red-granite-manufacturer-and-exporter","status":"publish","type":"page","link":"https:\/\/www.ratani.in\/fr\/new-imperial-red-granite-manufacturer-and-exporter\/","title":{"rendered":"Nouveau granit rouge imp\u00e9rial"},"content":{"rendered":"<p>Le nouveau granit rouge imp\u00e9rial d&#8217;Inde, \u00e9galement connu sous le nom de granit rouge rubis, est un type de granit r\u00e9put\u00e9 pour sa couleur rouge frappante et vibrante. C&#8217;est une pierre naturelle qui pr\u00e9sente un fond rouge fonc\u00e9 uniforme avec de petites paillettes min\u00e9rales noires ou grises dispers\u00e9es. La teinte rouge intense du nouveau granit rouge imp\u00e9rial ajoute un \u00e9l\u00e9ment audacieux et accrocheur \u00e0 tout espace. Ce granit pr\u00e9sente g\u00e9n\u00e9ralement une texture de grain moyenne \u00e0 grossi\u00e8re et une finition polie qui renforce sa beaut\u00e9 naturelle. En tant qu&#8217;exportateur de granit dans le nord de l&#8217;Inde, c&#8217;est une option pris\u00e9e pour les plans de travail, les rev\u00eatements de sol, les rev\u00eatements muraux et d&#8217;autres applications int\u00e9rieures et ext\u00e9rieures o\u00f9 une apparence luxueuse et spectaculaire est souhait\u00e9e.<\/p>\n<p>Le nouveau granit rouge imp\u00e9rial est durable, r\u00e9sistant \u00e0 la chaleur et aux rayures, et peut r\u00e9sister \u00e0 l&#8217;\u00e9preuve du temps. Sa coloration unique et ses variations naturelles font de chaque dalle de granit une pi\u00e8ce unique, ajoutant du caract\u00e8re et de l&#8217;\u00e9l\u00e9gance \u00e0 tout projet de design.<\/p>\n","protected":false},"excerpt":{"rendered":"<p>Le nouveau granit rouge imp\u00e9rial d&#8217;Inde, \u00e9galement connu sous le nom de granit rouge rubis, est un type de granit r\u00e9put\u00e9 pour sa couleur rouge frappante et vibrante. C&#8217;est une pierre naturelle qui pr\u00e9sente un fond rouge fonc\u00e9 uniforme avec de petites paillettes min\u00e9rales noires ou grises dispers\u00e9es. La teinte rouge intense du nouveau granit &hellip; <a href=\"https:\/\/www.ratani.in\/fr\/new-imperial-red-granite-manufacturer-and-exporter\/\" class=\"more-link\">Continue reading<span class=\"screen-reader-text\"> &#8220;Nouveau granit rouge imp\u00e9rial&#8221;<\/span><\/a><\/p>\n","protected":false},"author":1,"featured_media":874,"parent":0,"menu_order":0,"comment_status":"closed","ping_status":"closed","template":"page-templates\/product.php","meta":{"footnotes":""},"translation":{"provider":"WPGlobus","version":"2.12.2","language":"fr","enabled_languages":["en","es","fr","ru","ar","zh","pt"],"languages":{"en":{"title":true,"content":true,"excerpt":false},"es":{"title":true,"content":true,"excerpt":false},"fr":{"title":true,"content":true,"excerpt":false},"ru":{"title":true,"content":true,"excerpt":false},"ar":{"title":true,"content":true,"excerpt":false},"zh":{"title":true,"content":true,"excerpt":false},"pt":{"title":true,"content":true,"excerpt":false}}},"acf":[],"_links":{"self":[{"href":"https:\/\/www.ratani.in\/fr\/wp-json\/wp\/v2\/pages\/869"}],"collection":[{"href":"https:\/\/www.ratani.in\/fr\/wp-json\/wp\/v2\/pages"}],"about":[{"href":"https:\/\/www.ratani.in\/fr\/wp-json\/wp\/v2\/types\/page"}],"author":[{"embeddable":true,"href":"https:\/\/www.ratani.in\/fr\/wp-json\/wp\/v2\/users\/1"}],"replies":[{"embeddable":true,"href":"https:\/\/www.ratani.in\/fr\/wp-json\/wp\/v2\/comments?post=869"}],"version-history":[{"count":12,"href":"https:\/\/www.ratani.in\/fr\/wp-json\/wp\/v2\/pages\/869\/revisions"}],"predecessor-version":[{"id":3301,"href":"https:\/\/www.ratani.in\/fr\/wp-json\/wp\/v2\/pages\/869\/revisions\/3301"}],"wp:featuredmedia":[{"embeddable":true,"href":"https:\/\/www.ratani.in\/fr\/wp-json\/wp\/v2\/media\/874"}],"wp:attachment":[{"href":"https:\/\/www.ratani.in\/fr\/wp-json\/wp\/v2\/media?parent=869"}],"curies":[{"name":"wp","href":"https:\/\/api.w.org\/{rel}","templated":true}]}}