{"id":879,"date":"2023-08-17T10:37:15","date_gmt":"2023-08-17T10:37:15","guid":{"rendered":"https:\/\/www.ratani.in\/?page_id=879"},"modified":"2023-09-05T10:56:00","modified_gmt":"2023-09-05T10:56:00","slug":"red-multicolored-granite-manufacturer-and-exporter","status":"publish","type":"page","link":"https:\/\/www.ratani.in\/fr\/red-multicolored-granite-manufacturer-and-exporter\/","title":{"rendered":"Granit multicolore rouge"},"content":{"rendered":"<p>Le granit multicolore rouge en Inde est une pierre naturelle captivante qui pr\u00e9sente un m\u00e9lange vibrant de couleurs et de motifs. Bien que le granit soit principalement connu pour sa durabilit\u00e9 et sa r\u00e9sistance, le granit multicolore rouge ajoute une esth\u00e9tique audacieuse et accrocheuse \u00e0 tout espace. La couleur de base de ce granit est g\u00e9n\u00e9ralement une nuance de rouge profond ou de bourgogne, compl\u00e9t\u00e9e par un m\u00e9lange d&#8217;autres couleurs telles que le noir, le gris, le blanc et parfois m\u00eame l&#8217;or ou le vert.<\/p>\n<p>Ces couleurs apparaissent sous forme de motifs tourbillonnants, de veines et de taches, cr\u00e9ant un look dynamique et visuellement attrayant. Chaque dalle de granit multicolore rouge est unique, car la distribution et l&#8217;intensit\u00e9 des couleurs peuvent varier.<\/p>\n<p>Les granits du sud de l&#8217;Inde sont couramment utilis\u00e9s pour les plans de travail, les sols, les cr\u00e9dences et les murs d&#8217;accent, o\u00f9 leurs couleurs vibrantes servent de point central et apportent une sensation d&#8217;\u00e9nergie et de chaleur \u00e0 l&#8217;environnement.<\/p>\n","protected":false},"excerpt":{"rendered":"<p>Le granit multicolore rouge en Inde est une pierre naturelle captivante qui pr\u00e9sente un m\u00e9lange vibrant de couleurs et de motifs. Bien que le granit soit principalement connu pour sa durabilit\u00e9 et sa r\u00e9sistance, le granit multicolore rouge ajoute une esth\u00e9tique audacieuse et accrocheuse \u00e0 tout espace. La couleur de base de ce granit est &hellip; <a href=\"https:\/\/www.ratani.in\/fr\/red-multicolored-granite-manufacturer-and-exporter\/\" class=\"more-link\">Continue reading<span class=\"screen-reader-text\"> &#8220;Granit multicolore rouge&#8221;<\/span><\/a><\/p>\n","protected":false},"author":1,"featured_media":886,"parent":0,"menu_order":0,"comment_status":"closed","ping_status":"closed","template":"page-templates\/product.php","meta":{"footnotes":""},"translation":{"provider":"WPGlobus","version":"2.12.2","language":"fr","enabled_languages":["en","es","fr","ru","ar","zh","pt"],"languages":{"en":{"title":true,"content":true,"excerpt":false},"es":{"title":true,"content":true,"excerpt":false},"fr":{"title":true,"content":true,"excerpt":false},"ru":{"title":true,"content":true,"excerpt":false},"ar":{"title":true,"content":true,"excerpt":false},"zh":{"title":true,"content":true,"excerpt":false},"pt":{"title":true,"content":true,"excerpt":false}}},"acf":[],"_links":{"self":[{"href":"https:\/\/www.ratani.in\/fr\/wp-json\/wp\/v2\/pages\/879"}],"collection":[{"href":"https:\/\/www.ratani.in\/fr\/wp-json\/wp\/v2\/pages"}],"about":[{"href":"https:\/\/www.ratani.in\/fr\/wp-json\/wp\/v2\/types\/page"}],"author":[{"embeddable":true,"href":"https:\/\/www.ratani.in\/fr\/wp-json\/wp\/v2\/users\/1"}],"replies":[{"embeddable":true,"href":"https:\/\/www.ratani.in\/fr\/wp-json\/wp\/v2\/comments?post=879"}],"version-history":[{"count":14,"href":"https:\/\/www.ratani.in\/fr\/wp-json\/wp\/v2\/pages\/879\/revisions"}],"predecessor-version":[{"id":2172,"href":"https:\/\/www.ratani.in\/fr\/wp-json\/wp\/v2\/pages\/879\/revisions\/2172"}],"wp:featuredmedia":[{"embeddable":true,"href":"https:\/\/www.ratani.in\/fr\/wp-json\/wp\/v2\/media\/886"}],"wp:attachment":[{"href":"https:\/\/www.ratani.in\/fr\/wp-json\/wp\/v2\/media?parent=879"}],"curies":[{"name":"wp","href":"https:\/\/api.w.org\/{rel}","templated":true}]}}