{"id":891,"date":"2023-08-17T10:44:20","date_gmt":"2023-08-17T10:44:20","guid":{"rendered":"https:\/\/www.ratani.in\/?page_id=891"},"modified":"2023-09-01T12:33:19","modified_gmt":"2023-09-01T12:33:19","slug":"crystal-yellow-granite-manufacturer-and-exporter","status":"publish","type":"page","link":"https:\/\/www.ratani.in\/fr\/crystal-yellow-granite-manufacturer-and-exporter\/","title":{"rendered":"Granit Jaune Cristal"},"content":{"rendered":"<p>Le granit jaune cristal d&#8217;Inde est un type de granit connu pour sa belle couleur jaune et son apparence cristalline. Il pr\u00e9sente g\u00e9n\u00e9ralement une base jaune avec des nuances et une intensit\u00e9 variables, allant du jaune p\u00e2le aux teintes dor\u00e9es plus profondes. Cette pierre naturelle du Gujarat pr\u00e9sente souvent des motifs complexes et des cristaux dispers\u00e9s \u00e0 sa surface, lui conf\u00e9rant un aspect distinctif et accrocheur. Ces cristaux peuvent varier en couleur du blanc au gris et peuvent appara\u00eetre sous forme de taches ou de veines dans le granit. Le granit jaune cristal est couramment utilis\u00e9 pour les plans de travail, les rev\u00eatements de sol, les rev\u00eatements muraux et d&#8217;autres applications int\u00e9rieures et ext\u00e9rieures. Les exportateurs indiens de granit int\u00e9ress\u00e9s par l&#8217;achat de granit du Gujarat peuvent entrer en contact avec notre entreprise, l&#8217;un des plus grands fournisseurs de granit de carri\u00e8re indien.<\/p>\n<p>Ses tons jaunes lumineux et joyeux peuvent apporter une sensation de chaleur et d&#8217;\u00e9nergie \u00e0 n&#8217;importe quel espace, en en faisant un excellent choix pour ceux qui recherchent un \u00e9l\u00e9ment de conception vibrant et visuellement attrayant. Ce granit jaune indien du Gujarat pr\u00e9sente une surface jaune brillante avec des points noirs esth\u00e9tiques. Ce granit pr\u00e9sente des motifs attrayants et des textures s\u00e9duisantes.<\/p>\n","protected":false},"excerpt":{"rendered":"<p>Le granit jaune cristal d&#8217;Inde est un type de granit connu pour sa belle couleur jaune et son apparence cristalline. Il pr\u00e9sente g\u00e9n\u00e9ralement une base jaune avec des nuances et une intensit\u00e9 variables, allant du jaune p\u00e2le aux teintes dor\u00e9es plus profondes. Cette pierre naturelle du Gujarat pr\u00e9sente souvent des motifs complexes et des cristaux &hellip; <a href=\"https:\/\/www.ratani.in\/fr\/crystal-yellow-granite-manufacturer-and-exporter\/\" class=\"more-link\">Continue reading<span class=\"screen-reader-text\"> &#8220;Granit Jaune Cristal&#8221;<\/span><\/a><\/p>\n","protected":false},"author":1,"featured_media":896,"parent":0,"menu_order":0,"comment_status":"closed","ping_status":"closed","template":"page-templates\/product.php","meta":{"footnotes":""},"translation":{"provider":"WPGlobus","version":"2.12.2","language":"fr","enabled_languages":["en","es","fr","ru","ar","zh","pt"],"languages":{"en":{"title":true,"content":true,"excerpt":false},"es":{"title":true,"content":true,"excerpt":false},"fr":{"title":true,"content":true,"excerpt":false},"ru":{"title":true,"content":true,"excerpt":false},"ar":{"title":true,"content":true,"excerpt":false},"zh":{"title":true,"content":true,"excerpt":false},"pt":{"title":true,"content":true,"excerpt":false}}},"acf":[],"_links":{"self":[{"href":"https:\/\/www.ratani.in\/fr\/wp-json\/wp\/v2\/pages\/891"}],"collection":[{"href":"https:\/\/www.ratani.in\/fr\/wp-json\/wp\/v2\/pages"}],"about":[{"href":"https:\/\/www.ratani.in\/fr\/wp-json\/wp\/v2\/types\/page"}],"author":[{"embeddable":true,"href":"https:\/\/www.ratani.in\/fr\/wp-json\/wp\/v2\/users\/1"}],"replies":[{"embeddable":true,"href":"https:\/\/www.ratani.in\/fr\/wp-json\/wp\/v2\/comments?post=891"}],"version-history":[{"count":10,"href":"https:\/\/www.ratani.in\/fr\/wp-json\/wp\/v2\/pages\/891\/revisions"}],"predecessor-version":[{"id":2477,"href":"https:\/\/www.ratani.in\/fr\/wp-json\/wp\/v2\/pages\/891\/revisions\/2477"}],"wp:featuredmedia":[{"embeddable":true,"href":"https:\/\/www.ratani.in\/fr\/wp-json\/wp\/v2\/media\/896"}],"wp:attachment":[{"href":"https:\/\/www.ratani.in\/fr\/wp-json\/wp\/v2\/media?parent=891"}],"curies":[{"name":"wp","href":"https:\/\/api.w.org\/{rel}","templated":true}]}}