{"id":901,"date":"2023-08-17T10:46:18","date_gmt":"2023-08-17T10:46:18","guid":{"rendered":"https:\/\/www.ratani.in\/?page_id=901"},"modified":"2023-09-01T12:31:22","modified_gmt":"2023-09-01T12:31:22","slug":"malwada-yellow-granite-manufacturer-and-exporter","status":"publish","type":"page","link":"https:\/\/www.ratani.in\/fr\/malwada-yellow-granite-manufacturer-and-exporter\/","title":{"rendered":"Granit jaune Malwada"},"content":{"rendered":"<p>Le granit jaune Malwada est une incarnation rayonnante du soleil captur\u00e9e dans une pierre. Ses nuances dor\u00e9es, rappelant l&#8217;\u00e9clat d&#8217;un coucher de soleil, impr\u00e8gnent n&#8217;importe quel espace de chaleur et de joie. Comme une explosion du plaisir le plus pur de la nature, il apporte une touche de l&#8217;essence de l&#8217;\u00e9t\u00e9 dans votre environnement. Sa texture \u00e0 gros grain invite vos doigts \u00e0 explorer ses douces ondulations, comme \u00e0 tracer les contours d&#8217;un paysage baign\u00e9 de soleil. La finition polie ajoute un \u00e9clat doux, refl\u00e9tant la lumi\u00e8re dans une danse qui c\u00e9l\u00e8bre la beaut\u00e9 inh\u00e9rente de la pierre.<\/p>\n<p>Le granit jaune Malwada est une belle vari\u00e9t\u00e9 de granit connue pour sa couleur jaune chaude et son charme naturel, c&#8217;est pourquoi il est l&#8217;une des pierres naturelles indiennes pr\u00e9f\u00e9r\u00e9es parmi les fournisseurs de granit du Gujarat.<\/p>\n<p>Le granit jaune Malwada pr\u00e9sente g\u00e9n\u00e9ralement un fond jaune avec des variations subtiles de teinte, allant des nuances claires aux nuances moyennes. Il d\u00e9gage une ambiance chaleureuse et accueillante, apportant une touche de luminosit\u00e9 \u00e0 n&#8217;importe quel espace.<\/p>\n","protected":false},"excerpt":{"rendered":"<p>Le granit jaune Malwada est une incarnation rayonnante du soleil captur\u00e9e dans une pierre. Ses nuances dor\u00e9es, rappelant l&#8217;\u00e9clat d&#8217;un coucher de soleil, impr\u00e8gnent n&#8217;importe quel espace de chaleur et de joie. Comme une explosion du plaisir le plus pur de la nature, il apporte une touche de l&#8217;essence de l&#8217;\u00e9t\u00e9 dans votre environnement. Sa &hellip; <a href=\"https:\/\/www.ratani.in\/fr\/malwada-yellow-granite-manufacturer-and-exporter\/\" class=\"more-link\">Continue reading<span class=\"screen-reader-text\"> &#8220;Granit jaune Malwada&#8221;<\/span><\/a><\/p>\n","protected":false},"author":1,"featured_media":906,"parent":0,"menu_order":0,"comment_status":"closed","ping_status":"closed","template":"page-templates\/product.php","meta":{"footnotes":""},"translation":{"provider":"WPGlobus","version":"2.12.2","language":"fr","enabled_languages":["en","es","fr","ru","ar","zh","pt"],"languages":{"en":{"title":true,"content":true,"excerpt":false},"es":{"title":true,"content":true,"excerpt":false},"fr":{"title":true,"content":true,"excerpt":false},"ru":{"title":true,"content":true,"excerpt":false},"ar":{"title":true,"content":true,"excerpt":false},"zh":{"title":true,"content":true,"excerpt":false},"pt":{"title":true,"content":true,"excerpt":false}}},"acf":[],"_links":{"self":[{"href":"https:\/\/www.ratani.in\/fr\/wp-json\/wp\/v2\/pages\/901"}],"collection":[{"href":"https:\/\/www.ratani.in\/fr\/wp-json\/wp\/v2\/pages"}],"about":[{"href":"https:\/\/www.ratani.in\/fr\/wp-json\/wp\/v2\/types\/page"}],"author":[{"embeddable":true,"href":"https:\/\/www.ratani.in\/fr\/wp-json\/wp\/v2\/users\/1"}],"replies":[{"embeddable":true,"href":"https:\/\/www.ratani.in\/fr\/wp-json\/wp\/v2\/comments?post=901"}],"version-history":[{"count":11,"href":"https:\/\/www.ratani.in\/fr\/wp-json\/wp\/v2\/pages\/901\/revisions"}],"predecessor-version":[{"id":2541,"href":"https:\/\/www.ratani.in\/fr\/wp-json\/wp\/v2\/pages\/901\/revisions\/2541"}],"wp:featuredmedia":[{"embeddable":true,"href":"https:\/\/www.ratani.in\/fr\/wp-json\/wp\/v2\/media\/906"}],"wp:attachment":[{"href":"https:\/\/www.ratani.in\/fr\/wp-json\/wp\/v2\/media?parent=901"}],"curies":[{"name":"wp","href":"https:\/\/api.w.org\/{rel}","templated":true}]}}