{"id":960,"date":"2023-08-17T14:37:46","date_gmt":"2023-08-17T14:37:46","guid":{"rendered":"https:\/\/www.ratani.in\/?page_id=960"},"modified":"2023-09-01T11:30:57","modified_gmt":"2023-09-01T11:30:57","slug":"granite-by-origin","status":"publish","type":"page","link":"https:\/\/www.ratani.in\/fr\/granite-by-origin\/","title":{"rendered":"Par origine"},"content":{"rendered":"<p>Notre collection de granit provient \u00e0 la fois du Nord de l&#8217;Inde et du Sud de l&#8217;Inde. Ainsi, vous pouvez rehausser votre espace avec la finesse des granits de l&#8217;Inde du Nord ou la solidit\u00e9 des granits de l&#8217;Inde du Sud en fonction de vos besoins. Nous sommes certains que les diff\u00e9rents produits de granit indien vous offriront un m\u00e9lange harmonieux de durabilit\u00e9 et d&#8217;attrait visuel, quelle que soit votre pr\u00e9f\u00e9rence.<\/p>\n","protected":false},"excerpt":{"rendered":"<p>Notre collection de granit provient \u00e0 la fois du Nord de l&#8217;Inde et du Sud de l&#8217;Inde. Ainsi, vous pouvez rehausser votre espace avec la finesse des granits de l&#8217;Inde du Nord ou la solidit\u00e9 des granits de l&#8217;Inde du Sud en fonction de vos besoins. Nous sommes certains que les diff\u00e9rents produits de granit &hellip; <a href=\"https:\/\/www.ratani.in\/fr\/granite-by-origin\/\" class=\"more-link\">Continue reading<span class=\"screen-reader-text\"> &#8220;Par origine&#8221;<\/span><\/a><\/p>\n","protected":false},"author":1,"featured_media":103,"parent":0,"menu_order":0,"comment_status":"closed","ping_status":"closed","template":"page-templates\/byregion-page.php","meta":{"footnotes":""},"translation":{"provider":"WPGlobus","version":"2.12.2","language":"fr","enabled_languages":["en","es","fr","ru","ar","zh","pt"],"languages":{"en":{"title":true,"content":true,"excerpt":false},"es":{"title":true,"content":true,"excerpt":false},"fr":{"title":true,"content":true,"excerpt":false},"ru":{"title":true,"content":true,"excerpt":false},"ar":{"title":true,"content":true,"excerpt":false},"zh":{"title":true,"content":true,"excerpt":false},"pt":{"title":true,"content":true,"excerpt":false}}},"acf":[],"_links":{"self":[{"href":"https:\/\/www.ratani.in\/fr\/wp-json\/wp\/v2\/pages\/960"}],"collection":[{"href":"https:\/\/www.ratani.in\/fr\/wp-json\/wp\/v2\/pages"}],"about":[{"href":"https:\/\/www.ratani.in\/fr\/wp-json\/wp\/v2\/types\/page"}],"author":[{"embeddable":true,"href":"https:\/\/www.ratani.in\/fr\/wp-json\/wp\/v2\/users\/1"}],"replies":[{"embeddable":true,"href":"https:\/\/www.ratani.in\/fr\/wp-json\/wp\/v2\/comments?post=960"}],"version-history":[{"count":14,"href":"https:\/\/www.ratani.in\/fr\/wp-json\/wp\/v2\/pages\/960\/revisions"}],"predecessor-version":[{"id":2506,"href":"https:\/\/www.ratani.in\/fr\/wp-json\/wp\/v2\/pages\/960\/revisions\/2506"}],"wp:featuredmedia":[{"embeddable":true,"href":"https:\/\/www.ratani.in\/fr\/wp-json\/wp\/v2\/media\/103"}],"wp:attachment":[{"href":"https:\/\/www.ratani.in\/fr\/wp-json\/wp\/v2\/media?parent=960"}],"curies":[{"name":"wp","href":"https:\/\/api.w.org\/{rel}","templated":true}]}}