{"id":111,"date":"2023-08-09T12:31:20","date_gmt":"2023-08-09T12:31:20","guid":{"rendered":"https:\/\/www.ratani.in\/?page_id=111"},"modified":"2025-05-16T13:10:34","modified_gmt":"2025-05-16T13:10:34","slug":"absolute-black-granite-manufacturer-and-exporter","status":"publish","type":"page","link":"https:\/\/www.ratani.in\/pt\/absolute-black-granite-manufacturer-and-exporter\/","title":{"rendered":"Granito preto absoluto"},"content":{"rendered":"<p>O Granito Preto Absoluto da \u00cdndia \u00e9 uma pedra natural muito procurada, tendo suas pedreiras de granito no sul da \u00cdndia, reverenciadas por sua beleza atemporal e cor preta profunda e rica. O que diferencia o Granito Preto Absoluto \u00e9 sua apar\u00eancia preta consistente e uniforme, sem varia\u00e7\u00f5es ou padr\u00f5es significativos. Esse fundo preto s\u00f3lido o torna uma escolha ideal para criar uma est\u00e9tica elegante e sofisticada tanto em designs contempor\u00e2neos quanto tradicionais.<\/p>\n<p>A textura do Granito Preto Absoluto na \u00cdndia \u00e9 tipicamente de gr\u00e3o fino, lisa e polida, real\u00e7ando seu apelo elegante. Devido \u00e0 sua excepcional dureza e durabilidade, o azulejo de granito preto absoluto \u00e9 um material preferido para bancadas, pisos, revestimentos de parede e outras aplica\u00e7\u00f5es de interiores e exteriores. Se usado como pe\u00e7a de destaque ousada ou como elemento complementar em um esquema de design, o Granito Preto Absoluto adiciona um toque de sofistica\u00e7\u00e3o e atemporalidade a qualquer espa\u00e7o.<\/p>\n","protected":false},"excerpt":{"rendered":"<p>O Granito Preto Absoluto da \u00cdndia \u00e9 uma pedra natural muito procurada, tendo suas pedreiras de granito no sul da \u00cdndia, reverenciadas por sua beleza atemporal e cor preta profunda e rica. O que diferencia o Granito Preto Absoluto \u00e9 sua apar\u00eancia preta consistente e uniforme, sem varia\u00e7\u00f5es ou padr\u00f5es significativos. Esse fundo preto s\u00f3lido &hellip; <a href=\"https:\/\/www.ratani.in\/pt\/absolute-black-granite-manufacturer-and-exporter\/\" class=\"more-link\">Continue reading<span class=\"screen-reader-text\"> &#8220;Granito preto absoluto&#8221;<\/span><\/a><\/p>\n","protected":false},"author":1,"featured_media":76,"parent":0,"menu_order":0,"comment_status":"closed","ping_status":"closed","template":"page-templates\/product.php","meta":{"footnotes":""},"translation":{"provider":"WPGlobus","version":"2.12.2","language":"pt","enabled_languages":["en","es","fr","ru","ar","zh","pt"],"languages":{"en":{"title":true,"content":true,"excerpt":false},"es":{"title":true,"content":true,"excerpt":false},"fr":{"title":true,"content":true,"excerpt":false},"ru":{"title":true,"content":true,"excerpt":false},"ar":{"title":true,"content":true,"excerpt":false},"zh":{"title":true,"content":true,"excerpt":false},"pt":{"title":true,"content":true,"excerpt":false}}},"acf":[],"_links":{"self":[{"href":"https:\/\/www.ratani.in\/pt\/wp-json\/wp\/v2\/pages\/111"}],"collection":[{"href":"https:\/\/www.ratani.in\/pt\/wp-json\/wp\/v2\/pages"}],"about":[{"href":"https:\/\/www.ratani.in\/pt\/wp-json\/wp\/v2\/types\/page"}],"author":[{"embeddable":true,"href":"https:\/\/www.ratani.in\/pt\/wp-json\/wp\/v2\/users\/1"}],"replies":[{"embeddable":true,"href":"https:\/\/www.ratani.in\/pt\/wp-json\/wp\/v2\/comments?post=111"}],"version-history":[{"count":19,"href":"https:\/\/www.ratani.in\/pt\/wp-json\/wp\/v2\/pages\/111\/revisions"}],"predecessor-version":[{"id":2697,"href":"https:\/\/www.ratani.in\/pt\/wp-json\/wp\/v2\/pages\/111\/revisions\/2697"}],"wp:featuredmedia":[{"embeddable":true,"href":"https:\/\/www.ratani.in\/pt\/wp-json\/wp\/v2\/media\/76"}],"wp:attachment":[{"href":"https:\/\/www.ratani.in\/pt\/wp-json\/wp\/v2\/media?parent=111"}],"curies":[{"name":"wp","href":"https:\/\/api.w.org\/{rel}","templated":true}]}}