{"id":139,"date":"2023-08-16T11:17:43","date_gmt":"2023-08-16T11:17:43","guid":{"rendered":"https:\/\/www.ratani.in\/?page_id=139"},"modified":"2023-09-05T12:18:59","modified_gmt":"2023-09-05T12:18:59","slug":"fish-black-granite-manufacturer-and-exporter","status":"publish","type":"page","link":"https:\/\/www.ratani.in\/pt\/fish-black-granite-manufacturer-and-exporter\/","title":{"rendered":"Granito preto Fish"},"content":{"rendered":"<p>Granito preto Fish na \u00cdndia se refere a um tipo de granito conhecido por sua cor preta escura e padr\u00f5es \u00fanicos que se assemelham \u00e0s escamas de peixe. Suas minas de granito est\u00e3o localizadas em Rajasthan, \u00cdndia. Geralmente apresenta uma base preta profunda com padr\u00f5es intricados que se assemelham \u00e0s escamas sobrepostas de peixes.<\/p>\n<p>Esses padr\u00f5es podem variar de cor, indo do cinza prateado ao branco, criando uma apar\u00eancia visualmente marcante. O granito preto Fish \u00e9 frequentemente usado em aplica\u00e7\u00f5es de design de interiores, como bancadas, pain\u00e9is traseiros e detalhes decorativos, acrescentando um toque distinto e inspirado na natureza ao espa\u00e7o.<\/p>\n","protected":false},"excerpt":{"rendered":"<p>Granito preto Fish na \u00cdndia se refere a um tipo de granito conhecido por sua cor preta escura e padr\u00f5es \u00fanicos que se assemelham \u00e0s escamas de peixe. Suas minas de granito est\u00e3o localizadas em Rajasthan, \u00cdndia. Geralmente apresenta uma base preta profunda com padr\u00f5es intricados que se assemelham \u00e0s escamas sobrepostas de peixes. Esses &hellip; <a href=\"https:\/\/www.ratani.in\/pt\/fish-black-granite-manufacturer-and-exporter\/\" class=\"more-link\">Continue reading<span class=\"screen-reader-text\"> &#8220;Granito preto Fish&#8221;<\/span><\/a><\/p>\n","protected":false},"author":1,"featured_media":140,"parent":0,"menu_order":0,"comment_status":"closed","ping_status":"closed","template":"page-templates\/product.php","meta":{"footnotes":""},"translation":{"provider":"WPGlobus","version":"2.12.2","language":"pt","enabled_languages":["en","es","fr","ru","ar","zh","pt"],"languages":{"en":{"title":true,"content":true,"excerpt":false},"es":{"title":true,"content":true,"excerpt":false},"fr":{"title":true,"content":true,"excerpt":false},"ru":{"title":true,"content":true,"excerpt":false},"ar":{"title":true,"content":true,"excerpt":false},"zh":{"title":true,"content":true,"excerpt":false},"pt":{"title":true,"content":true,"excerpt":false}}},"acf":[],"_links":{"self":[{"href":"https:\/\/www.ratani.in\/pt\/wp-json\/wp\/v2\/pages\/139"}],"collection":[{"href":"https:\/\/www.ratani.in\/pt\/wp-json\/wp\/v2\/pages"}],"about":[{"href":"https:\/\/www.ratani.in\/pt\/wp-json\/wp\/v2\/types\/page"}],"author":[{"embeddable":true,"href":"https:\/\/www.ratani.in\/pt\/wp-json\/wp\/v2\/users\/1"}],"replies":[{"embeddable":true,"href":"https:\/\/www.ratani.in\/pt\/wp-json\/wp\/v2\/comments?post=139"}],"version-history":[{"count":11,"href":"https:\/\/www.ratani.in\/pt\/wp-json\/wp\/v2\/pages\/139\/revisions"}],"predecessor-version":[{"id":2667,"href":"https:\/\/www.ratani.in\/pt\/wp-json\/wp\/v2\/pages\/139\/revisions\/2667"}],"wp:featuredmedia":[{"embeddable":true,"href":"https:\/\/www.ratani.in\/pt\/wp-json\/wp\/v2\/media\/140"}],"wp:attachment":[{"href":"https:\/\/www.ratani.in\/pt\/wp-json\/wp\/v2\/media?parent=139"}],"curies":[{"name":"wp","href":"https:\/\/api.w.org\/{rel}","templated":true}]}}