{"id":149,"date":"2023-08-16T11:21:35","date_gmt":"2023-08-16T11:21:35","guid":{"rendered":"https:\/\/www.ratani.in\/?page_id=149"},"modified":"2025-05-16T13:08:24","modified_gmt":"2025-05-16T13:08:24","slug":"kotda-black-granite-manufacturer-and-exporter","status":"publish","type":"page","link":"https:\/\/www.ratani.in\/pt\/kotda-black-granite-manufacturer-and-exporter\/","title":{"rendered":"Granito preto Kotda"},"content":{"rendered":"<p>O Granito Preto Kotda \u00e9 uma variedade cativante de granito conhecida por sua cor preta profunda e apar\u00eancia marcante. \u00c9 uma pedra natural indiana extra\u00edda das pedreiras de granito em Rajasthan, que exala eleg\u00e2ncia e sofistica\u00e7\u00e3o, tornando-o uma escolha popular para projetos de design de interiores e exteriores.<\/p>\n<p>A textura do Granito Preto Kotda \u00e9 geralmente de gr\u00e3o m\u00e9dio a grosso, oferecendo uma sensa\u00e7\u00e3o natural e t\u00e1til. Quando polido, ele exibe um belo brilho que real\u00e7a seu brilho e suavidade inerentes, acrescentando ao seu apelo visual.<\/p>\n<p>Esta variedade de granito \u00e9 amplamente utilizada em v\u00e1rias aplica\u00e7\u00f5es, incluindo bancadas de cozinha, pias de banheiro, pisos, revestimentos de parede e detalhes arquitet\u00f4nicos. Sua durabilidade, resist\u00eancia a arranh\u00f5es e baixa necessidade de manuten\u00e7\u00e3o o tornam uma escolha pr\u00e1tica.<\/p>\n<p>A tonalidade preta atemporal e a apar\u00eancia elegante do Granito Preto Kotda o tornam uma op\u00e7\u00e3o vers\u00e1til que pode complementar uma variedade de estilos de design, desde contempor\u00e2neos e minimalistas at\u00e9 tradicionais e de transi\u00e7\u00e3o.<\/p>\n","protected":false},"excerpt":{"rendered":"<p>O Granito Preto Kotda \u00e9 uma variedade cativante de granito conhecida por sua cor preta profunda e apar\u00eancia marcante. \u00c9 uma pedra natural indiana extra\u00edda das pedreiras de granito em Rajasthan, que exala eleg\u00e2ncia e sofistica\u00e7\u00e3o, tornando-o uma escolha popular para projetos de design de interiores e exteriores. A textura do Granito Preto Kotda \u00e9 &hellip; <a href=\"https:\/\/www.ratani.in\/pt\/kotda-black-granite-manufacturer-and-exporter\/\" class=\"more-link\">Continue reading<span class=\"screen-reader-text\"> &#8220;Granito preto Kotda&#8221;<\/span><\/a><\/p>\n","protected":false},"author":1,"featured_media":152,"parent":0,"menu_order":0,"comment_status":"closed","ping_status":"closed","template":"page-templates\/product.php","meta":{"footnotes":""},"translation":{"provider":"WPGlobus","version":"2.12.2","language":"pt","enabled_languages":["en","es","fr","ru","ar","zh","pt"],"languages":{"en":{"title":true,"content":true,"excerpt":false},"es":{"title":true,"content":true,"excerpt":false},"fr":{"title":true,"content":true,"excerpt":false},"ru":{"title":true,"content":true,"excerpt":false},"ar":{"title":true,"content":true,"excerpt":false},"zh":{"title":true,"content":true,"excerpt":false},"pt":{"title":true,"content":true,"excerpt":false}}},"acf":[],"_links":{"self":[{"href":"https:\/\/www.ratani.in\/pt\/wp-json\/wp\/v2\/pages\/149"}],"collection":[{"href":"https:\/\/www.ratani.in\/pt\/wp-json\/wp\/v2\/pages"}],"about":[{"href":"https:\/\/www.ratani.in\/pt\/wp-json\/wp\/v2\/types\/page"}],"author":[{"embeddable":true,"href":"https:\/\/www.ratani.in\/pt\/wp-json\/wp\/v2\/users\/1"}],"replies":[{"embeddable":true,"href":"https:\/\/www.ratani.in\/pt\/wp-json\/wp\/v2\/comments?post=149"}],"version-history":[{"count":15,"href":"https:\/\/www.ratani.in\/pt\/wp-json\/wp\/v2\/pages\/149\/revisions"}],"predecessor-version":[{"id":3302,"href":"https:\/\/www.ratani.in\/pt\/wp-json\/wp\/v2\/pages\/149\/revisions\/3302"}],"wp:featuredmedia":[{"embeddable":true,"href":"https:\/\/www.ratani.in\/pt\/wp-json\/wp\/v2\/media\/152"}],"wp:attachment":[{"href":"https:\/\/www.ratani.in\/pt\/wp-json\/wp\/v2\/media?parent=149"}],"curies":[{"name":"wp","href":"https:\/\/api.w.org\/{rel}","templated":true}]}}