{"id":212,"date":"2023-08-16T12:03:34","date_gmt":"2023-08-16T12:03:34","guid":{"rendered":"https:\/\/www.ratani.in\/?page_id=212"},"modified":"2023-09-05T12:18:15","modified_gmt":"2023-09-05T12:18:15","slug":"r-black-brown-spots-granite-manufacturer-and-exporter","status":"publish","type":"page","link":"https:\/\/www.ratani.in\/pt\/r-black-brown-spots-granite-manufacturer-and-exporter\/","title":{"rendered":"Granito preto R com pontos marrons"},"content":{"rendered":"<p>O Granito Preto de Rajasthan, na \u00cdndia, com pontos marrons \u00e9 uma variedade distinta de granito que vem do estado de Rajasthan, na \u00cdndia. \u00c9 caracterizado por seu fundo preto profundo, adornado com pontos ou manchas marrons dispersos.<\/p>\n<p>A cor prim\u00e1ria do Granito Preto de Rajasthan \u00e9 um preto rico e aveludado que cria uma est\u00e9tica ousada e dram\u00e1tica. Os pontos ou manchas marrons s\u00e3o geralmente dispersos por toda a pedra em tamanhos e densidades variados, criando um padr\u00e3o \u00fanico e adicionando interesse visual \u00e0 superf\u00edcie.<\/p>\n<p>A textura do Granito Preto de Rajasthan \u00e9 geralmente de gr\u00e3o m\u00e9dio a grosso, oferecendo uma sensa\u00e7\u00e3o natural e t\u00e1til. Frequentemente, \u00e9 polido na f\u00e1brica de granito em Rajasthan para real\u00e7ar seu brilho geral e suavidade.<\/p>\n<p>Esta variedade de granito \u00e9 amplamente utilizada tanto em aplica\u00e7\u00f5es residenciais quanto comerciais. \u00c9 comumente usado em bancadas de cozinha, pisos, revestimentos de parede, tampos de mesa e outros elementos de design de interiores e exteriores.<\/p>\n<p>O Granito Preto de Rajasthan com pontos marrons \u00e9 valorizado por sua durabilidade, resist\u00eancia a arranh\u00f5es e manchas, e sua capacidade de complementar uma variedade de estilos de design.<\/p>\n","protected":false},"excerpt":{"rendered":"<p>O Granito Preto de Rajasthan, na \u00cdndia, com pontos marrons \u00e9 uma variedade distinta de granito que vem do estado de Rajasthan, na \u00cdndia. \u00c9 caracterizado por seu fundo preto profundo, adornado com pontos ou manchas marrons dispersos. A cor prim\u00e1ria do Granito Preto de Rajasthan \u00e9 um preto rico e aveludado que cria uma &hellip; <a href=\"https:\/\/www.ratani.in\/pt\/r-black-brown-spots-granite-manufacturer-and-exporter\/\" class=\"more-link\">Continue reading<span class=\"screen-reader-text\"> &#8220;Granito preto R com pontos marrons&#8221;<\/span><\/a><\/p>\n","protected":false},"author":1,"featured_media":213,"parent":0,"menu_order":0,"comment_status":"closed","ping_status":"closed","template":"page-templates\/product.php","meta":{"footnotes":""},"translation":{"provider":"WPGlobus","version":"2.12.2","language":"pt","enabled_languages":["en","es","fr","ru","ar","zh","pt"],"languages":{"en":{"title":true,"content":true,"excerpt":false},"es":{"title":true,"content":true,"excerpt":false},"fr":{"title":true,"content":true,"excerpt":false},"ru":{"title":true,"content":true,"excerpt":false},"ar":{"title":true,"content":true,"excerpt":false},"zh":{"title":true,"content":true,"excerpt":false},"pt":{"title":true,"content":true,"excerpt":false}}},"acf":[],"_links":{"self":[{"href":"https:\/\/www.ratani.in\/pt\/wp-json\/wp\/v2\/pages\/212"}],"collection":[{"href":"https:\/\/www.ratani.in\/pt\/wp-json\/wp\/v2\/pages"}],"about":[{"href":"https:\/\/www.ratani.in\/pt\/wp-json\/wp\/v2\/types\/page"}],"author":[{"embeddable":true,"href":"https:\/\/www.ratani.in\/pt\/wp-json\/wp\/v2\/users\/1"}],"replies":[{"embeddable":true,"href":"https:\/\/www.ratani.in\/pt\/wp-json\/wp\/v2\/comments?post=212"}],"version-history":[{"count":11,"href":"https:\/\/www.ratani.in\/pt\/wp-json\/wp\/v2\/pages\/212\/revisions"}],"predecessor-version":[{"id":2666,"href":"https:\/\/www.ratani.in\/pt\/wp-json\/wp\/v2\/pages\/212\/revisions\/2666"}],"wp:featuredmedia":[{"embeddable":true,"href":"https:\/\/www.ratani.in\/pt\/wp-json\/wp\/v2\/media\/213"}],"wp:attachment":[{"href":"https:\/\/www.ratani.in\/pt\/wp-json\/wp\/v2\/media?parent=212"}],"curies":[{"name":"wp","href":"https:\/\/api.w.org\/{rel}","templated":true}]}}