{"id":222,"date":"2023-08-16T12:12:42","date_gmt":"2023-08-16T12:12:42","guid":{"rendered":"https:\/\/www.ratani.in\/?page_id=222"},"modified":"2023-09-05T12:09:37","modified_gmt":"2023-09-05T12:09:37","slug":"bengal-black-g20-granite-manufacturer-and-exporter","status":"publish","type":"page","link":"https:\/\/www.ratani.in\/pt\/bengal-black-g20-granite-manufacturer-and-exporter\/","title":{"rendered":"Granito Bengal Preto G20"},"content":{"rendered":"<p>O Granito Bengal Preto G20 da \u00cdndia \u00e9 uma pedra natural impressionante que irradia sofistica\u00e7\u00e3o e eleg\u00e2ncia atemporal. O Bengal Preto\/G20 granito tem suas minas de granito no sul da \u00cdndia. Apresenta uma cor de base preta profunda que exala um senso de luxo e refinamento. Este granito frequentemente exibe varia\u00e7\u00f5es sutis e pontos de tons mais claros de cinza ou prata, adicionando profundidade e interesse visual \u00e0 sua apar\u00eancia geral. A textura suave e consistente do Granito Bengal Preto G20 ainda mais real\u00e7a seu apelo, tornando-o uma escolha procurada para uma variedade de aplica\u00e7\u00f5es.<\/p>\n<p>uma escolha procurada para bancadas, pisos e v\u00e1rias outras aplica\u00e7\u00f5es de interiores e exteriores.<\/p>\n<p>Com sua est\u00e9tica elegante e dram\u00e1tica, o Granito Bengal Preto complementa facilmente tanto os estilos de design modernos quanto tradicionais, criando uma declara\u00e7\u00e3o ousada em qualquer espa\u00e7o.<\/p>\n","protected":false},"excerpt":{"rendered":"<p>O Granito Bengal Preto G20 da \u00cdndia \u00e9 uma pedra natural impressionante que irradia sofistica\u00e7\u00e3o e eleg\u00e2ncia atemporal. O Bengal Preto\/G20 granito tem suas minas de granito no sul da \u00cdndia. Apresenta uma cor de base preta profunda que exala um senso de luxo e refinamento. Este granito frequentemente exibe varia\u00e7\u00f5es sutis e pontos de &hellip; <a href=\"https:\/\/www.ratani.in\/pt\/bengal-black-g20-granite-manufacturer-and-exporter\/\" class=\"more-link\">Continue reading<span class=\"screen-reader-text\"> &#8220;Granito Bengal Preto G20&#8221;<\/span><\/a><\/p>\n","protected":false},"author":1,"featured_media":223,"parent":0,"menu_order":0,"comment_status":"closed","ping_status":"closed","template":"page-templates\/product.php","meta":{"footnotes":""},"translation":{"provider":"WPGlobus","version":"2.12.2","language":"pt","enabled_languages":["en","es","fr","ru","ar","zh","pt"],"languages":{"en":{"title":true,"content":true,"excerpt":false},"es":{"title":true,"content":true,"excerpt":false},"fr":{"title":true,"content":true,"excerpt":false},"ru":{"title":true,"content":true,"excerpt":false},"ar":{"title":true,"content":true,"excerpt":false},"zh":{"title":true,"content":true,"excerpt":false},"pt":{"title":true,"content":true,"excerpt":false}}},"acf":[],"_links":{"self":[{"href":"https:\/\/www.ratani.in\/pt\/wp-json\/wp\/v2\/pages\/222"}],"collection":[{"href":"https:\/\/www.ratani.in\/pt\/wp-json\/wp\/v2\/pages"}],"about":[{"href":"https:\/\/www.ratani.in\/pt\/wp-json\/wp\/v2\/types\/page"}],"author":[{"embeddable":true,"href":"https:\/\/www.ratani.in\/pt\/wp-json\/wp\/v2\/users\/1"}],"replies":[{"embeddable":true,"href":"https:\/\/www.ratani.in\/pt\/wp-json\/wp\/v2\/comments?post=222"}],"version-history":[{"count":12,"href":"https:\/\/www.ratani.in\/pt\/wp-json\/wp\/v2\/pages\/222\/revisions"}],"predecessor-version":[{"id":2660,"href":"https:\/\/www.ratani.in\/pt\/wp-json\/wp\/v2\/pages\/222\/revisions\/2660"}],"wp:featuredmedia":[{"embeddable":true,"href":"https:\/\/www.ratani.in\/pt\/wp-json\/wp\/v2\/media\/223"}],"wp:attachment":[{"href":"https:\/\/www.ratani.in\/pt\/wp-json\/wp\/v2\/media?parent=222"}],"curies":[{"name":"wp","href":"https:\/\/api.w.org\/{rel}","templated":true}]}}