{"id":232,"date":"2023-08-16T12:16:11","date_gmt":"2023-08-16T12:16:11","guid":{"rendered":"https:\/\/www.ratani.in\/?page_id=232"},"modified":"2023-09-05T12:21:18","modified_gmt":"2023-09-05T12:21:18","slug":"black-beauty-granite-manufacturer-and-exporter","status":"publish","type":"page","link":"https:\/\/www.ratani.in\/pt\/black-beauty-granite-manufacturer-and-exporter\/","title":{"rendered":"Granito Preto Beauty"},"content":{"rendered":"<p>O Granito Preto Beauty da \u00cdndia \u00e9 uma pedra natural cativante e elegante, renomada por sua cor preta profunda e beleza requintada. \u00c9 uma escolha popular para criar uma atmosfera sofisticada e luxuosa em diversos projetos de design.<\/p>\n<p>Os Granitos Preto Beauty na \u00cdndia s\u00e3o processados em f\u00e1bricas de granito no sul da \u00cdndia. Possui um rico fundo preto uniforme com redemoinhos brancos por toda parte, que exala uma sensa\u00e7\u00e3o de profundidade e atemporalidade. Sua superf\u00edcie elegante e polida reflete a luz, criando um impacto visual marcante e adicionando um toque de glamour a qualquer espa\u00e7o.<\/p>\n<p>Ele possui um acabamento liso e brilhante, real\u00e7ando seu brilho e suavidade inerentes, elevando ainda mais seu apelo est\u00e9tico.<\/p>\n<p>Essa variedade de granito \u00e9 amplamente usada tanto em aplica\u00e7\u00f5es de interiores quanto exteriores. \u00c9 comumente utilizada para bancadas de cozinha, pias de banheiro, pisos, revestimentos de parede e detalhes arquitet\u00f4nicos. Sua durabilidade, resist\u00eancia a arranh\u00f5es e baixa necessidade de manuten\u00e7\u00e3o o tornam uma escolha pr\u00e1tica para \u00e1reas de grande circula\u00e7\u00e3o.<\/p>\n<p>Ele serve como um cen\u00e1rio deslumbrante para destacar outros elementos de design e criar uma sensa\u00e7\u00e3o de drama e sofistica\u00e7\u00e3o.<\/p>\n","protected":false},"excerpt":{"rendered":"<p>O Granito Preto Beauty da \u00cdndia \u00e9 uma pedra natural cativante e elegante, renomada por sua cor preta profunda e beleza requintada. \u00c9 uma escolha popular para criar uma atmosfera sofisticada e luxuosa em diversos projetos de design. Os Granitos Preto Beauty na \u00cdndia s\u00e3o processados em f\u00e1bricas de granito no sul da \u00cdndia. Possui &hellip; <a href=\"https:\/\/www.ratani.in\/pt\/black-beauty-granite-manufacturer-and-exporter\/\" class=\"more-link\">Continue reading<span class=\"screen-reader-text\"> &#8220;Granito Preto Beauty&#8221;<\/span><\/a><\/p>\n","protected":false},"author":1,"featured_media":237,"parent":0,"menu_order":0,"comment_status":"closed","ping_status":"closed","template":"page-templates\/product.php","meta":{"footnotes":""},"translation":{"provider":"WPGlobus","version":"2.12.2","language":"pt","enabled_languages":["en","es","fr","ru","ar","zh","pt"],"languages":{"en":{"title":true,"content":true,"excerpt":false},"es":{"title":true,"content":true,"excerpt":false},"fr":{"title":true,"content":true,"excerpt":false},"ru":{"title":true,"content":true,"excerpt":false},"ar":{"title":true,"content":true,"excerpt":false},"zh":{"title":true,"content":true,"excerpt":false},"pt":{"title":true,"content":true,"excerpt":false}}},"acf":[],"_links":{"self":[{"href":"https:\/\/www.ratani.in\/pt\/wp-json\/wp\/v2\/pages\/232"}],"collection":[{"href":"https:\/\/www.ratani.in\/pt\/wp-json\/wp\/v2\/pages"}],"about":[{"href":"https:\/\/www.ratani.in\/pt\/wp-json\/wp\/v2\/types\/page"}],"author":[{"embeddable":true,"href":"https:\/\/www.ratani.in\/pt\/wp-json\/wp\/v2\/users\/1"}],"replies":[{"embeddable":true,"href":"https:\/\/www.ratani.in\/pt\/wp-json\/wp\/v2\/comments?post=232"}],"version-history":[{"count":11,"href":"https:\/\/www.ratani.in\/pt\/wp-json\/wp\/v2\/pages\/232\/revisions"}],"predecessor-version":[{"id":2668,"href":"https:\/\/www.ratani.in\/pt\/wp-json\/wp\/v2\/pages\/232\/revisions\/2668"}],"wp:featuredmedia":[{"embeddable":true,"href":"https:\/\/www.ratani.in\/pt\/wp-json\/wp\/v2\/media\/237"}],"wp:attachment":[{"href":"https:\/\/www.ratani.in\/pt\/wp-json\/wp\/v2\/media?parent=232"}],"curies":[{"name":"wp","href":"https:\/\/api.w.org\/{rel}","templated":true}]}}