{"id":242,"date":"2023-08-16T12:22:47","date_gmt":"2023-08-16T12:22:47","guid":{"rendered":"https:\/\/www.ratani.in\/?page_id=242"},"modified":"2023-09-05T12:22:01","modified_gmt":"2023-09-05T12:22:01","slug":"black-forest-granite-manufacturer-and-exporter","status":"publish","type":"page","link":"https:\/\/www.ratani.in\/pt\/black-forest-granite-manufacturer-and-exporter\/","title":{"rendered":"Granito Preto Forest"},"content":{"rendered":"<p>O Granito Preto Forest na \u00cdndia \u00e9 uma impressionante pedra natural renomada por sua cor escura e rica. O Granito Preto Forest \u00e9 uma pedra natural no sul da \u00cdndia, que apresenta um fundo preto s\u00f3lido com padr\u00f5es intrincados de veios cinza, branco e, \u00e0s vezes, at\u00e9 dourados ou marrons. Esses veios e manchas podem variar em tamanho, densidade e distribui\u00e7\u00e3o, conferindo a cada laje uma apar\u00eancia \u00fanica e chamativa. As cores contrastantes e os padr\u00f5es intricados criam uma sensa\u00e7\u00e3o de profundidade e movimento, adicionando interesse visual a qualquer espa\u00e7o. A textura do Granito Black Forest \u00e9 tipicamente de gr\u00e3o fino e polida, real\u00e7ando seu acabamento suave e elegante.<\/p>\n<p>Este granito \u00e9 comumente usado para bancadas, pisos, pain\u00e9is traseiros e paredes de destaque, onde sua presen\u00e7a ousada e dram\u00e1tica cria um ponto focal impressionante. O Granito Black Forest traz uma sensa\u00e7\u00e3o de sofistica\u00e7\u00e3o e beleza atemporal, tornando-o uma op\u00e7\u00e3o cativante para aplica\u00e7\u00f5es residenciais e comerciais.<\/p>\n","protected":false},"excerpt":{"rendered":"<p>O Granito Preto Forest na \u00cdndia \u00e9 uma impressionante pedra natural renomada por sua cor escura e rica. O Granito Preto Forest \u00e9 uma pedra natural no sul da \u00cdndia, que apresenta um fundo preto s\u00f3lido com padr\u00f5es intrincados de veios cinza, branco e, \u00e0s vezes, at\u00e9 dourados ou marrons. Esses veios e manchas podem &hellip; <a href=\"https:\/\/www.ratani.in\/pt\/black-forest-granite-manufacturer-and-exporter\/\" class=\"more-link\">Continue reading<span class=\"screen-reader-text\"> &#8220;Granito Preto Forest&#8221;<\/span><\/a><\/p>\n","protected":false},"author":1,"featured_media":247,"parent":0,"menu_order":0,"comment_status":"closed","ping_status":"closed","template":"page-templates\/product.php","meta":{"footnotes":""},"translation":{"provider":"WPGlobus","version":"2.12.2","language":"pt","enabled_languages":["en","es","fr","ru","ar","zh","pt"],"languages":{"en":{"title":true,"content":true,"excerpt":false},"es":{"title":true,"content":true,"excerpt":false},"fr":{"title":true,"content":true,"excerpt":false},"ru":{"title":true,"content":true,"excerpt":false},"ar":{"title":true,"content":true,"excerpt":false},"zh":{"title":true,"content":true,"excerpt":false},"pt":{"title":true,"content":true,"excerpt":false}}},"acf":[],"_links":{"self":[{"href":"https:\/\/www.ratani.in\/pt\/wp-json\/wp\/v2\/pages\/242"}],"collection":[{"href":"https:\/\/www.ratani.in\/pt\/wp-json\/wp\/v2\/pages"}],"about":[{"href":"https:\/\/www.ratani.in\/pt\/wp-json\/wp\/v2\/types\/page"}],"author":[{"embeddable":true,"href":"https:\/\/www.ratani.in\/pt\/wp-json\/wp\/v2\/users\/1"}],"replies":[{"embeddable":true,"href":"https:\/\/www.ratani.in\/pt\/wp-json\/wp\/v2\/comments?post=242"}],"version-history":[{"count":14,"href":"https:\/\/www.ratani.in\/pt\/wp-json\/wp\/v2\/pages\/242\/revisions"}],"predecessor-version":[{"id":2669,"href":"https:\/\/www.ratani.in\/pt\/wp-json\/wp\/v2\/pages\/242\/revisions\/2669"}],"wp:featuredmedia":[{"embeddable":true,"href":"https:\/\/www.ratani.in\/pt\/wp-json\/wp\/v2\/media\/247"}],"wp:attachment":[{"href":"https:\/\/www.ratani.in\/pt\/wp-json\/wp\/v2\/media?parent=242"}],"curies":[{"name":"wp","href":"https:\/\/api.w.org\/{rel}","templated":true}]}}