{"id":25,"date":"2023-08-07T08:35:07","date_gmt":"2023-08-07T08:35:07","guid":{"rendered":"https:\/\/www.ratani.in\/?page_id=25"},"modified":"2025-05-16T13:06:13","modified_gmt":"2025-05-16T13:06:13","slug":"granite-mine-company-in-india","status":"publish","type":"page","link":"https:\/\/www.ratani.in\/pt\/granite-mine-company-in-india\/","title":{"rendered":"Sobre n\u00f3s"},"content":{"rendered":"<p>Na Ratani, temos orgulho de ser um dos principais fornecedores de granito da \u00cdndia para uma variedade de produtos, incluindo aqueles que adicionam eleg\u00e2ncia, durabilidade e um acabamento natural a cada espa\u00e7o. Nossa jornada come\u00e7ou com uma ideia e paix\u00e3o por oferecer ao mundo as pedras naturais da \u00cdndia, operando como uma planta de processamento de granito na \u00cdndia, e uma vis\u00e3o de criar um ambiente not\u00e1vel como um s\u00edmbolo de beleza e sofistica\u00e7\u00e3o. Crescemos e nos tornamos um nome confi\u00e1vel na ind\u00fastria, com dedica\u00e7\u00e3o para fornecer artesanato e atendimento ao cliente de alta qualidade aos nossos clientes. Nossa f\u00e1brica de granito na \u00cdndia garante que ofere\u00e7amos aos nossos clientes a melhor sele\u00e7\u00e3o de granito indiano extra\u00eddo de pedreiras.<\/p>\n<p>Na Ratani, reconhecemos que cada projeto e cada necessidade \u00e9 diferente. Nossa equipe experiente de profissionais qualificados seleciona meticulosamente blocos de granito das minas de granito na \u00cdndia que est\u00e3o alinhados com as vis\u00f5es e os requisitos dos clientes. Nossa equipe inspeciona a laje quanto \u00e0 cor, varia\u00e7\u00f5es, diferentes padr\u00f5es e durabilidade, garantindo que o produto final atenda aos mais altos padr\u00f5es de qualidade e est\u00e9tica.<\/p>\n","protected":false},"excerpt":{"rendered":"<p>Na Ratani, temos orgulho de ser um dos principais fornecedores de granito da \u00cdndia para uma variedade de produtos, incluindo aqueles que adicionam eleg\u00e2ncia, durabilidade e um acabamento natural a cada espa\u00e7o. Nossa jornada come\u00e7ou com uma ideia e paix\u00e3o por oferecer ao mundo as pedras naturais da \u00cdndia, operando como uma planta de processamento &hellip; <a href=\"https:\/\/www.ratani.in\/pt\/granite-mine-company-in-india\/\" class=\"more-link\">Continue reading<span class=\"screen-reader-text\"> &#8220;Sobre n\u00f3s&#8221;<\/span><\/a><\/p>\n","protected":false},"author":1,"featured_media":138,"parent":0,"menu_order":0,"comment_status":"closed","ping_status":"closed","template":"page-templates\/about.php","meta":{"footnotes":""},"translation":{"provider":"WPGlobus","version":"2.12.2","language":"pt","enabled_languages":["en","es","fr","ru","ar","zh","pt"],"languages":{"en":{"title":true,"content":true,"excerpt":false},"es":{"title":true,"content":true,"excerpt":false},"fr":{"title":true,"content":true,"excerpt":false},"ru":{"title":true,"content":true,"excerpt":false},"ar":{"title":true,"content":true,"excerpt":false},"zh":{"title":true,"content":true,"excerpt":false},"pt":{"title":true,"content":true,"excerpt":false}}},"acf":[],"_links":{"self":[{"href":"https:\/\/www.ratani.in\/pt\/wp-json\/wp\/v2\/pages\/25"}],"collection":[{"href":"https:\/\/www.ratani.in\/pt\/wp-json\/wp\/v2\/pages"}],"about":[{"href":"https:\/\/www.ratani.in\/pt\/wp-json\/wp\/v2\/types\/page"}],"author":[{"embeddable":true,"href":"https:\/\/www.ratani.in\/pt\/wp-json\/wp\/v2\/users\/1"}],"replies":[{"embeddable":true,"href":"https:\/\/www.ratani.in\/pt\/wp-json\/wp\/v2\/comments?post=25"}],"version-history":[{"count":19,"href":"https:\/\/www.ratani.in\/pt\/wp-json\/wp\/v2\/pages\/25\/revisions"}],"predecessor-version":[{"id":3299,"href":"https:\/\/www.ratani.in\/pt\/wp-json\/wp\/v2\/pages\/25\/revisions\/3299"}],"wp:featuredmedia":[{"embeddable":true,"href":"https:\/\/www.ratani.in\/pt\/wp-json\/wp\/v2\/media\/138"}],"wp:attachment":[{"href":"https:\/\/www.ratani.in\/pt\/wp-json\/wp\/v2\/media?parent=25"}],"curies":[{"name":"wp","href":"https:\/\/api.w.org\/{rel}","templated":true}]}}