{"id":252,"date":"2023-08-16T12:27:55","date_gmt":"2023-08-16T12:27:55","guid":{"rendered":"https:\/\/www.ratani.in\/?page_id=252"},"modified":"2025-05-16T13:12:43","modified_gmt":"2025-05-16T13:12:43","slug":"black-galaxy-granite-manufacturer-and-exporter","status":"publish","type":"page","link":"https:\/\/www.ratani.in\/pt\/black-galaxy-granite-manufacturer-and-exporter\/","title":{"rendered":"Granito Preto Galaxy"},"content":{"rendered":"<p>O Granito Preto Galaxy na \u00cdndia \u00e9 uma impressionante pedra natural conhecida por sua apar\u00eancia escura e cativante. \u00c9 principalmente extra\u00eddo de minas em Andhra Pradesh, na \u00cdndia. Este granito apresenta um fundo preto profundo, adornado com pequenos pontos reflexivos de ouro ou prata acobreados, que se assemelham a um c\u00e9u estrelado. Esses pontos cintilantes, frequentemente chamados de forma\u00e7\u00f5es &#8220;gal\u00e1xia&#8221; ou &#8220;constela\u00e7\u00e3o&#8221;, criam um efeito hipnotizante e conferem \u00e0 pedra seu car\u00e1ter \u00fanico e elegante.<\/p>\n<p>As placas de granito Preto Galaxy s\u00e3o comumente usadas em v\u00e1rias aplica\u00e7\u00f5es, como bancadas, pisos, pain\u00e9is traseiros e revestimentos de parede, adicionando um toque de luxo e sofistica\u00e7\u00e3o a qualquer espa\u00e7o. A durabilidade das lajes de granito Preto Galaxy, sua resist\u00eancia ao calor e a arranh\u00f5es, al\u00e9m de seu apelo visual distintivo, tornam-no uma escolha popular entre propriet\u00e1rios e designers.<\/p>\n","protected":false},"excerpt":{"rendered":"<p>O Granito Preto Galaxy na \u00cdndia \u00e9 uma impressionante pedra natural conhecida por sua apar\u00eancia escura e cativante. \u00c9 principalmente extra\u00eddo de minas em Andhra Pradesh, na \u00cdndia. Este granito apresenta um fundo preto profundo, adornado com pequenos pontos reflexivos de ouro ou prata acobreados, que se assemelham a um c\u00e9u estrelado. Esses pontos cintilantes, &hellip; <a href=\"https:\/\/www.ratani.in\/pt\/black-galaxy-granite-manufacturer-and-exporter\/\" class=\"more-link\">Continue reading<span class=\"screen-reader-text\"> &#8220;Granito Preto Galaxy&#8221;<\/span><\/a><\/p>\n","protected":false},"author":1,"featured_media":260,"parent":0,"menu_order":0,"comment_status":"closed","ping_status":"closed","template":"page-templates\/product.php","meta":{"footnotes":""},"translation":{"provider":"WPGlobus","version":"2.12.2","language":"pt","enabled_languages":["en","es","fr","ru","ar","zh","pt"],"languages":{"en":{"title":true,"content":true,"excerpt":false},"es":{"title":true,"content":true,"excerpt":false},"fr":{"title":true,"content":true,"excerpt":false},"ru":{"title":true,"content":true,"excerpt":false},"ar":{"title":true,"content":true,"excerpt":false},"zh":{"title":true,"content":true,"excerpt":false},"pt":{"title":true,"content":true,"excerpt":false}}},"acf":[],"_links":{"self":[{"href":"https:\/\/www.ratani.in\/pt\/wp-json\/wp\/v2\/pages\/252"}],"collection":[{"href":"https:\/\/www.ratani.in\/pt\/wp-json\/wp\/v2\/pages"}],"about":[{"href":"https:\/\/www.ratani.in\/pt\/wp-json\/wp\/v2\/types\/page"}],"author":[{"embeddable":true,"href":"https:\/\/www.ratani.in\/pt\/wp-json\/wp\/v2\/users\/1"}],"replies":[{"embeddable":true,"href":"https:\/\/www.ratani.in\/pt\/wp-json\/wp\/v2\/comments?post=252"}],"version-history":[{"count":15,"href":"https:\/\/www.ratani.in\/pt\/wp-json\/wp\/v2\/pages\/252\/revisions"}],"predecessor-version":[{"id":2687,"href":"https:\/\/www.ratani.in\/pt\/wp-json\/wp\/v2\/pages\/252\/revisions\/2687"}],"wp:featuredmedia":[{"embeddable":true,"href":"https:\/\/www.ratani.in\/pt\/wp-json\/wp\/v2\/media\/260"}],"wp:attachment":[{"href":"https:\/\/www.ratani.in\/pt\/wp-json\/wp\/v2\/media?parent=252"}],"curies":[{"name":"wp","href":"https:\/\/api.w.org\/{rel}","templated":true}]}}