{"id":262,"date":"2023-08-16T12:31:05","date_gmt":"2023-08-16T12:31:05","guid":{"rendered":"https:\/\/www.ratani.in\/?page_id=262"},"modified":"2023-09-05T12:11:29","modified_gmt":"2023-09-05T12:11:29","slug":"river-black-granite-manufacturer-and-exporter","status":"publish","type":"page","link":"https:\/\/www.ratani.in\/pt\/river-black-granite-manufacturer-and-exporter\/","title":{"rendered":"Granito River Preto"},"content":{"rendered":"<p>O Granito River Preto da \u00cdndia \u00e9 uma pedra natural cativante que exibe uma est\u00e9tica rica e sofisticada e possui sua planta de processamento de granito no sul da \u00cdndia. \u00c9 caracterizado por uma cor de base preta profunda com veios ocasionais e padr\u00f5es em tons de cinza, prata ou branco. Os veios fluindo dentro da pedra se assemelham ao curso sinuoso de um rio, dando-lhe uma sensa\u00e7\u00e3o de movimento e profundidade. Os tons escuros e contrastantes deste granito criam um visual ousado e dram\u00e1tico, tornando-o uma escolha ideal para adicionar um toque de luxo a v\u00e1rias aplica\u00e7\u00f5es de interiores e exteriores.<\/p>\n<p>O Granito River Preto na \u00cdndia \u00e9 frequentemente usado em bancadas, pisos, revestimentos de parede e pe\u00e7as de destaque, permitindo elevar o apelo visual de qualquer espa\u00e7o. Sua durabilidade inerente e beleza atemporal tornam o Granito River Preto uma op\u00e7\u00e3o popular para aqueles que buscam uma pedra natural refinada e marcante.<\/p>\n","protected":false},"excerpt":{"rendered":"<p>O Granito River Preto da \u00cdndia \u00e9 uma pedra natural cativante que exibe uma est\u00e9tica rica e sofisticada e possui sua planta de processamento de granito no sul da \u00cdndia. \u00c9 caracterizado por uma cor de base preta profunda com veios ocasionais e padr\u00f5es em tons de cinza, prata ou branco. Os veios fluindo dentro &hellip; <a href=\"https:\/\/www.ratani.in\/pt\/river-black-granite-manufacturer-and-exporter\/\" class=\"more-link\">Continue reading<span class=\"screen-reader-text\"> &#8220;Granito River Preto&#8221;<\/span><\/a><\/p>\n","protected":false},"author":1,"featured_media":263,"parent":0,"menu_order":0,"comment_status":"closed","ping_status":"closed","template":"page-templates\/product.php","meta":{"footnotes":""},"translation":{"provider":"WPGlobus","version":"2.12.2","language":"pt","enabled_languages":["en","es","fr","ru","ar","zh","pt"],"languages":{"en":{"title":true,"content":true,"excerpt":false},"es":{"title":true,"content":true,"excerpt":false},"fr":{"title":true,"content":true,"excerpt":false},"ru":{"title":true,"content":true,"excerpt":false},"ar":{"title":true,"content":true,"excerpt":false},"zh":{"title":true,"content":true,"excerpt":false},"pt":{"title":true,"content":true,"excerpt":false}}},"acf":[],"_links":{"self":[{"href":"https:\/\/www.ratani.in\/pt\/wp-json\/wp\/v2\/pages\/262"}],"collection":[{"href":"https:\/\/www.ratani.in\/pt\/wp-json\/wp\/v2\/pages"}],"about":[{"href":"https:\/\/www.ratani.in\/pt\/wp-json\/wp\/v2\/types\/page"}],"author":[{"embeddable":true,"href":"https:\/\/www.ratani.in\/pt\/wp-json\/wp\/v2\/users\/1"}],"replies":[{"embeddable":true,"href":"https:\/\/www.ratani.in\/pt\/wp-json\/wp\/v2\/comments?post=262"}],"version-history":[{"count":13,"href":"https:\/\/www.ratani.in\/pt\/wp-json\/wp\/v2\/pages\/262\/revisions"}],"predecessor-version":[{"id":2380,"href":"https:\/\/www.ratani.in\/pt\/wp-json\/wp\/v2\/pages\/262\/revisions\/2380"}],"wp:featuredmedia":[{"embeddable":true,"href":"https:\/\/www.ratani.in\/pt\/wp-json\/wp\/v2\/media\/263"}],"wp:attachment":[{"href":"https:\/\/www.ratani.in\/pt\/wp-json\/wp\/v2\/media?parent=262"}],"curies":[{"name":"wp","href":"https:\/\/api.w.org\/{rel}","templated":true}]}}