{"id":282,"date":"2023-08-16T12:34:55","date_gmt":"2023-08-16T12:34:55","guid":{"rendered":"https:\/\/www.ratani.in\/?page_id=282"},"modified":"2023-09-05T12:14:56","modified_gmt":"2023-09-05T12:14:56","slug":"titanium-black-granite-manufacturer-and-exporter","status":"publish","type":"page","link":"https:\/\/www.ratani.in\/pt\/titanium-black-granite-manufacturer-and-exporter\/","title":{"rendered":"Granito Titanium Preto"},"content":{"rendered":"<p>O Granito Titanium Preto \u00e9 uma pedra natural deslumbrante e audaciosa conhecida por sua cor preta profunda e apar\u00eancia met\u00e1lica. \u00c9 uma escolha popular entre os fornecedores de granito no sul da \u00cdndia para aqueles que buscam uma est\u00e9tica luxuosa e contempor\u00e2nea em seus projetos de design.<\/p>\n<p>O Granito Titanium Preto apresenta um fundo preto consistente e uniforme que exala uma atmosfera elegante e sofisticada. Sua superf\u00edcie frequentemente exibe um brilho met\u00e1lico ou uma qualidade reflexiva, adicionando um toque de glamour e modernidade a qualquer espa\u00e7o.<\/p>\n<p>Essa variedade de granito \u00e9 comumente usada para uma variedade de aplica\u00e7\u00f5es, tanto em ambientes internos quanto externos. \u00c9 frequentemente usado para bancadas de cozinha, pias de banheiro, pisos, revestimentos de parede e detalhes arquitet\u00f4nicos. Sua durabilidade, resist\u00eancia ao calor e a arranh\u00f5es, al\u00e9m de suas baixas necessidades de manuten\u00e7\u00e3o, o tornam uma escolha pr\u00e1tica para \u00e1reas de grande circula\u00e7\u00e3o.<\/p>\n<p>A cor preta profunda e a apar\u00eancia met\u00e1lica do Granito Titanium Preto o tornam uma pe\u00e7a ousada em qualquer esquema de design. Ele complementa estilos de design contempor\u00e2neos, modernos e industriais, adicionando um toque de drama e sofistica\u00e7\u00e3o. Ele tamb\u00e9m combina bem com cores e materiais contrastantes, criando um espa\u00e7o visualmente din\u00e2mico e cativante.<\/p>\n","protected":false},"excerpt":{"rendered":"<p>O Granito Titanium Preto \u00e9 uma pedra natural deslumbrante e audaciosa conhecida por sua cor preta profunda e apar\u00eancia met\u00e1lica. \u00c9 uma escolha popular entre os fornecedores de granito no sul da \u00cdndia para aqueles que buscam uma est\u00e9tica luxuosa e contempor\u00e2nea em seus projetos de design. O Granito Titanium Preto apresenta um fundo preto &hellip; <a href=\"https:\/\/www.ratani.in\/pt\/titanium-black-granite-manufacturer-and-exporter\/\" class=\"more-link\">Continue reading<span class=\"screen-reader-text\"> &#8220;Granito Titanium Preto&#8221;<\/span><\/a><\/p>\n","protected":false},"author":1,"featured_media":290,"parent":0,"menu_order":0,"comment_status":"closed","ping_status":"closed","template":"page-templates\/product.php","meta":{"footnotes":""},"translation":{"provider":"WPGlobus","version":"2.12.2","language":"pt","enabled_languages":["en","es","fr","ru","ar","zh","pt"],"languages":{"en":{"title":true,"content":true,"excerpt":false},"es":{"title":true,"content":true,"excerpt":false},"fr":{"title":true,"content":true,"excerpt":false},"ru":{"title":true,"content":true,"excerpt":false},"ar":{"title":true,"content":true,"excerpt":false},"zh":{"title":true,"content":true,"excerpt":false},"pt":{"title":true,"content":true,"excerpt":false}}},"acf":[],"_links":{"self":[{"href":"https:\/\/www.ratani.in\/pt\/wp-json\/wp\/v2\/pages\/282"}],"collection":[{"href":"https:\/\/www.ratani.in\/pt\/wp-json\/wp\/v2\/pages"}],"about":[{"href":"https:\/\/www.ratani.in\/pt\/wp-json\/wp\/v2\/types\/page"}],"author":[{"embeddable":true,"href":"https:\/\/www.ratani.in\/pt\/wp-json\/wp\/v2\/users\/1"}],"replies":[{"embeddable":true,"href":"https:\/\/www.ratani.in\/pt\/wp-json\/wp\/v2\/comments?post=282"}],"version-history":[{"count":14,"href":"https:\/\/www.ratani.in\/pt\/wp-json\/wp\/v2\/pages\/282\/revisions"}],"predecessor-version":[{"id":2539,"href":"https:\/\/www.ratani.in\/pt\/wp-json\/wp\/v2\/pages\/282\/revisions\/2539"}],"wp:featuredmedia":[{"embeddable":true,"href":"https:\/\/www.ratani.in\/pt\/wp-json\/wp\/v2\/media\/290"}],"wp:attachment":[{"href":"https:\/\/www.ratani.in\/pt\/wp-json\/wp\/v2\/media?parent=282"}],"curies":[{"name":"wp","href":"https:\/\/api.w.org\/{rel}","templated":true}]}}