{"id":292,"date":"2023-08-16T13:24:14","date_gmt":"2023-08-16T13:24:14","guid":{"rendered":"https:\/\/www.ratani.in\/?page_id=292"},"modified":"2023-09-01T12:59:38","modified_gmt":"2023-09-01T12:59:38","slug":"alaska-white-granite-manufacturer-and-exporter","status":"publish","type":"page","link":"https:\/\/www.ratani.in\/pt\/alaska-white-granite-manufacturer-and-exporter\/","title":{"rendered":"Granito Alaska branco"},"content":{"rendered":"<p>O Granito Alaska branco \u00e9 conhecido por sua cor de fundo clara, que \u00e9 tipicamente um branco cremoso ou cinza claro. O Granito Alaska White na \u00cdndia \u00e9 caracterizado por seus padr\u00f5es intricados de cores contrastantes, incluindo tons de cinza, bege e preto. Esses padr\u00f5es podem se assemelhar a delicadas veias ou ondas fluindo, adicionando profundidade e interesse visual \u00e0 superf\u00edcie da pedra.<\/p>\n<p>Com um acabamento polido na planta de processamento de granito no Norte da \u00cdndia, o Granito Alaska branco exibe um belo brilho que real\u00e7a sua apar\u00eancia geral. A combina\u00e7\u00e3o de seu fundo claro e acentos mais escuros permite que ele se misture perfeitamente com v\u00e1rios estilos de design, tornando-o uma escolha vers\u00e1til tanto para configura\u00e7\u00f5es contempor\u00e2neas quanto tradicionais.<\/p>\n<p>O Granito Alaska branco \u00e9 comumente usado para bancadas, pain\u00e9is de fundo e detalhes em cozinhas e banheiros. Ele traz uma sensa\u00e7\u00e3o de eleg\u00e2ncia e sofistica\u00e7\u00e3o aos espa\u00e7os, enquanto sua durabilidade e resist\u00eancia ao calor e a arranh\u00f5es o tornam uma op\u00e7\u00e3o pr\u00e1tica e duradoura para superf\u00edcies que suportam uso di\u00e1rio intenso.<\/p>\n","protected":false},"excerpt":{"rendered":"<p>O Granito Alaska branco \u00e9 conhecido por sua cor de fundo clara, que \u00e9 tipicamente um branco cremoso ou cinza claro. O Granito Alaska White na \u00cdndia \u00e9 caracterizado por seus padr\u00f5es intricados de cores contrastantes, incluindo tons de cinza, bege e preto. Esses padr\u00f5es podem se assemelhar a delicadas veias ou ondas fluindo, adicionando &hellip; <a href=\"https:\/\/www.ratani.in\/pt\/alaska-white-granite-manufacturer-and-exporter\/\" class=\"more-link\">Continue reading<span class=\"screen-reader-text\"> &#8220;Granito Alaska branco&#8221;<\/span><\/a><\/p>\n","protected":false},"author":1,"featured_media":293,"parent":0,"menu_order":0,"comment_status":"closed","ping_status":"closed","template":"page-templates\/product.php","meta":{"footnotes":""},"translation":{"provider":"WPGlobus","version":"2.12.2","language":"pt","enabled_languages":["en","es","fr","ru","ar","zh","pt"],"languages":{"en":{"title":true,"content":true,"excerpt":false},"es":{"title":true,"content":true,"excerpt":false},"fr":{"title":true,"content":true,"excerpt":false},"ru":{"title":true,"content":true,"excerpt":false},"ar":{"title":true,"content":true,"excerpt":false},"zh":{"title":true,"content":true,"excerpt":false},"pt":{"title":true,"content":true,"excerpt":false}}},"acf":[],"_links":{"self":[{"href":"https:\/\/www.ratani.in\/pt\/wp-json\/wp\/v2\/pages\/292"}],"collection":[{"href":"https:\/\/www.ratani.in\/pt\/wp-json\/wp\/v2\/pages"}],"about":[{"href":"https:\/\/www.ratani.in\/pt\/wp-json\/wp\/v2\/types\/page"}],"author":[{"embeddable":true,"href":"https:\/\/www.ratani.in\/pt\/wp-json\/wp\/v2\/users\/1"}],"replies":[{"embeddable":true,"href":"https:\/\/www.ratani.in\/pt\/wp-json\/wp\/v2\/comments?post=292"}],"version-history":[{"count":11,"href":"https:\/\/www.ratani.in\/pt\/wp-json\/wp\/v2\/pages\/292\/revisions"}],"predecessor-version":[{"id":2556,"href":"https:\/\/www.ratani.in\/pt\/wp-json\/wp\/v2\/pages\/292\/revisions\/2556"}],"wp:featuredmedia":[{"embeddable":true,"href":"https:\/\/www.ratani.in\/pt\/wp-json\/wp\/v2\/media\/293"}],"wp:attachment":[{"href":"https:\/\/www.ratani.in\/pt\/wp-json\/wp\/v2\/media?parent=292"}],"curies":[{"name":"wp","href":"https:\/\/api.w.org\/{rel}","templated":true}]}}