{"id":3013,"date":"2024-10-13T10:40:35","date_gmt":"2024-10-13T10:40:35","guid":{"rendered":"https:\/\/www.ratani.in\/?page_id=3013"},"modified":"2025-01-07T12:27:07","modified_gmt":"2025-01-07T12:27:07","slug":"granite-balls","status":"publish","type":"page","link":"https:\/\/www.ratani.in\/pt\/granite-balls\/","title":{"rendered":"Bolas de Granito"},"content":{"rendered":"<p>N\u00f3s da Ratani temos grande satisfa\u00e7\u00e3o em criar impressionantes bolas de granito que s\u00e3o um s\u00edmbolo de gra\u00e7a, durabilidade e beleza. Sendo o principal fabricante de bolas de granito na \u00cdndia, temos experi\u00eancia na produ\u00e7\u00e3o de bolas de granito requintadas que ficam \u00f3timas como elementos decorativos para jardins, decora\u00e7\u00e3o de casa e memoriais. Nossas bolas de granito lindamente feitas s\u00e3o o complemento perfeito para qualquer ambiente, pois combinam perfeitamente forma e fun\u00e7\u00e3o.<\/p>\n<p>O granito \u00e9 um material muito valorizado pela sua beleza natural e resist\u00eancia. Independentemente da configura\u00e7\u00e3o, nossas bolas de granito continuar\u00e3o com uma apar\u00eancia t\u00e3o linda quanto no dia em que foram instaladas, gra\u00e7as \u00e0 sua caracter\u00edstica de resist\u00eancia \u00e0s intemp\u00e9ries e \u00e0 corros\u00e3o. Quer voc\u00ea esteja procurando a sofistica\u00e7\u00e3o sutil do Chima White, os impressionantes padr\u00f5es do Sapphire Blue ou a eleg\u00e2ncia encantadora do Absolute Black, nossas bolas de granito podem ser personalizadas para combinar com seu gosto est\u00e9tico. Eles v\u00eam em uma ampla sele\u00e7\u00e3o de tons e acabamentos.<\/p>\n","protected":false},"excerpt":{"rendered":"<p>N\u00f3s da Ratani temos grande satisfa\u00e7\u00e3o em criar impressionantes bolas de granito que s\u00e3o um s\u00edmbolo de gra\u00e7a, durabilidade e beleza. Sendo o principal fabricante de bolas de granito na \u00cdndia, temos experi\u00eancia na produ\u00e7\u00e3o de bolas de granito requintadas que ficam \u00f3timas como elementos decorativos para jardins, decora\u00e7\u00e3o de casa e memoriais. Nossas bolas &hellip; <a href=\"https:\/\/www.ratani.in\/pt\/granite-balls\/\" class=\"more-link\">Continue reading<span class=\"screen-reader-text\"> &#8220;Bolas de Granito&#8221;<\/span><\/a><\/p>\n","protected":false},"author":2,"featured_media":2943,"parent":0,"menu_order":0,"comment_status":"closed","ping_status":"closed","template":"page-templates\/graniteheadstone-page.php","meta":{"footnotes":""},"translation":{"provider":"WPGlobus","version":"2.12.2","language":"pt","enabled_languages":["en","es","fr","ru","ar","zh","pt"],"languages":{"en":{"title":true,"content":true,"excerpt":false},"es":{"title":true,"content":true,"excerpt":false},"fr":{"title":true,"content":true,"excerpt":false},"ru":{"title":true,"content":true,"excerpt":false},"ar":{"title":true,"content":true,"excerpt":false},"zh":{"title":true,"content":true,"excerpt":false},"pt":{"title":true,"content":true,"excerpt":false}}},"acf":[],"_links":{"self":[{"href":"https:\/\/www.ratani.in\/pt\/wp-json\/wp\/v2\/pages\/3013"}],"collection":[{"href":"https:\/\/www.ratani.in\/pt\/wp-json\/wp\/v2\/pages"}],"about":[{"href":"https:\/\/www.ratani.in\/pt\/wp-json\/wp\/v2\/types\/page"}],"author":[{"embeddable":true,"href":"https:\/\/www.ratani.in\/pt\/wp-json\/wp\/v2\/users\/2"}],"replies":[{"embeddable":true,"href":"https:\/\/www.ratani.in\/pt\/wp-json\/wp\/v2\/comments?post=3013"}],"version-history":[{"count":15,"href":"https:\/\/www.ratani.in\/pt\/wp-json\/wp\/v2\/pages\/3013\/revisions"}],"predecessor-version":[{"id":3167,"href":"https:\/\/www.ratani.in\/pt\/wp-json\/wp\/v2\/pages\/3013\/revisions\/3167"}],"wp:featuredmedia":[{"embeddable":true,"href":"https:\/\/www.ratani.in\/pt\/wp-json\/wp\/v2\/media\/2943"}],"wp:attachment":[{"href":"https:\/\/www.ratani.in\/pt\/wp-json\/wp\/v2\/media?parent=3013"}],"curies":[{"name":"wp","href":"https:\/\/api.w.org\/{rel}","templated":true}]}}