{"id":3019,"date":"2024-10-13T11:03:37","date_gmt":"2024-10-13T11:03:37","guid":{"rendered":"https:\/\/www.ratani.in\/?page_id=3019"},"modified":"2025-01-07T12:27:35","modified_gmt":"2025-01-07T12:27:35","slug":"granite-vase","status":"publish","type":"page","link":"https:\/\/www.ratani.in\/pt\/granite-vase\/","title":{"rendered":"Vaso de Granito"},"content":{"rendered":"<p>Na Ratani, pensamos que prestar homenagem \u00e0 mem\u00f3ria de um ente querido exige aten\u00e7\u00e3o meticulosa a cada pequeno detalhe. Nossos vasos de granito lindamente trabalhados destinam-se a servir como memoriais encantadores e duradouros que embelezam t\u00famulos, memoriais, jardins, espa\u00e7os comerciais e muitas outras \u00e1reas. Eles s\u00e3o feitos para durar muitos anos. Estamos empenhados em produzir vasos de granito que n\u00e3o apenas combinem perfeitamente com nossas l\u00e1pides e l\u00e1pides de granito, mas tamb\u00e9m embelezem o design geral de qualquer \u00e1rea memorial. Somos um dos principais fabricantes de vasos de granito na \u00cdndia.<br \/>\n<strong>A beleza atemporal dos vasos de granito<\/strong><br \/>\nO granito \u00e9 um material popular para vasos memoriais devido ao seu poder, durabilidade e beleza atemporal. Porque os nossos vasos de granito s\u00e3o feitos para sobreviver \u00e0s condi\u00e7\u00f5es, eles continuam t\u00e3o lindos e perfeitos como no dia em que foram colocados. Com tantas texturas e cores de pedra para escolher, voc\u00ea pode selecionar um vaso que acentue os locais ao redor. Temos sele\u00e7\u00f5es t\u00e3o variadas quanto lindas, que v\u00e3o desde os tons calmos e suaves do Branco at\u00e9 os tons profundos e surpreendentes do Preto.<\/p>\n","protected":false},"excerpt":{"rendered":"<p>Na Ratani, pensamos que prestar homenagem \u00e0 mem\u00f3ria de um ente querido exige aten\u00e7\u00e3o meticulosa a cada pequeno detalhe. Nossos vasos de granito lindamente trabalhados destinam-se a servir como memoriais encantadores e duradouros que embelezam t\u00famulos, memoriais, jardins, espa\u00e7os comerciais e muitas outras \u00e1reas. Eles s\u00e3o feitos para durar muitos anos. Estamos empenhados em produzir &hellip; <a href=\"https:\/\/www.ratani.in\/pt\/granite-vase\/\" class=\"more-link\">Continue reading<span class=\"screen-reader-text\"> &#8220;Vaso de Granito&#8221;<\/span><\/a><\/p>\n","protected":false},"author":2,"featured_media":0,"parent":0,"menu_order":0,"comment_status":"closed","ping_status":"closed","template":"page-templates\/graniteheadstone-page.php","meta":{"footnotes":""},"translation":{"provider":"WPGlobus","version":"2.12.2","language":"pt","enabled_languages":["en","es","fr","ru","ar","zh","pt"],"languages":{"en":{"title":true,"content":true,"excerpt":false},"es":{"title":true,"content":true,"excerpt":false},"fr":{"title":true,"content":true,"excerpt":false},"ru":{"title":true,"content":true,"excerpt":false},"ar":{"title":true,"content":true,"excerpt":false},"zh":{"title":true,"content":true,"excerpt":false},"pt":{"title":true,"content":true,"excerpt":false}}},"acf":[],"_links":{"self":[{"href":"https:\/\/www.ratani.in\/pt\/wp-json\/wp\/v2\/pages\/3019"}],"collection":[{"href":"https:\/\/www.ratani.in\/pt\/wp-json\/wp\/v2\/pages"}],"about":[{"href":"https:\/\/www.ratani.in\/pt\/wp-json\/wp\/v2\/types\/page"}],"author":[{"embeddable":true,"href":"https:\/\/www.ratani.in\/pt\/wp-json\/wp\/v2\/users\/2"}],"replies":[{"embeddable":true,"href":"https:\/\/www.ratani.in\/pt\/wp-json\/wp\/v2\/comments?post=3019"}],"version-history":[{"count":8,"href":"https:\/\/www.ratani.in\/pt\/wp-json\/wp\/v2\/pages\/3019\/revisions"}],"predecessor-version":[{"id":3169,"href":"https:\/\/www.ratani.in\/pt\/wp-json\/wp\/v2\/pages\/3019\/revisions\/3169"}],"wp:attachment":[{"href":"https:\/\/www.ratani.in\/pt\/wp-json\/wp\/v2\/media?parent=3019"}],"curies":[{"name":"wp","href":"https:\/\/api.w.org\/{rel}","templated":true}]}}