{"id":302,"date":"2023-08-16T13:26:27","date_gmt":"2023-08-16T13:26:27","guid":{"rendered":"https:\/\/www.ratani.in\/?page_id=302"},"modified":"2023-09-01T13:01:33","modified_gmt":"2023-09-01T13:01:33","slug":"bala-flower-granite-manufacturer-and-exporter","status":"publish","type":"page","link":"https:\/\/www.ratani.in\/pt\/bala-flower-granite-manufacturer-and-exporter\/","title":{"rendered":"Granito Bala Flower"},"content":{"rendered":"<p>O Granito Bala Flower \u00e9 uma variedade \u00fanica e visualmente atraente de granito que se destaca por seus intrincados padr\u00f5es florais e cores vibrantes. \u00c9 uma pedra natural que oferece um visual distintivo e elegante, com sua pedreira de granito em Gujarat, na \u00cdndia.<\/p>\n<p>O Granito Bala Flower \u00e9 caracterizado por uma cor de fundo predominantemente branca ou bege claro, que serve como tela para padr\u00f5es intrincados semelhantes a flores ou p\u00e9talas. Esses padr\u00f5es florais podem variar em cor, geralmente apresentando tons de rosa, p\u00eassego, cinza ou at\u00e9 mesmo verde. A combina\u00e7\u00e3o dos delicados padr\u00f5es florais em contraste com o fundo claro cria uma apar\u00eancia cativante e chamativa.<\/p>\n<p>A textura do Granito Bala Flower \u00e9 geralmente de m\u00e9dio a grosso, proporcionando uma sensa\u00e7\u00e3o natural e t\u00e1til. Frequentemente, \u00e9 polido na f\u00e1brica de granito em Gujarat para real\u00e7ar seu brilho e suavidade inerentes.<\/p>\n<p>Essa variedade de granito \u00e9 comumente usada em aplica\u00e7\u00f5es de design de interiores, incluindo bancadas, pain\u00e9is de fundo, pisos e revestimentos de parede.<\/p>\n<p>O granito Bala Flower \u00e9 uma pedra natural em Gujarat que apresenta padr\u00f5es florais intrincados e uma paleta de cores suaves, tornando-o uma excelente escolha para adicionar um elemento delicado e charmoso a qualquer projeto de design.<\/p>\n","protected":false},"excerpt":{"rendered":"<p>O Granito Bala Flower \u00e9 uma variedade \u00fanica e visualmente atraente de granito que se destaca por seus intrincados padr\u00f5es florais e cores vibrantes. \u00c9 uma pedra natural que oferece um visual distintivo e elegante, com sua pedreira de granito em Gujarat, na \u00cdndia. O Granito Bala Flower \u00e9 caracterizado por uma cor de fundo &hellip; <a href=\"https:\/\/www.ratani.in\/pt\/bala-flower-granite-manufacturer-and-exporter\/\" class=\"more-link\">Continue reading<span class=\"screen-reader-text\"> &#8220;Granito Bala Flower&#8221;<\/span><\/a><\/p>\n","protected":false},"author":1,"featured_media":307,"parent":0,"menu_order":0,"comment_status":"closed","ping_status":"closed","template":"page-templates\/product.php","meta":{"footnotes":""},"translation":{"provider":"WPGlobus","version":"2.12.2","language":"pt","enabled_languages":["en","es","fr","ru","ar","zh","pt"],"languages":{"en":{"title":true,"content":true,"excerpt":false},"es":{"title":true,"content":true,"excerpt":false},"fr":{"title":true,"content":true,"excerpt":false},"ru":{"title":true,"content":true,"excerpt":false},"ar":{"title":true,"content":true,"excerpt":false},"zh":{"title":true,"content":true,"excerpt":false},"pt":{"title":true,"content":true,"excerpt":false}}},"acf":[],"_links":{"self":[{"href":"https:\/\/www.ratani.in\/pt\/wp-json\/wp\/v2\/pages\/302"}],"collection":[{"href":"https:\/\/www.ratani.in\/pt\/wp-json\/wp\/v2\/pages"}],"about":[{"href":"https:\/\/www.ratani.in\/pt\/wp-json\/wp\/v2\/types\/page"}],"author":[{"embeddable":true,"href":"https:\/\/www.ratani.in\/pt\/wp-json\/wp\/v2\/users\/1"}],"replies":[{"embeddable":true,"href":"https:\/\/www.ratani.in\/pt\/wp-json\/wp\/v2\/comments?post=302"}],"version-history":[{"count":10,"href":"https:\/\/www.ratani.in\/pt\/wp-json\/wp\/v2\/pages\/302\/revisions"}],"predecessor-version":[{"id":2390,"href":"https:\/\/www.ratani.in\/pt\/wp-json\/wp\/v2\/pages\/302\/revisions\/2390"}],"wp:featuredmedia":[{"embeddable":true,"href":"https:\/\/www.ratani.in\/pt\/wp-json\/wp\/v2\/media\/307"}],"wp:attachment":[{"href":"https:\/\/www.ratani.in\/pt\/wp-json\/wp\/v2\/media?parent=302"}],"curies":[{"name":"wp","href":"https:\/\/api.w.org\/{rel}","templated":true}]}}