{"id":3025,"date":"2024-10-13T11:37:42","date_gmt":"2024-10-13T11:37:42","guid":{"rendered":"https:\/\/www.ratani.in\/?page_id=3025"},"modified":"2025-01-07T12:28:05","modified_gmt":"2025-01-07T12:28:05","slug":"granite-pillars","status":"publish","type":"page","link":"https:\/\/www.ratani.in\/pt\/granite-pillars\/","title":{"rendered":"Pilares de Granito"},"content":{"rendered":"<p>Na Ratani, temos imensa alegria em desenvolver s\u00edmbolos atemporais que refletem poder, estilo e heran\u00e7a. Seja um grande projeto arquitet\u00f4nico, um jardim ou um monumento memorial, nossos pilares de granito s\u00e3o feitos para agregar beleza a qualquer \u00e1rea. Sendo um dos principais fabricantes de pilares de granito na \u00cdndia, combinamos a beleza cl\u00e1ssica do granito com o artesanato habilidoso para produzir pilares que durar\u00e3o pelas pr\u00f3ximas gera\u00e7\u00f5es.<br \/>\n<strong>O apelo atemporal dos pilares de granito<\/strong><br \/>\nOs pilares de granito h\u00e1 muito est\u00e3o associados \u00e0 resist\u00eancia e durabilidade. Sua resist\u00eancia \u00e0s intemp\u00e9ries, longevidade e apelo natural os tornam perfeitos para uma variedade de usos, incluindo elementos arquitet\u00f4nicos e memoriais. Pela sua resist\u00eancia e apelo intemporal, os pilares de granito s\u00e3o perfeitos para monumentos comemorativos, que homenageiam personalidades ou eventos de renome. Esses pilares conferem \u00e0s estruturas arquitet\u00f4nicas solidez e beleza est\u00e9tica, combinando perfeitamente com designs antigos e modernos. Oferecemos uma variedade de tonalidades para nossos pilares de granito na Ratani, como os tons ricos do marrom, a eleg\u00e2ncia profunda do preto absoluto e o charme atemporal do granito branco do rio. Cada pilar \u00e9 cuidadosamente constru\u00eddo para real\u00e7ar o apelo natural e os veios do granito, tornando-o uma combina\u00e7\u00e3o \u00fanica e deslumbrante para qualquer ambiente.<\/p>\n","protected":false},"excerpt":{"rendered":"<p>Na Ratani, temos imensa alegria em desenvolver s\u00edmbolos atemporais que refletem poder, estilo e heran\u00e7a. Seja um grande projeto arquitet\u00f4nico, um jardim ou um monumento memorial, nossos pilares de granito s\u00e3o feitos para agregar beleza a qualquer \u00e1rea. Sendo um dos principais fabricantes de pilares de granito na \u00cdndia, combinamos a beleza cl\u00e1ssica do granito &hellip; <a href=\"https:\/\/www.ratani.in\/pt\/granite-pillars\/\" class=\"more-link\">Continue reading<span class=\"screen-reader-text\"> &#8220;Pilares de Granito&#8221;<\/span><\/a><\/p>\n","protected":false},"author":2,"featured_media":0,"parent":0,"menu_order":0,"comment_status":"closed","ping_status":"closed","template":"page-templates\/graniteheadstone-page.php","meta":{"footnotes":""},"translation":{"provider":"WPGlobus","version":"2.12.2","language":"pt","enabled_languages":["en","es","fr","ru","ar","zh","pt"],"languages":{"en":{"title":true,"content":true,"excerpt":false},"es":{"title":true,"content":true,"excerpt":false},"fr":{"title":true,"content":true,"excerpt":false},"ru":{"title":true,"content":true,"excerpt":false},"ar":{"title":true,"content":true,"excerpt":false},"zh":{"title":true,"content":true,"excerpt":false},"pt":{"title":true,"content":true,"excerpt":false}}},"acf":[],"_links":{"self":[{"href":"https:\/\/www.ratani.in\/pt\/wp-json\/wp\/v2\/pages\/3025"}],"collection":[{"href":"https:\/\/www.ratani.in\/pt\/wp-json\/wp\/v2\/pages"}],"about":[{"href":"https:\/\/www.ratani.in\/pt\/wp-json\/wp\/v2\/types\/page"}],"author":[{"embeddable":true,"href":"https:\/\/www.ratani.in\/pt\/wp-json\/wp\/v2\/users\/2"}],"replies":[{"embeddable":true,"href":"https:\/\/www.ratani.in\/pt\/wp-json\/wp\/v2\/comments?post=3025"}],"version-history":[{"count":7,"href":"https:\/\/www.ratani.in\/pt\/wp-json\/wp\/v2\/pages\/3025\/revisions"}],"predecessor-version":[{"id":3171,"href":"https:\/\/www.ratani.in\/pt\/wp-json\/wp\/v2\/pages\/3025\/revisions\/3171"}],"wp:attachment":[{"href":"https:\/\/www.ratani.in\/pt\/wp-json\/wp\/v2\/media?parent=3025"}],"curies":[{"name":"wp","href":"https:\/\/api.w.org\/{rel}","templated":true}]}}