{"id":3032,"date":"2024-10-13T12:29:58","date_gmt":"2024-10-13T12:29:58","guid":{"rendered":"https:\/\/www.ratani.in\/?page_id=3032"},"modified":"2025-05-16T13:09:48","modified_gmt":"2025-05-16T13:09:48","slug":"granite-tombstones","status":"publish","type":"page","link":"https:\/\/www.ratani.in\/pt\/granite-tombstones\/","title":{"rendered":"L\u00e1pides de Granito"},"content":{"rendered":"<p>Na Ratani sabemos muito bem que uma l\u00e1pide \u00e9 um memorial \u00e0 vida e ao legado dos nossos entes queridos, muito mais do que apenas um local para ser enterrado. Somos especializados na cria\u00e7\u00e3o de l\u00e1pides de granito personalizadas que duram a vida toda como sinais duradouros de amor, respeito e devo\u00e7\u00e3o. Somos um dos principais fabricantes de l\u00e1pides de granito na \u00cdndia. A mem\u00f3ria de seus entes queridos ser\u00e1 mantida para as gera\u00e7\u00f5es futuras atrav\u00e9s de cada l\u00e1pide que projetamos, que combina artesanato requintado com durabilidade duradoura.<\/p>\n<p>O granito \u00e9 conhecido pela sua excelente durabilidade e beleza intemporal, tornando-o o material perfeito para l\u00e1pides. Com o Granito, a honra do seu ente querido dura a vida toda porque \u00e9 resistente ao desbotamento, intemp\u00e9ries e eros\u00e3o. Voc\u00ea pode escolher uma l\u00e1pide verdadeiramente \u00fanica em Ratani porque oferecemos uma ampla gama de tons e acabamentos de granito. Nossas alternativas de granito se adaptam a todos os estilos e ambientes, desde tons quentes e convidativos como Imperial Gold e o espetacular Black Galaxy at\u00e9 pretos profundos e solenes como Absolute Black.<\/p>\n","protected":false},"excerpt":{"rendered":"<p>Na Ratani sabemos muito bem que uma l\u00e1pide \u00e9 um memorial \u00e0 vida e ao legado dos nossos entes queridos, muito mais do que apenas um local para ser enterrado. Somos especializados na cria\u00e7\u00e3o de l\u00e1pides de granito personalizadas que duram a vida toda como sinais duradouros de amor, respeito e devo\u00e7\u00e3o. Somos um dos &hellip; <a href=\"https:\/\/www.ratani.in\/pt\/granite-tombstones\/\" class=\"more-link\">Continue reading<span class=\"screen-reader-text\"> &#8220;L\u00e1pides de Granito&#8221;<\/span><\/a><\/p>\n","protected":false},"author":2,"featured_media":0,"parent":0,"menu_order":0,"comment_status":"closed","ping_status":"closed","template":"page-templates\/graniteheadstone-page.php","meta":{"footnotes":""},"translation":{"provider":"WPGlobus","version":"2.12.2","language":"pt","enabled_languages":["en","es","fr","ru","ar","zh","pt"],"languages":{"en":{"title":true,"content":true,"excerpt":false},"es":{"title":true,"content":true,"excerpt":false},"fr":{"title":true,"content":true,"excerpt":false},"ru":{"title":true,"content":true,"excerpt":false},"ar":{"title":true,"content":true,"excerpt":false},"zh":{"title":true,"content":true,"excerpt":false},"pt":{"title":true,"content":true,"excerpt":false}}},"acf":[],"_links":{"self":[{"href":"https:\/\/www.ratani.in\/pt\/wp-json\/wp\/v2\/pages\/3032"}],"collection":[{"href":"https:\/\/www.ratani.in\/pt\/wp-json\/wp\/v2\/pages"}],"about":[{"href":"https:\/\/www.ratani.in\/pt\/wp-json\/wp\/v2\/types\/page"}],"author":[{"embeddable":true,"href":"https:\/\/www.ratani.in\/pt\/wp-json\/wp\/v2\/users\/2"}],"replies":[{"embeddable":true,"href":"https:\/\/www.ratani.in\/pt\/wp-json\/wp\/v2\/comments?post=3032"}],"version-history":[{"count":9,"href":"https:\/\/www.ratani.in\/pt\/wp-json\/wp\/v2\/pages\/3032\/revisions"}],"predecessor-version":[{"id":3177,"href":"https:\/\/www.ratani.in\/pt\/wp-json\/wp\/v2\/pages\/3032\/revisions\/3177"}],"wp:attachment":[{"href":"https:\/\/www.ratani.in\/pt\/wp-json\/wp\/v2\/media?parent=3032"}],"curies":[{"name":"wp","href":"https:\/\/api.w.org\/{rel}","templated":true}]}}