{"id":312,"date":"2023-08-16T13:32:24","date_gmt":"2023-08-16T13:32:24","guid":{"rendered":"https:\/\/www.ratani.in\/?page_id=312"},"modified":"2023-09-01T12:41:37","modified_gmt":"2023-09-01T12:41:37","slug":"chima-white-granite-manufacturer-and-exporter","status":"publish","type":"page","link":"https:\/\/www.ratani.in\/pt\/chima-white-granite-manufacturer-and-exporter\/","title":{"rendered":"Granito Chima branco"},"content":{"rendered":"<p>O Granito Chima branco da \u00cdndia apresenta predominantemente um fundo branco com padr\u00f5es intricados em tons de cinza e preto. O efeito geral \u00e9 um visual cl\u00e1ssico e elegante que pode aprimorar a est\u00e9tica de qualquer espa\u00e7o, j\u00e1 que \u00e9 uma das belas pedras naturais do Rajast\u00e3o.<\/p>\n<p>O Granito Chima branco na \u00cdndia \u00e9 altamente procurado para bancadas, pisos, pain\u00e9is de fundo e outros projetos de design de interiores. Sua cor de base branca permite que ele se misture perfeitamente com uma ampla gama de esquemas de cores e estilos de design. As veias e os padr\u00f5es adicionam interesse visual e profundidade \u00e0 pedra, criando um impacto visual cativante.<\/p>\n<p>Al\u00e9m de seu apelo est\u00e9tico, o Granito Chima branco tamb\u00e9m \u00e9 apreciado por sua durabilidade e resist\u00eancia. \u00c9 um material resiliente que pode suportar o desgaste di\u00e1rio, tornando-o adequado para aplica\u00e7\u00f5es residenciais e comerciais. Al\u00e9m disso, \u00e9 resistente ao calor e a arranh\u00f5es, o que o torna uma escolha pr\u00e1tica para bancadas de cozinha.<\/p>\n","protected":false},"excerpt":{"rendered":"<p>O Granito Chima branco da \u00cdndia apresenta predominantemente um fundo branco com padr\u00f5es intricados em tons de cinza e preto. O efeito geral \u00e9 um visual cl\u00e1ssico e elegante que pode aprimorar a est\u00e9tica de qualquer espa\u00e7o, j\u00e1 que \u00e9 uma das belas pedras naturais do Rajast\u00e3o. O Granito Chima branco na \u00cdndia \u00e9 altamente &hellip; <a href=\"https:\/\/www.ratani.in\/pt\/chima-white-granite-manufacturer-and-exporter\/\" class=\"more-link\">Continue reading<span class=\"screen-reader-text\"> &#8220;Granito Chima branco&#8221;<\/span><\/a><\/p>\n","protected":false},"author":1,"featured_media":320,"parent":0,"menu_order":0,"comment_status":"closed","ping_status":"closed","template":"page-templates\/product.php","meta":{"footnotes":""},"translation":{"provider":"WPGlobus","version":"2.12.2","language":"pt","enabled_languages":["en","es","fr","ru","ar","zh","pt"],"languages":{"en":{"title":true,"content":true,"excerpt":false},"es":{"title":true,"content":true,"excerpt":false},"fr":{"title":true,"content":true,"excerpt":false},"ru":{"title":true,"content":true,"excerpt":false},"ar":{"title":true,"content":true,"excerpt":false},"zh":{"title":true,"content":true,"excerpt":false},"pt":{"title":true,"content":true,"excerpt":false}}},"acf":[],"_links":{"self":[{"href":"https:\/\/www.ratani.in\/pt\/wp-json\/wp\/v2\/pages\/312"}],"collection":[{"href":"https:\/\/www.ratani.in\/pt\/wp-json\/wp\/v2\/pages"}],"about":[{"href":"https:\/\/www.ratani.in\/pt\/wp-json\/wp\/v2\/types\/page"}],"author":[{"embeddable":true,"href":"https:\/\/www.ratani.in\/pt\/wp-json\/wp\/v2\/users\/1"}],"replies":[{"embeddable":true,"href":"https:\/\/www.ratani.in\/pt\/wp-json\/wp\/v2\/comments?post=312"}],"version-history":[{"count":11,"href":"https:\/\/www.ratani.in\/pt\/wp-json\/wp\/v2\/pages\/312\/revisions"}],"predecessor-version":[{"id":2550,"href":"https:\/\/www.ratani.in\/pt\/wp-json\/wp\/v2\/pages\/312\/revisions\/2550"}],"wp:featuredmedia":[{"embeddable":true,"href":"https:\/\/www.ratani.in\/pt\/wp-json\/wp\/v2\/media\/320"}],"wp:attachment":[{"href":"https:\/\/www.ratani.in\/pt\/wp-json\/wp\/v2\/media?parent=312"}],"curies":[{"name":"wp","href":"https:\/\/api.w.org\/{rel}","templated":true}]}}