{"id":322,"date":"2023-08-16T13:34:27","date_gmt":"2023-08-16T13:34:27","guid":{"rendered":"https:\/\/www.ratani.in\/?page_id=322"},"modified":"2023-09-01T12:40:28","modified_gmt":"2023-09-01T12:40:28","slug":"jeerawal-white-granite-manufacturer-and-exporter","status":"publish","type":"page","link":"https:\/\/www.ratani.in\/pt\/jeerawal-white-granite-manufacturer-and-exporter\/","title":{"rendered":"Granito Jeerawal branco"},"content":{"rendered":"<p>O Granito Jeerawal branco \u00e9 um tipo de granito conhecido por sua bela cor branca e padr\u00f5es \u00fanicos. \u00c9 uma pedra natural principalmente proveniente da \u00cdndia.<\/p>\n<p>O Granito Jeerawal branco geralmente apresenta um fundo predominantemente branco com padr\u00f5es e veios intrincados. Os padr\u00f5es podem variar, indo desde sutis e delicados at\u00e9 ousados e pronunciados, adicionando interesse visual \u00e0 pedra. Pode ter tons de cinza, bege ou at\u00e9 mesmo marrom claro misturados ao fundo branco.<\/p>\n<p>A textura do Granito Jeerawal branco geralmente \u00e9 de m\u00e9dia a grossa, proporcionando um apelo t\u00e1til. Frequentemente, ele possui um acabamento polido, que real\u00e7a seu brilho natural e suavidade. Essa variedade de granito \u00e9 altamente vers\u00e1til e encontra aplica\u00e7\u00e3o em v\u00e1rios projetos de design. \u00c9 comumente usado para bancadas de cozinha, banheiros, pisos, revestimentos de parede e outros elementos arquitet\u00f4nicos de interiores e exteriores.<\/p>\n<p>A apar\u00eancia elegante e atemporal do Granito Jeerawal branco o torna adequado tanto para estilos de design modernos quanto tradicionais.<\/p>\n","protected":false},"excerpt":{"rendered":"<p>O Granito Jeerawal branco \u00e9 um tipo de granito conhecido por sua bela cor branca e padr\u00f5es \u00fanicos. \u00c9 uma pedra natural principalmente proveniente da \u00cdndia. O Granito Jeerawal branco geralmente apresenta um fundo predominantemente branco com padr\u00f5es e veios intrincados. Os padr\u00f5es podem variar, indo desde sutis e delicados at\u00e9 ousados e pronunciados, adicionando &hellip; <a href=\"https:\/\/www.ratani.in\/pt\/jeerawal-white-granite-manufacturer-and-exporter\/\" class=\"more-link\">Continue reading<span class=\"screen-reader-text\"> &#8220;Granito Jeerawal branco&#8221;<\/span><\/a><\/p>\n","protected":false},"author":1,"featured_media":323,"parent":0,"menu_order":0,"comment_status":"closed","ping_status":"closed","template":"page-templates\/product.php","meta":{"footnotes":""},"translation":{"provider":"WPGlobus","version":"2.12.2","language":"pt","enabled_languages":["en","es","fr","ru","ar","zh","pt"],"languages":{"en":{"title":true,"content":true,"excerpt":false},"es":{"title":true,"content":true,"excerpt":false},"fr":{"title":true,"content":true,"excerpt":false},"ru":{"title":true,"content":true,"excerpt":false},"ar":{"title":true,"content":true,"excerpt":false},"zh":{"title":true,"content":true,"excerpt":false},"pt":{"title":true,"content":true,"excerpt":false}}},"acf":[],"_links":{"self":[{"href":"https:\/\/www.ratani.in\/pt\/wp-json\/wp\/v2\/pages\/322"}],"collection":[{"href":"https:\/\/www.ratani.in\/pt\/wp-json\/wp\/v2\/pages"}],"about":[{"href":"https:\/\/www.ratani.in\/pt\/wp-json\/wp\/v2\/types\/page"}],"author":[{"embeddable":true,"href":"https:\/\/www.ratani.in\/pt\/wp-json\/wp\/v2\/users\/1"}],"replies":[{"embeddable":true,"href":"https:\/\/www.ratani.in\/pt\/wp-json\/wp\/v2\/comments?post=322"}],"version-history":[{"count":12,"href":"https:\/\/www.ratani.in\/pt\/wp-json\/wp\/v2\/pages\/322\/revisions"}],"predecessor-version":[{"id":2394,"href":"https:\/\/www.ratani.in\/pt\/wp-json\/wp\/v2\/pages\/322\/revisions\/2394"}],"wp:featuredmedia":[{"embeddable":true,"href":"https:\/\/www.ratani.in\/pt\/wp-json\/wp\/v2\/media\/323"}],"wp:attachment":[{"href":"https:\/\/www.ratani.in\/pt\/wp-json\/wp\/v2\/media?parent=322"}],"curies":[{"name":"wp","href":"https:\/\/api.w.org\/{rel}","templated":true}]}}